{"id":9567,"date":"2023-04-14T17:42:38","date_gmt":"2023-04-14T18:42:38","guid":{"rendered":"https:\/\/oragarden.de\/?post_type=product&#038;p=9567"},"modified":"2026-04-30T06:14:21","modified_gmt":"2026-04-30T07:14:21","slug":"ramp-tropfschlauch-won20-1-2-20-m","status":"publish","type":"product","link":"https:\/\/oragarden.de\/en\/product\/ramp-tropfschlauch-won20-1-2-20-m\/","title":{"rendered":"RAMP Tropfschlauch WON20 1\/2 Zoll 20 m"},"content":{"rendered":"Der RAMP Tropfschlauch WON20 hat eine L\u00e4nge von 20 Metern und einen Durchmesser von 1\/2 Zoll. Er ist besonders effektiv bei niedrigem Wasserdruck und leitet das Wasser gleichm\u00e4\u00dfig in Form von kleinen Tropfen \u00fcber seine gesamte L\u00e4nge ab. Dadurch eignet er sich hervorragend f\u00fcr die Bew\u00e4sserung von Pflanzen, die nicht von oben beregnet werden sollen, da das Wasser direkt an die Wurzeln gelangt und so der Wasserverbrauch reduziert wird. Beide Seiten des Schlauchendes sind mit Kupplungen versehen, die den Anschluss an einen Wasserhahn oder einen anderen Schlauch erm\u00f6glichen. Der RAMP Tropfschlauch WON20 wird besonders f\u00fcr niedrigen Wasserdruck empfohlen, da er auch bei geringem Druck eine optimale Bew\u00e4sserungsleistung erbringt.","protected":false},"excerpt":{"rendered":"<p>Der RAMP Tropfschlauch WON20 hat eine L\u00e4nge von 20 Metern und einen Durchmesser von 1\/2 Zoll. Er ist besonders effektiv bei niedrigem Wasserdruck und leitet das Wasser gleichm\u00e4\u00dfig in Form von kleinen Tropfen \u00fcber seine gesamte L\u00e4nge ab. Dadurch eignet er sich hervorragend f\u00fcr die Bew\u00e4sserung von Pflanzen, die nicht von oben beregnet werden sollen, [&hellip;]<\/p>\n","protected":false},"author":3,"featured_media":9566,"comment_status":"open","ping_status":"closed","template":"","meta":{"inline_featured_image":false},"pwb-brand":[3718],"product_cat":[3716],"product_tag":[],"class_list":{"0":"post-9567","1":"product","2":"type-product","3":"status-publish","4":"has-post-thumbnail","6":"pwb-brand-ramp","7":"product_cat-cat-gartenschlauche","9":"first","10":"instock","11":"sale","12":"taxable","13":"shipping-taxable","14":"purchasable","15":"product-type-simple"},"acf":[],"gtin":"5907588554213","brands":[{"id":3718,"name":"Ramp","slug":"ramp"}],"_links":{"self":[{"href":"https:\/\/oragarden.de\/en\/wp-json\/wp\/v2\/product\/9567","targetHints":{"allow":["GET"]}}],"collection":[{"href":"https:\/\/oragarden.de\/en\/wp-json\/wp\/v2\/product"}],"about":[{"href":"https:\/\/oragarden.de\/en\/wp-json\/wp\/v2\/types\/product"}],"author":[{"embeddable":true,"href":"https:\/\/oragarden.de\/en\/wp-json\/wp\/v2\/users\/3"}],"replies":[{"embeddable":true,"href":"https:\/\/oragarden.de\/en\/wp-json\/wp\/v2\/comments?post=9567"}],"wp:featuredmedia":[{"embeddable":true,"href":"https:\/\/oragarden.de\/en\/wp-json\/wp\/v2\/media\/9566"}],"wp:attachment":[{"href":"https:\/\/oragarden.de\/en\/wp-json\/wp\/v2\/media?parent=9567"}],"wp:term":[{"taxonomy":"pwb-brand","embeddable":true,"href":"https:\/\/oragarden.de\/en\/wp-json\/wp\/v2\/pwb-brand?post=9567"},{"taxonomy":"product_cat","embeddable":true,"href":"https:\/\/oragarden.de\/en\/wp-json\/wp\/v2\/product_cat?post=9567"},{"taxonomy":"product_tag","embeddable":true,"href":"https:\/\/oragarden.de\/en\/wp-json\/wp\/v2\/product_tag?post=9567"}],"curies":[{"name":"wp","href":"https:\/\/api.w.org\/{rel}","templated":true}]}}