{"id":9237,"date":"2023-04-10T08:10:45","date_gmt":"2023-04-10T09:10:45","guid":{"rendered":"https:\/\/oragarden.de\/?post_type=product&#038;p=9237"},"modified":"2026-01-14T07:25:06","modified_gmt":"2026-01-14T08:25:06","slug":"falter-naturdunger-flocken-fur-gemuse-und-hochbeet-2-5-kg","status":"publish","type":"product","link":"https:\/\/oragarden.de\/en\/product\/falter-naturdunger-flocken-fur-gemuse-und-hochbeet-2-5-kg\/","title":{"rendered":"Falter Naturd\u00fcnger Flocken f\u00fcr Gem\u00fcse- und Hochbeet 2.5 kg"},"content":{"rendered":"<p class=\"qtranxs-available-languages-message qtranxs-available-languages-message-en\">Sorry, this entry is only available in <a href=\"https:\/\/oragarden.de\/de\/wp-json\/wp\/v2\/product\/9237\" class=\"qtranxs-available-language-link qtranxs-available-language-link-de\" title=\"DE\">DE<\/a>.<\/p>","protected":false},"excerpt":{"rendered":"<p>Sorry, this entry is only available in DE.<\/p>\n","protected":false},"author":29,"featured_media":9239,"comment_status":"open","ping_status":"closed","template":"","meta":{"inline_featured_image":false},"pwb-brand":[3655],"product_cat":[1206,1205,1208,6838,1212,1207,213,1203,1209,1204],"product_tag":[4111,4110,4099,4102,4107,4113,4106],"class_list":{"0":"post-9237","1":"product","2":"type-product","3":"status-publish","4":"has-post-thumbnail","6":"pwb-brand-falter","7":"product_cat-cat-beeren-obstdunger","8":"product_cat-cat-blumendunger","9":"product_cat-cat-gemusedunger","10":"product_cat-cat-hanf-cannabis-dunger","11":"product_cat-cat-heckendunger","12":"product_cat-cat-krauterdunger","13":"product_cat-cat-organische-dunger","14":"product_cat-cat-rasendunger","15":"product_cat-cat-spezialdunger","16":"product_cat-cat-universaldunger","17":"product_tag-bio-langzeitduenger","18":"product_tag-langzeitduenger","19":"product_tag-npk-dunger","20":"product_tag-organischer-npk-dunger","21":"product_tag-phosphordunger","22":"product_tag-rasen-langzeitduenger","23":"product_tag-stickstoffdunger","25":"first","26":"instock","27":"sale","28":"taxable","29":"shipping-taxable","30":"purchasable","31":"product-type-simple"},"acf":[],"gtin":"4313042932502","brands":[{"id":3655,"name":"Falter","slug":"falter"}],"_links":{"self":[{"href":"https:\/\/oragarden.de\/en\/wp-json\/wp\/v2\/product\/9237","targetHints":{"allow":["GET"]}}],"collection":[{"href":"https:\/\/oragarden.de\/en\/wp-json\/wp\/v2\/product"}],"about":[{"href":"https:\/\/oragarden.de\/en\/wp-json\/wp\/v2\/types\/product"}],"author":[{"embeddable":true,"href":"https:\/\/oragarden.de\/en\/wp-json\/wp\/v2\/users\/29"}],"replies":[{"embeddable":true,"href":"https:\/\/oragarden.de\/en\/wp-json\/wp\/v2\/comments?post=9237"}],"wp:featuredmedia":[{"embeddable":true,"href":"https:\/\/oragarden.de\/en\/wp-json\/wp\/v2\/media\/9239"}],"wp:attachment":[{"href":"https:\/\/oragarden.de\/en\/wp-json\/wp\/v2\/media?parent=9237"}],"wp:term":[{"taxonomy":"pwb-brand","embeddable":true,"href":"https:\/\/oragarden.de\/en\/wp-json\/wp\/v2\/pwb-brand?post=9237"},{"taxonomy":"product_cat","embeddable":true,"href":"https:\/\/oragarden.de\/en\/wp-json\/wp\/v2\/product_cat?post=9237"},{"taxonomy":"product_tag","embeddable":true,"href":"https:\/\/oragarden.de\/en\/wp-json\/wp\/v2\/product_tag?post=9237"}],"curies":[{"name":"wp","href":"https:\/\/api.w.org\/{rel}","templated":true}]}}