{"id":9230,"date":"2023-04-10T07:26:44","date_gmt":"2023-04-10T08:26:44","guid":{"rendered":"https:\/\/oragarden.de\/?post_type=product&#038;p=9230"},"modified":"2026-01-14T07:25:06","modified_gmt":"2026-01-14T08:25:06","slug":"farbio-npk-bio-flussigdunger-fur-krauterpflanzen","status":"publish","type":"product","link":"https:\/\/oragarden.de\/en\/product\/farbio-npk-bio-flussigdunger-fur-krauterpflanzen\/","title":{"rendered":"Farbio NPK Bio-Fl\u00fcssigd\u00fcnger f\u00fcr Kr\u00e4uterpflanzen"},"content":{"rendered":"<p class=\"qtranxs-available-languages-message qtranxs-available-languages-message-en\">Sorry, this entry is only available in <a href=\"https:\/\/oragarden.de\/de\/wp-json\/wp\/v2\/product\/9230\" class=\"qtranxs-available-language-link qtranxs-available-language-link-de\" title=\"DE\">DE<\/a>.<\/p>","protected":false},"excerpt":{"rendered":"<p>Sorry, this entry is only available in DE.<\/p>\n","protected":false},"author":29,"featured_media":9232,"comment_status":"open","ping_status":"closed","template":"","meta":{"inline_featured_image":false},"pwb-brand":[3624],"product_cat":[1207,213],"product_tag":[4111,4103,4110,4099,4102,4107,4106],"class_list":{"0":"post-9230","1":"product","2":"type-product","3":"status-publish","4":"has-post-thumbnail","6":"pwb-brand-farbio","7":"product_cat-cat-krauterdunger","8":"product_cat-cat-organische-dunger","9":"product_tag-bio-langzeitduenger","10":"product_tag-flussigdunger","11":"product_tag-langzeitduenger","12":"product_tag-npk-dunger","13":"product_tag-organischer-npk-dunger","14":"product_tag-phosphordunger","15":"product_tag-stickstoffdunger","17":"first","18":"outofstock","19":"sale","20":"taxable","21":"shipping-taxable","22":"purchasable","23":"product-type-simple"},"acf":[],"gtin":"4262363960117","brands":[{"id":3624,"name":"FARBIO","slug":"farbio"}],"_links":{"self":[{"href":"https:\/\/oragarden.de\/en\/wp-json\/wp\/v2\/product\/9230","targetHints":{"allow":["GET"]}}],"collection":[{"href":"https:\/\/oragarden.de\/en\/wp-json\/wp\/v2\/product"}],"about":[{"href":"https:\/\/oragarden.de\/en\/wp-json\/wp\/v2\/types\/product"}],"author":[{"embeddable":true,"href":"https:\/\/oragarden.de\/en\/wp-json\/wp\/v2\/users\/29"}],"replies":[{"embeddable":true,"href":"https:\/\/oragarden.de\/en\/wp-json\/wp\/v2\/comments?post=9230"}],"wp:featuredmedia":[{"embeddable":true,"href":"https:\/\/oragarden.de\/en\/wp-json\/wp\/v2\/media\/9232"}],"wp:attachment":[{"href":"https:\/\/oragarden.de\/en\/wp-json\/wp\/v2\/media?parent=9230"}],"wp:term":[{"taxonomy":"pwb-brand","embeddable":true,"href":"https:\/\/oragarden.de\/en\/wp-json\/wp\/v2\/pwb-brand?post=9230"},{"taxonomy":"product_cat","embeddable":true,"href":"https:\/\/oragarden.de\/en\/wp-json\/wp\/v2\/product_cat?post=9230"},{"taxonomy":"product_tag","embeddable":true,"href":"https:\/\/oragarden.de\/en\/wp-json\/wp\/v2\/product_tag?post=9230"}],"curies":[{"name":"wp","href":"https:\/\/api.w.org\/{rel}","templated":true}]}}