{"id":9228,"date":"2023-04-10T07:05:40","date_gmt":"2023-04-10T08:05:40","guid":{"rendered":"https:\/\/oragarden.de\/?post_type=product&#038;p=9228"},"modified":"2026-01-14T07:25:07","modified_gmt":"2026-01-14T08:25:07","slug":"farbio-npk-bio-flussigdunger-fur-gemusepflanzen","status":"publish","type":"product","link":"https:\/\/oragarden.de\/en\/product\/farbio-npk-bio-flussigdunger-fur-gemusepflanzen\/","title":{"rendered":"Farbio NPK Bio-Fl\u00fcssigd\u00fcnger f\u00fcr Gem\u00fcsepflanzen"},"content":{"rendered":"<p class=\"qtranxs-available-languages-message qtranxs-available-languages-message-en\">Sorry, this entry is only available in <a href=\"https:\/\/oragarden.de\/de\/wp-json\/wp\/v2\/product\/9228\" class=\"qtranxs-available-language-link qtranxs-available-language-link-de\" title=\"DE\">DE<\/a>.<\/p>","protected":false},"excerpt":{"rendered":"<p>Sorry, this entry is only available in DE.<\/p>\n","protected":false},"author":29,"featured_media":9229,"comment_status":"open","ping_status":"closed","template":"","meta":{"inline_featured_image":false},"pwb-brand":[3624],"product_cat":[1208,1207,213],"product_tag":[4111,4103,4110,4099,4102,4107,4106],"class_list":{"0":"post-9228","1":"product","2":"type-product","3":"status-publish","4":"has-post-thumbnail","6":"pwb-brand-farbio","7":"product_cat-cat-gemusedunger","8":"product_cat-cat-krauterdunger","9":"product_cat-cat-organische-dunger","10":"product_tag-bio-langzeitduenger","11":"product_tag-flussigdunger","12":"product_tag-langzeitduenger","13":"product_tag-npk-dunger","14":"product_tag-organischer-npk-dunger","15":"product_tag-phosphordunger","16":"product_tag-stickstoffdunger","18":"first","19":"outofstock","20":"sale","21":"taxable","22":"shipping-taxable","23":"purchasable","24":"product-type-simple"},"acf":[],"gtin":"4262363960056","brands":[{"id":3624,"name":"FARBIO","slug":"farbio"}],"_links":{"self":[{"href":"https:\/\/oragarden.de\/en\/wp-json\/wp\/v2\/product\/9228","targetHints":{"allow":["GET"]}}],"collection":[{"href":"https:\/\/oragarden.de\/en\/wp-json\/wp\/v2\/product"}],"about":[{"href":"https:\/\/oragarden.de\/en\/wp-json\/wp\/v2\/types\/product"}],"author":[{"embeddable":true,"href":"https:\/\/oragarden.de\/en\/wp-json\/wp\/v2\/users\/29"}],"replies":[{"embeddable":true,"href":"https:\/\/oragarden.de\/en\/wp-json\/wp\/v2\/comments?post=9228"}],"wp:featuredmedia":[{"embeddable":true,"href":"https:\/\/oragarden.de\/en\/wp-json\/wp\/v2\/media\/9229"}],"wp:attachment":[{"href":"https:\/\/oragarden.de\/en\/wp-json\/wp\/v2\/media?parent=9228"}],"wp:term":[{"taxonomy":"pwb-brand","embeddable":true,"href":"https:\/\/oragarden.de\/en\/wp-json\/wp\/v2\/pwb-brand?post=9228"},{"taxonomy":"product_cat","embeddable":true,"href":"https:\/\/oragarden.de\/en\/wp-json\/wp\/v2\/product_cat?post=9228"},{"taxonomy":"product_tag","embeddable":true,"href":"https:\/\/oragarden.de\/en\/wp-json\/wp\/v2\/product_tag?post=9228"}],"curies":[{"name":"wp","href":"https:\/\/api.w.org\/{rel}","templated":true}]}}