{"id":8850,"date":"2023-03-23T11:37:19","date_gmt":"2023-03-23T12:37:19","guid":{"rendered":"https:\/\/oragarden.de\/?post_type=product&#038;p=8850"},"modified":"2026-02-22T16:46:52","modified_gmt":"2026-02-22T17:46:52","slug":"kiepenkerl-profi-line-krautersamen-mix-frankfurter-grune-sose","status":"publish","type":"product","link":"https:\/\/oragarden.de\/en\/product\/kiepenkerl-profi-line-krautersamen-mix-frankfurter-grune-sose\/","title":{"rendered":"Kiepenkerl Profi-Line Kr\u00e4utersamen-Mix Frankfurter Gr\u00fcne So\u00dfe"},"content":{"rendered":"<p class=\"qtranxs-available-languages-message qtranxs-available-languages-message-en\">Sorry, this entry is only available in <a href=\"https:\/\/oragarden.de\/de\/wp-json\/wp\/v2\/product\/8850\" class=\"qtranxs-available-language-link qtranxs-available-language-link-de\" title=\"DE\">DE<\/a>.<\/p>","protected":false},"excerpt":{"rendered":"<p>Sorry, this entry is only available in DE.<\/p>\n","protected":false},"author":29,"featured_media":8852,"comment_status":"open","ping_status":"closed","template":"","meta":{"inline_featured_image":false},"pwb-brand":[2614,3273],"product_cat":[3909,3905,3904,3890,4960,3892],"product_tag":[4118],"class_list":{"0":"post-8850","1":"product","2":"type-product","3":"status-publish","4":"has-post-thumbnail","6":"pwb-brand-kiepenkerl","7":"pwb-brand-kiepenkerl-profi-line","8":"product_cat-cat-ampfersamen","9":"product_cat-cat-borretschsamen","10":"product_cat-cat-kerbelsamen","11":"product_cat-cat-kressesamen","12":"product_cat-cat-petersiliensamen","13":"product_cat-cat-schnittlauchsamen","14":"product_tag-kiepenkerl-samen","16":"first","17":"outofstock","18":"sale","19":"taxable","20":"shipping-taxable","21":"purchasable","22":"product-type-simple"},"acf":[],"gtin":"4000159031883","brands":[{"id":2614,"name":"Kiepenkerl","slug":"kiepenkerl"},{"id":3273,"name":"Kiepenkerl Profi-Line","slug":"kiepenkerl-profi-line"}],"_links":{"self":[{"href":"https:\/\/oragarden.de\/en\/wp-json\/wp\/v2\/product\/8850","targetHints":{"allow":["GET"]}}],"collection":[{"href":"https:\/\/oragarden.de\/en\/wp-json\/wp\/v2\/product"}],"about":[{"href":"https:\/\/oragarden.de\/en\/wp-json\/wp\/v2\/types\/product"}],"author":[{"embeddable":true,"href":"https:\/\/oragarden.de\/en\/wp-json\/wp\/v2\/users\/29"}],"replies":[{"embeddable":true,"href":"https:\/\/oragarden.de\/en\/wp-json\/wp\/v2\/comments?post=8850"}],"wp:featuredmedia":[{"embeddable":true,"href":"https:\/\/oragarden.de\/en\/wp-json\/wp\/v2\/media\/8852"}],"wp:attachment":[{"href":"https:\/\/oragarden.de\/en\/wp-json\/wp\/v2\/media?parent=8850"}],"wp:term":[{"taxonomy":"pwb-brand","embeddable":true,"href":"https:\/\/oragarden.de\/en\/wp-json\/wp\/v2\/pwb-brand?post=8850"},{"taxonomy":"product_cat","embeddable":true,"href":"https:\/\/oragarden.de\/en\/wp-json\/wp\/v2\/product_cat?post=8850"},{"taxonomy":"product_tag","embeddable":true,"href":"https:\/\/oragarden.de\/en\/wp-json\/wp\/v2\/product_tag?post=8850"}],"curies":[{"name":"wp","href":"https:\/\/api.w.org\/{rel}","templated":true}]}}