{"id":5226,"date":"2022-12-30T17:50:14","date_gmt":"2022-12-30T18:50:14","guid":{"rendered":"https:\/\/oragarden.de\/?post_type=product&#038;p=5226"},"modified":"2026-01-14T07:28:22","modified_gmt":"2026-01-14T08:28:22","slug":"garten-lux-pflanzgefase-set-3-topfe-o-16-cm-h-19-cm-violett-blahton-2-5-liter","status":"publish","type":"product","link":"https:\/\/oragarden.de\/en\/product\/garten-lux-pflanzgefase-set-3-topfe-o-16-cm-h-19-cm-violett-blahton-2-5-liter\/","title":{"rendered":"Garten Lux Pflanzgef\u00e4\u00dfe Set (3 T\u00f6pfe \u00d8 16 cm, H 19 cm Violett + Bl\u00e4hton 2.5 Liter)"},"content":{"rendered":"<p class=\"qtranxs-available-languages-message qtranxs-available-languages-message-en\">Sorry, this entry is only available in <a href=\"https:\/\/oragarden.de\/de\/wp-json\/wp\/v2\/product\/5226\" class=\"qtranxs-available-language-link qtranxs-available-language-link-de\" title=\"DE\">DE<\/a>.<\/p>","protected":false},"excerpt":{"rendered":"<p>Sorry, this entry is only available in DE.<\/p>\n","protected":false},"author":17,"featured_media":5227,"comment_status":"open","ping_status":"closed","template":"","meta":{"inline_featured_image":false},"pwb-brand":[2312],"product_cat":[6267,2164],"product_tag":[6752,6852],"class_list":{"0":"post-5226","1":"product","2":"type-product","3":"status-publish","4":"has-post-thumbnail","6":"pwb-brand-garten-lux","7":"product_cat-cat-orchideentopfe","8":"product_cat-cat-pflanzgefase-ubertopfe","9":"product_tag-lila-blumentopfe-ubertopfe","10":"product_tag-uebertoepfe-fuer-orchideen","12":"first","13":"outofstock","14":"sale","15":"taxable","16":"shipping-taxable","17":"purchasable","18":"product-type-simple"},"acf":[],"gtin":"4262391382585","brands":[{"id":2312,"name":"Garten Lux","slug":"garten-lux"}],"_links":{"self":[{"href":"https:\/\/oragarden.de\/en\/wp-json\/wp\/v2\/product\/5226","targetHints":{"allow":["GET"]}}],"collection":[{"href":"https:\/\/oragarden.de\/en\/wp-json\/wp\/v2\/product"}],"about":[{"href":"https:\/\/oragarden.de\/en\/wp-json\/wp\/v2\/types\/product"}],"author":[{"embeddable":true,"href":"https:\/\/oragarden.de\/en\/wp-json\/wp\/v2\/users\/17"}],"replies":[{"embeddable":true,"href":"https:\/\/oragarden.de\/en\/wp-json\/wp\/v2\/comments?post=5226"}],"wp:featuredmedia":[{"embeddable":true,"href":"https:\/\/oragarden.de\/en\/wp-json\/wp\/v2\/media\/5227"}],"wp:attachment":[{"href":"https:\/\/oragarden.de\/en\/wp-json\/wp\/v2\/media?parent=5226"}],"wp:term":[{"taxonomy":"pwb-brand","embeddable":true,"href":"https:\/\/oragarden.de\/en\/wp-json\/wp\/v2\/pwb-brand?post=5226"},{"taxonomy":"product_cat","embeddable":true,"href":"https:\/\/oragarden.de\/en\/wp-json\/wp\/v2\/product_cat?post=5226"},{"taxonomy":"product_tag","embeddable":true,"href":"https:\/\/oragarden.de\/en\/wp-json\/wp\/v2\/product_tag?post=5226"}],"curies":[{"name":"wp","href":"https:\/\/api.w.org\/{rel}","templated":true}]}}