{"id":4560,"date":"2022-12-26T13:12:09","date_gmt":"2022-12-26T14:12:09","guid":{"rendered":"https:\/\/oragarden.de\/?post_type=product&#038;p=4560"},"modified":"2026-03-16T21:02:11","modified_gmt":"2026-03-16T22:02:11","slug":"santino-arte-pflanztopfe-4er-set-o-16-5-cm-h-15-cm-weis-schwarz","status":"publish","type":"product","link":"https:\/\/oragarden.de\/en\/product\/santino-arte-pflanztopfe-4er-set-o-16-5-cm-h-15-cm-weis-schwarz\/","title":{"rendered":"Santino Arte Pflanzt\u00f6pfe 4er-Set \u00d8 16.5 cm, H 15 cm Wei\u00df\/Schwarz"},"content":{"rendered":"<p class=\"qtranxs-available-languages-message qtranxs-available-languages-message-en\">Sorry, this entry is only available in <a href=\"https:\/\/oragarden.de\/de\/wp-json\/wp\/v2\/product\/4560\" class=\"qtranxs-available-language-link qtranxs-available-language-link-de\" title=\"DE\">DE<\/a>.<\/p>","protected":false},"excerpt":{"rendered":"<p>Sorry, this entry is only available in DE.<\/p>\n","protected":false},"author":17,"featured_media":4557,"comment_status":"open","ping_status":"closed","template":"","meta":{"inline_featured_image":false},"pwb-brand":[2166],"product_cat":[2165],"product_tag":[6745,6746,6710],"class_list":{"0":"post-4560","1":"product","2":"type-product","3":"status-publish","4":"has-post-thumbnail","6":"pwb-brand-santino","7":"product_cat-cat-selbstbewasserungstopfe","8":"product_tag-blumentopfe-ubertopfe-in-schwarz","9":"product_tag-blumentopfe-weis","10":"product_tag-santino-blumentopfe","12":"first","13":"instock","14":"taxable","15":"shipping-taxable","16":"purchasable","17":"product-type-simple"},"acf":[],"gtin":"4262391382936","brands":[{"id":2166,"name":"Santino","slug":"santino"}],"_links":{"self":[{"href":"https:\/\/oragarden.de\/en\/wp-json\/wp\/v2\/product\/4560","targetHints":{"allow":["GET"]}}],"collection":[{"href":"https:\/\/oragarden.de\/en\/wp-json\/wp\/v2\/product"}],"about":[{"href":"https:\/\/oragarden.de\/en\/wp-json\/wp\/v2\/types\/product"}],"author":[{"embeddable":true,"href":"https:\/\/oragarden.de\/en\/wp-json\/wp\/v2\/users\/17"}],"replies":[{"embeddable":true,"href":"https:\/\/oragarden.de\/en\/wp-json\/wp\/v2\/comments?post=4560"}],"wp:featuredmedia":[{"embeddable":true,"href":"https:\/\/oragarden.de\/en\/wp-json\/wp\/v2\/media\/4557"}],"wp:attachment":[{"href":"https:\/\/oragarden.de\/en\/wp-json\/wp\/v2\/media?parent=4560"}],"wp:term":[{"taxonomy":"pwb-brand","embeddable":true,"href":"https:\/\/oragarden.de\/en\/wp-json\/wp\/v2\/pwb-brand?post=4560"},{"taxonomy":"product_cat","embeddable":true,"href":"https:\/\/oragarden.de\/en\/wp-json\/wp\/v2\/product_cat?post=4560"},{"taxonomy":"product_tag","embeddable":true,"href":"https:\/\/oragarden.de\/en\/wp-json\/wp\/v2\/product_tag?post=4560"}],"curies":[{"name":"wp","href":"https:\/\/api.w.org\/{rel}","templated":true}]}}