{"id":4362,"date":"2022-12-23T08:34:36","date_gmt":"2022-12-23T09:34:36","guid":{"rendered":"https:\/\/oragarden.de\/?post_type=product&#038;p=4362"},"modified":"2026-01-14T07:29:15","modified_gmt":"2026-01-14T08:29:15","slug":"santino-arte-pflanztopfe-4er-set-o-16-5-cm-h-15-cm-weis-violett","status":"publish","type":"product","link":"https:\/\/oragarden.de\/en\/product\/santino-arte-pflanztopfe-4er-set-o-16-5-cm-h-15-cm-weis-violett\/","title":{"rendered":"Santino Arte Pflanzt\u00f6pfe 4er-Set \u00d8 16.5 cm, H 15 cm Wei\u00df\/Violett"},"content":{"rendered":"<p class=\"qtranxs-available-languages-message qtranxs-available-languages-message-en\">Sorry, this entry is only available in <a href=\"https:\/\/oragarden.de\/de\/wp-json\/wp\/v2\/product\/4362\" class=\"qtranxs-available-language-link qtranxs-available-language-link-de\" title=\"DE\">DE<\/a>.<\/p>","protected":false},"excerpt":{"rendered":"<p>Sorry, this entry is only available in DE.<\/p>\n","protected":false},"author":17,"featured_media":4382,"comment_status":"open","ping_status":"closed","template":"","meta":{"inline_featured_image":false},"pwb-brand":[2166],"product_cat":[2165],"product_tag":[6746,6752,6710],"class_list":{"0":"post-4362","1":"product","2":"type-product","3":"status-publish","4":"has-post-thumbnail","6":"pwb-brand-santino","7":"product_cat-cat-selbstbewasserungstopfe","8":"product_tag-blumentopfe-weis","9":"product_tag-lila-blumentopfe-ubertopfe","10":"product_tag-santino-blumentopfe","12":"first","13":"instock","14":"sale","15":"taxable","16":"shipping-taxable","17":"purchasable","18":"product-type-simple"},"acf":[],"gtin":"4262391382691","brands":[{"id":2166,"name":"Santino","slug":"santino"}],"_links":{"self":[{"href":"https:\/\/oragarden.de\/en\/wp-json\/wp\/v2\/product\/4362","targetHints":{"allow":["GET"]}}],"collection":[{"href":"https:\/\/oragarden.de\/en\/wp-json\/wp\/v2\/product"}],"about":[{"href":"https:\/\/oragarden.de\/en\/wp-json\/wp\/v2\/types\/product"}],"author":[{"embeddable":true,"href":"https:\/\/oragarden.de\/en\/wp-json\/wp\/v2\/users\/17"}],"replies":[{"embeddable":true,"href":"https:\/\/oragarden.de\/en\/wp-json\/wp\/v2\/comments?post=4362"}],"wp:featuredmedia":[{"embeddable":true,"href":"https:\/\/oragarden.de\/en\/wp-json\/wp\/v2\/media\/4382"}],"wp:attachment":[{"href":"https:\/\/oragarden.de\/en\/wp-json\/wp\/v2\/media?parent=4362"}],"wp:term":[{"taxonomy":"pwb-brand","embeddable":true,"href":"https:\/\/oragarden.de\/en\/wp-json\/wp\/v2\/pwb-brand?post=4362"},{"taxonomy":"product_cat","embeddable":true,"href":"https:\/\/oragarden.de\/en\/wp-json\/wp\/v2\/product_cat?post=4362"},{"taxonomy":"product_tag","embeddable":true,"href":"https:\/\/oragarden.de\/en\/wp-json\/wp\/v2\/product_tag?post=4362"}],"curies":[{"name":"wp","href":"https:\/\/api.w.org\/{rel}","templated":true}]}}