{"id":36319,"date":"2024-06-26T20:23:22","date_gmt":"2024-06-26T21:23:22","guid":{"rendered":"https:\/\/oragarden.de\/?post_type=product&#038;p=36319"},"modified":"2026-04-03T21:16:28","modified_gmt":"2026-04-03T22:16:28","slug":"oragarden-wurzelwunder-flussiger-wurzeldunger-fur-hanfpflanzen-250-ml","status":"publish","type":"product","link":"https:\/\/oragarden.de\/en\/product\/oragarden-wurzelwunder-flussiger-wurzeldunger-fur-hanfpflanzen-250-ml\/","title":{"rendered":"OraGarden Wurzelwunder \u2013 Fl\u00fcssiger Wurzeld\u00fcnger Konzentrat f\u00fcr Hanfpflanzen 250 ml"},"content":{"rendered":"<p class=\"qtranxs-available-languages-message qtranxs-available-languages-message-en\">Sorry, this entry is only available in <a href=\"https:\/\/oragarden.de\/de\/wp-json\/wp\/v2\/product\/36319\" class=\"qtranxs-available-language-link qtranxs-available-language-link-de\" title=\"DE\">DE<\/a>.<\/p>","protected":false},"excerpt":{"rendered":"<p>Sorry, this entry is only available in DE.<\/p>\n","protected":false},"author":3,"featured_media":36320,"comment_status":"open","ping_status":"closed","template":"","meta":{"inline_featured_image":false},"pwb-brand":[34],"product_cat":[1215,6838,213,1210,1209,1213],"product_tag":[4103],"class_list":{"0":"post-36319","1":"product","2":"type-product","3":"status-publish","4":"has-post-thumbnail","6":"pwb-brand-oragarden","7":"product_cat-cat-balkon-und-kubelpflanzendunger","8":"product_cat-cat-hanf-cannabis-dunger","9":"product_cat-cat-organische-dunger","10":"product_cat-cat-pflanzendunger","11":"product_cat-cat-spezialdunger","12":"product_cat-cat-zimmerpflanzendunger","13":"product_tag-flussigdunger","15":"first","16":"instock","17":"sale","18":"taxable","19":"shipping-taxable","20":"purchasable","21":"product-type-simple"},"acf":[],"gtin":"4262391387948","brands":[{"id":34,"name":"Oragarden","slug":"oragarden"}],"_links":{"self":[{"href":"https:\/\/oragarden.de\/en\/wp-json\/wp\/v2\/product\/36319","targetHints":{"allow":["GET"]}}],"collection":[{"href":"https:\/\/oragarden.de\/en\/wp-json\/wp\/v2\/product"}],"about":[{"href":"https:\/\/oragarden.de\/en\/wp-json\/wp\/v2\/types\/product"}],"author":[{"embeddable":true,"href":"https:\/\/oragarden.de\/en\/wp-json\/wp\/v2\/users\/3"}],"replies":[{"embeddable":true,"href":"https:\/\/oragarden.de\/en\/wp-json\/wp\/v2\/comments?post=36319"}],"wp:featuredmedia":[{"embeddable":true,"href":"https:\/\/oragarden.de\/en\/wp-json\/wp\/v2\/media\/36320"}],"wp:attachment":[{"href":"https:\/\/oragarden.de\/en\/wp-json\/wp\/v2\/media?parent=36319"}],"wp:term":[{"taxonomy":"pwb-brand","embeddable":true,"href":"https:\/\/oragarden.de\/en\/wp-json\/wp\/v2\/pwb-brand?post=36319"},{"taxonomy":"product_cat","embeddable":true,"href":"https:\/\/oragarden.de\/en\/wp-json\/wp\/v2\/product_cat?post=36319"},{"taxonomy":"product_tag","embeddable":true,"href":"https:\/\/oragarden.de\/en\/wp-json\/wp\/v2\/product_tag?post=36319"}],"curies":[{"name":"wp","href":"https:\/\/api.w.org\/{rel}","templated":true}]}}