{"id":35895,"date":"2024-05-28T16:31:07","date_gmt":"2024-05-28T17:31:07","guid":{"rendered":"https:\/\/oragarden.de\/?post_type=product&#038;p=35895"},"modified":"2025-10-24T13:29:44","modified_gmt":"2025-10-24T14:29:44","slug":"kolibri-home-keramik-lush-topf-o12-cm","status":"publish","type":"product","link":"https:\/\/oragarden.de\/en\/product\/kolibri-home-keramik-lush-topf-o12-cm\/","title":{"rendered":"Kolibri Home Keramik Lush-Topf &#8211; \u00d812 cm"},"content":{"rendered":"Wenn Sie ein schickes Aussehen lieben, dann ist dieser \u00fcppige Topf genau das Richtige f\u00fcr Sie! Dieser sch\u00f6ne dekorative Keramiktopf hat einen goldenen und wei\u00dfen Glanz, der ihn sofort zum Blickfang macht. Mit einer Topfgr\u00f6\u00dfe von 9 ist er perfekt f\u00fcr Ihre Lieblingspflanzen oder Blumen. Der Lush Pot bringt Stil in jeden Raum. Schaffen Sie eine tolle Atmosph\u00e4re in Ihrem Zuhause mit dem Lush Pot!","protected":false},"excerpt":{"rendered":"<p>Wenn Sie ein schickes Aussehen lieben, dann ist dieser \u00fcppige Topf genau das Richtige f\u00fcr Sie! Dieser sch\u00f6ne dekorative Keramiktopf hat einen goldenen und wei\u00dfen Glanz, der ihn sofort zum Blickfang macht. Mit einer Topfgr\u00f6\u00dfe von 9 ist er perfekt f\u00fcr Ihre Lieblingspflanzen oder Blumen. Der Lush Pot bringt Stil in jeden Raum. Schaffen Sie [&hellip;]<\/p>\n","protected":false},"author":1,"featured_media":35896,"comment_status":"open","ping_status":"closed","template":"","meta":{"inline_featured_image":false},"pwb-brand":[5097],"product_cat":[6267,2164],"product_tag":[6746,6767,6852],"class_list":{"0":"post-35895","1":"product","2":"type-product","3":"status-publish","4":"has-post-thumbnail","6":"pwb-brand-kolibri","7":"product_cat-cat-orchideentopfe","8":"product_cat-cat-pflanzgefase-ubertopfe","9":"product_tag-blumentopfe-weis","10":"product_tag-cat-keramik-blumentopfe","11":"product_tag-uebertoepfe-fuer-orchideen","13":"first","14":"outofstock","15":"sale","16":"taxable","17":"shipping-taxable","18":"purchasable","19":"product-type-simple"},"acf":[],"gtin":"8785279221319","brands":[{"id":5097,"name":"Kolibri","slug":"kolibri"}],"_links":{"self":[{"href":"https:\/\/oragarden.de\/en\/wp-json\/wp\/v2\/product\/35895","targetHints":{"allow":["GET"]}}],"collection":[{"href":"https:\/\/oragarden.de\/en\/wp-json\/wp\/v2\/product"}],"about":[{"href":"https:\/\/oragarden.de\/en\/wp-json\/wp\/v2\/types\/product"}],"author":[{"embeddable":true,"href":"https:\/\/oragarden.de\/en\/wp-json\/wp\/v2\/users\/1"}],"replies":[{"embeddable":true,"href":"https:\/\/oragarden.de\/en\/wp-json\/wp\/v2\/comments?post=35895"}],"wp:featuredmedia":[{"embeddable":true,"href":"https:\/\/oragarden.de\/en\/wp-json\/wp\/v2\/media\/35896"}],"wp:attachment":[{"href":"https:\/\/oragarden.de\/en\/wp-json\/wp\/v2\/media?parent=35895"}],"wp:term":[{"taxonomy":"pwb-brand","embeddable":true,"href":"https:\/\/oragarden.de\/en\/wp-json\/wp\/v2\/pwb-brand?post=35895"},{"taxonomy":"product_cat","embeddable":true,"href":"https:\/\/oragarden.de\/en\/wp-json\/wp\/v2\/product_cat?post=35895"},{"taxonomy":"product_tag","embeddable":true,"href":"https:\/\/oragarden.de\/en\/wp-json\/wp\/v2\/product_tag?post=35895"}],"curies":[{"name":"wp","href":"https:\/\/api.w.org\/{rel}","templated":true}]}}