{"id":35881,"date":"2024-05-28T10:33:30","date_gmt":"2024-05-28T11:33:30","guid":{"rendered":"https:\/\/oragarden.de\/?post_type=product&#038;p=35881"},"modified":"2025-10-24T13:29:42","modified_gmt":"2025-10-24T14:29:42","slug":"kolibri-home-berry-pot-o9cm","status":"publish","type":"product","link":"https:\/\/oragarden.de\/en\/product\/kolibri-home-berry-pot-o9cm\/","title":{"rendered":"Kolibri Home Keramik Beerentopf &#8211; \u00d89 cm"},"content":{"rendered":"Bringen Sie etwas Farbe in Ihr Interieur mit unserem sch\u00f6nen roten Keramiktopf mit Beeren. Dieser Topf eignet sich perfekt f\u00fcr Ihre Lieblingspflanze und verleiht jedem Raum einen frischen Look. Der Keramiktopf sorgt daf\u00fcr, dass die Pflanze voll zur Geltung kommt. Holen Sie sich jetzt die Natur in Ihr Zuhause und lassen Sie Ihr Interieur erstrahlen.","protected":false},"excerpt":{"rendered":"<p>Bringen Sie etwas Farbe in Ihr Interieur mit unserem sch\u00f6nen roten Keramiktopf mit Beeren. Dieser Topf eignet sich perfekt f\u00fcr Ihre Lieblingspflanze und verleiht jedem Raum einen frischen Look. Der Keramiktopf sorgt daf\u00fcr, dass die Pflanze voll zur Geltung kommt. Holen Sie sich jetzt die Natur in Ihr Zuhause und lassen Sie Ihr Interieur erstrahlen.<\/p>\n","protected":false},"author":1,"featured_media":35882,"comment_status":"open","ping_status":"closed","template":"","meta":{"inline_featured_image":false},"pwb-brand":[5097],"product_cat":[6267,2164],"product_tag":[6767,6753,6852],"class_list":{"0":"post-35881","1":"product","2":"type-product","3":"status-publish","4":"has-post-thumbnail","6":"pwb-brand-kolibri","7":"product_cat-cat-orchideentopfe","8":"product_cat-cat-pflanzgefase-ubertopfe","9":"product_tag-cat-keramik-blumentopfe","10":"product_tag-rote-blumentopfe-ubertopfe","11":"product_tag-uebertoepfe-fuer-orchideen","13":"first","14":"outofstock","15":"sale","16":"taxable","17":"shipping-taxable","18":"purchasable","19":"product-type-simple"},"acf":[],"gtin":"8785279220664","brands":[{"id":5097,"name":"Kolibri","slug":"kolibri"}],"_links":{"self":[{"href":"https:\/\/oragarden.de\/en\/wp-json\/wp\/v2\/product\/35881","targetHints":{"allow":["GET"]}}],"collection":[{"href":"https:\/\/oragarden.de\/en\/wp-json\/wp\/v2\/product"}],"about":[{"href":"https:\/\/oragarden.de\/en\/wp-json\/wp\/v2\/types\/product"}],"author":[{"embeddable":true,"href":"https:\/\/oragarden.de\/en\/wp-json\/wp\/v2\/users\/1"}],"replies":[{"embeddable":true,"href":"https:\/\/oragarden.de\/en\/wp-json\/wp\/v2\/comments?post=35881"}],"wp:featuredmedia":[{"embeddable":true,"href":"https:\/\/oragarden.de\/en\/wp-json\/wp\/v2\/media\/35882"}],"wp:attachment":[{"href":"https:\/\/oragarden.de\/en\/wp-json\/wp\/v2\/media?parent=35881"}],"wp:term":[{"taxonomy":"pwb-brand","embeddable":true,"href":"https:\/\/oragarden.de\/en\/wp-json\/wp\/v2\/pwb-brand?post=35881"},{"taxonomy":"product_cat","embeddable":true,"href":"https:\/\/oragarden.de\/en\/wp-json\/wp\/v2\/product_cat?post=35881"},{"taxonomy":"product_tag","embeddable":true,"href":"https:\/\/oragarden.de\/en\/wp-json\/wp\/v2\/product_tag?post=35881"}],"curies":[{"name":"wp","href":"https:\/\/api.w.org\/{rel}","templated":true}]}}