{"id":35872,"date":"2024-05-28T10:01:35","date_gmt":"2024-05-28T11:01:35","guid":{"rendered":"https:\/\/oragarden.de\/?post_type=product&#038;p=35872"},"modified":"2025-10-24T13:29:42","modified_gmt":"2025-10-24T14:29:42","slug":"kolibri-home-rollender-weiser-blumentopf-weiser-keramik-ziertopf-o6cm","status":"publish","type":"product","link":"https:\/\/oragarden.de\/en\/product\/kolibri-home-rollender-weiser-blumentopf-weiser-keramik-ziertopf-o6cm\/","title":{"rendered":"Kolibri Home Wei\u00dfer Keramik-Ziertopf &#8211; \u00d86 cm"},"content":{"rendered":"Aufgepasst! Dieser Topf wird an Ihnen vorbeiziehen, bevor Sie es merken. Der fr\u00f6hliche Dekotopf Rolling ist in den Farben Pfirsich, Rosa und Wei\u00df in den Topfgr\u00f6\u00dfen 6 und 9 Zentimeter erh\u00e4ltlich. Dank seiner verspielten Form mit drei abgerundeten F\u00fc\u00dfen passt dieser Dekotopf gut zu farbenfrohen und verspielten Interieurs. Der Topf hat eine leicht matte Oberfl\u00e4che. So k\u00f6nnen Sie Ihre eigene &#8220;Instagrammable&#8221; mit Ihren Lieblingspflanzen in Topfkombinationen erstellen.\r\n\r\n<strong>Verpackung und Lieferung<\/strong>\r\nUnsere Pflanzen und T\u00f6pfe werden direkt von unserer G\u00e4rtnerei zu Ihnen geschickt. Sie werden in einem speziell entwickelten Versandkarton verpackt, der sicherstellt, dass Pflanzen und T\u00f6pfe beim Versand nicht besch\u00e4digt werden.","protected":false},"excerpt":{"rendered":"<p>Aufgepasst! Dieser Topf wird an Ihnen vorbeiziehen, bevor Sie es merken. Der fr\u00f6hliche Dekotopf Rolling ist in den Farben Pfirsich, Rosa und Wei\u00df in den Topfgr\u00f6\u00dfen 6 und 9 Zentimeter erh\u00e4ltlich. Dank seiner verspielten Form mit drei abgerundeten F\u00fc\u00dfen passt dieser Dekotopf gut zu farbenfrohen und verspielten Interieurs. Der Topf hat eine leicht matte Oberfl\u00e4che. [&hellip;]<\/p>\n","protected":false},"author":1,"featured_media":35873,"comment_status":"open","ping_status":"closed","template":"","meta":{"inline_featured_image":false},"pwb-brand":[5097],"product_cat":[6267,2164],"product_tag":[6746,6767,6852],"class_list":{"0":"post-35872","1":"product","2":"type-product","3":"status-publish","4":"has-post-thumbnail","6":"pwb-brand-kolibri","7":"product_cat-cat-orchideentopfe","8":"product_cat-cat-pflanzgefase-ubertopfe","9":"product_tag-blumentopfe-weis","10":"product_tag-cat-keramik-blumentopfe","11":"product_tag-uebertoepfe-fuer-orchideen","13":"first","14":"outofstock","15":"sale","16":"taxable","17":"shipping-taxable","18":"purchasable","19":"product-type-simple"},"acf":[],"gtin":"8785279218982","brands":[{"id":5097,"name":"Kolibri","slug":"kolibri"}],"_links":{"self":[{"href":"https:\/\/oragarden.de\/en\/wp-json\/wp\/v2\/product\/35872","targetHints":{"allow":["GET"]}}],"collection":[{"href":"https:\/\/oragarden.de\/en\/wp-json\/wp\/v2\/product"}],"about":[{"href":"https:\/\/oragarden.de\/en\/wp-json\/wp\/v2\/types\/product"}],"author":[{"embeddable":true,"href":"https:\/\/oragarden.de\/en\/wp-json\/wp\/v2\/users\/1"}],"replies":[{"embeddable":true,"href":"https:\/\/oragarden.de\/en\/wp-json\/wp\/v2\/comments?post=35872"}],"wp:featuredmedia":[{"embeddable":true,"href":"https:\/\/oragarden.de\/en\/wp-json\/wp\/v2\/media\/35873"}],"wp:attachment":[{"href":"https:\/\/oragarden.de\/en\/wp-json\/wp\/v2\/media?parent=35872"}],"wp:term":[{"taxonomy":"pwb-brand","embeddable":true,"href":"https:\/\/oragarden.de\/en\/wp-json\/wp\/v2\/pwb-brand?post=35872"},{"taxonomy":"product_cat","embeddable":true,"href":"https:\/\/oragarden.de\/en\/wp-json\/wp\/v2\/product_cat?post=35872"},{"taxonomy":"product_tag","embeddable":true,"href":"https:\/\/oragarden.de\/en\/wp-json\/wp\/v2\/product_tag?post=35872"}],"curies":[{"name":"wp","href":"https:\/\/api.w.org\/{rel}","templated":true}]}}