{"id":35860,"date":"2024-05-28T10:01:35","date_gmt":"2024-05-28T11:01:35","guid":{"rendered":"https:\/\/oragarden.de\/?post_type=product&#038;p=35860"},"modified":"2025-10-24T13:29:41","modified_gmt":"2025-10-24T14:29:41","slug":"kolibri-home-luxurioser-silberner-keramiktopf-o12-cm","status":"publish","type":"product","link":"https:\/\/oragarden.de\/en\/product\/kolibri-home-luxurioser-silberner-keramiktopf-o12-cm\/","title":{"rendered":"Kolibri Home Luxuri\u00f6ser Silberner Keramiktopf &#8211; \u00d812 cm"},"content":{"rendered":"Werde glamour\u00f6s! Dieser goldene Ziertopf verleiht Ihrer Einrichtung das gewisse Etwas an Glanz. Dieser Ziertopf hat durch seinen goldenen Glanz ein luxuri\u00f6ses Aussehen. Der Topf ist aus Keramik gefertigt. Der Topf ist in 2 gl\u00e4nzenden Farben erh\u00e4ltlich, Gold und Silber. Wir haben auch den Luxury-Topf in 3 verschiedenen Gr\u00f6\u00dfen, 6cm &amp; 9cm &amp; 12cm. Kombinieren Sie unterschiedlich gro\u00dfe T\u00f6pfe nebeneinander f\u00fcr einen spielerischen Effekt!\r\n\r\n<strong>Verpackung und Lieferung<\/strong>\r\nUnsere Pflanzen und T\u00f6pfe werden direkt von unserer G\u00e4rtnerei zu Ihnen geschickt. Sie werden in einem speziell entwickelten Versandkarton verpackt, der sicherstellt, dass Pflanzen und T\u00f6pfe beim Versand nicht besch\u00e4digt werden.","protected":false},"excerpt":{"rendered":"<p>Werde glamour\u00f6s! Dieser goldene Ziertopf verleiht Ihrer Einrichtung das gewisse Etwas an Glanz. Dieser Ziertopf hat durch seinen goldenen Glanz ein luxuri\u00f6ses Aussehen. Der Topf ist aus Keramik gefertigt. Der Topf ist in 2 gl\u00e4nzenden Farben erh\u00e4ltlich, Gold und Silber. Wir haben auch den Luxury-Topf in 3 verschiedenen Gr\u00f6\u00dfen, 6cm &amp; 9cm &amp; 12cm. Kombinieren [&hellip;]<\/p>\n","protected":false},"author":1,"featured_media":35861,"comment_status":"open","ping_status":"closed","template":"","meta":{"inline_featured_image":false},"pwb-brand":[5097],"product_cat":[6267,2164],"product_tag":[6767,6852],"class_list":{"0":"post-35860","1":"product","2":"type-product","3":"status-publish","4":"has-post-thumbnail","6":"pwb-brand-kolibri","7":"product_cat-cat-orchideentopfe","8":"product_cat-cat-pflanzgefase-ubertopfe","9":"product_tag-cat-keramik-blumentopfe","10":"product_tag-uebertoepfe-fuer-orchideen","12":"first","13":"outofstock","14":"sale","15":"taxable","16":"shipping-taxable","17":"purchasable","18":"product-type-simple"},"acf":[],"gtin":"7421092592366","brands":[{"id":5097,"name":"Kolibri","slug":"kolibri"}],"_links":{"self":[{"href":"https:\/\/oragarden.de\/en\/wp-json\/wp\/v2\/product\/35860","targetHints":{"allow":["GET"]}}],"collection":[{"href":"https:\/\/oragarden.de\/en\/wp-json\/wp\/v2\/product"}],"about":[{"href":"https:\/\/oragarden.de\/en\/wp-json\/wp\/v2\/types\/product"}],"author":[{"embeddable":true,"href":"https:\/\/oragarden.de\/en\/wp-json\/wp\/v2\/users\/1"}],"replies":[{"embeddable":true,"href":"https:\/\/oragarden.de\/en\/wp-json\/wp\/v2\/comments?post=35860"}],"wp:featuredmedia":[{"embeddable":true,"href":"https:\/\/oragarden.de\/en\/wp-json\/wp\/v2\/media\/35861"}],"wp:attachment":[{"href":"https:\/\/oragarden.de\/en\/wp-json\/wp\/v2\/media?parent=35860"}],"wp:term":[{"taxonomy":"pwb-brand","embeddable":true,"href":"https:\/\/oragarden.de\/en\/wp-json\/wp\/v2\/pwb-brand?post=35860"},{"taxonomy":"product_cat","embeddable":true,"href":"https:\/\/oragarden.de\/en\/wp-json\/wp\/v2\/product_cat?post=35860"},{"taxonomy":"product_tag","embeddable":true,"href":"https:\/\/oragarden.de\/en\/wp-json\/wp\/v2\/product_tag?post=35860"}],"curies":[{"name":"wp","href":"https:\/\/api.w.org\/{rel}","templated":true}]}}