{"id":34880,"date":"2024-04-26T09:03:50","date_gmt":"2024-04-26T10:03:50","guid":{"rendered":"https:\/\/oragarden.de\/?post_type=product&#038;p=34880"},"modified":"2025-10-24T13:28:57","modified_gmt":"2025-10-24T14:28:57","slug":"kolibri-weises-orchideen-set-im-baumwollkorb-inkl-wassertank-drei-geschwungene-weise-orchideen-niagara-fall-12cm","status":"publish","type":"product","link":"https:\/\/oragarden.de\/en\/product\/kolibri-weises-orchideen-set-im-baumwollkorb-inkl-wassertank-drei-geschwungene-weise-orchideen-niagara-fall-12cm\/","title":{"rendered":"Kolibri wei\u00dfes Orchideen-Set im Baumwollkorb inkl. Wassertank (drei geschwungene wei\u00dfe Orchideen Niagara Fall 12cm)"},"content":{"rendered":"<p>Ein Strau\u00df erlesener Blumen, an dem Sie sich monatelang erfreuen k\u00f6nnen. Erfreuen Sie sich an der Sch\u00f6nheit der Natur mit Ihrem Mono Bouquet, das mit einer praktischen Einlage mit Wassertank ausgestattet ist. Dieser Strau\u00df besteht aus drei identischen Kolibri-Orchideen in einem Topf von 12 Zentimetern Gr\u00f6\u00dfe.<\/p>\r\n<p>Das Wasserreservoir sorgt daf\u00fcr, dass sich die Kolibri Orchideen selbst mit Wasser versorgen, was die Pflege erleichtert.<\/p>\r\n<p>Wie funktioniert das?<br \/>Schritt 1<br \/>F\u00fcllen Sie den Wassertank bis zum angegebenen Pfeil mit Wasser. Achten Sie darauf, dass das Wasser nicht \u00fcber diesen Wert steigt, da sonst die Wurzeln der Orchidee im Wasser stehen. Die Pflanze mag das nicht.<\/p>\r\n<p>Schritt 2<br \/>Dr\u00fccken Sie die Wasserdochte in den Boden des Anzuchttopfes, bis der Stab vollst\u00e4ndig verschwunden ist. In der Regel wurde dies bereits f\u00fcr Sie erledigt.<\/p>\r\n<p>Schritt 3<br \/>Achten Sie darauf, dass die Wasserdochte gut unter Wasser sind. Die Pflanzen k\u00f6nnen sich \u00fcber die Wasserdochte selbst mit Wasser versorgen.<\/p>\r\n<p>Schritt 4<br \/>Pr\u00fcfen Sie den Wasserstand im Wassertank einmal pro Woche, indem Sie den Tank aus der Sch\u00fcssel nehmen. Falls erforderlich, f\u00fcllen Sie das Wasser \u00fcber die Mitte der Einlage nach.<\/p>","protected":false},"excerpt":{"rendered":"<p>Ein Strau\u00df erlesener Blumen, an dem Sie sich monatelang erfreuen k\u00f6nnen. Erfreuen Sie sich an der Sch\u00f6nheit der Natur mit Ihrem Mono Bouquet, das mit einer praktischen Einlage mit Wassertank ausgestattet ist. Dieser Strau\u00df besteht aus drei identischen Kolibri-Orchideen in einem Topf von 12 Zentimetern Gr\u00f6\u00dfe. Das Wasserreservoir sorgt daf\u00fcr, dass sich die Kolibri Orchideen [&hellip;]<\/p>\n","protected":false},"author":1,"featured_media":34881,"comment_status":"open","ping_status":"closed","template":"","meta":{"inline_featured_image":false},"pwb-brand":[5097],"product_cat":[5126,4770],"product_tag":[],"class_list":{"0":"post-34880","1":"product","2":"type-product","3":"status-publish","4":"has-post-thumbnail","6":"pwb-brand-kolibri","7":"product_cat-cat-orchideen","8":"product_cat-cat-pflanzen-sets","10":"first","11":"outofstock","12":"sale","13":"taxable","14":"shipping-taxable","15":"purchasable","16":"product-type-simple"},"acf":[],"gtin":"8785279219361","brands":[{"id":5097,"name":"Kolibri","slug":"kolibri"}],"_links":{"self":[{"href":"https:\/\/oragarden.de\/en\/wp-json\/wp\/v2\/product\/34880","targetHints":{"allow":["GET"]}}],"collection":[{"href":"https:\/\/oragarden.de\/en\/wp-json\/wp\/v2\/product"}],"about":[{"href":"https:\/\/oragarden.de\/en\/wp-json\/wp\/v2\/types\/product"}],"author":[{"embeddable":true,"href":"https:\/\/oragarden.de\/en\/wp-json\/wp\/v2\/users\/1"}],"replies":[{"embeddable":true,"href":"https:\/\/oragarden.de\/en\/wp-json\/wp\/v2\/comments?post=34880"}],"wp:featuredmedia":[{"embeddable":true,"href":"https:\/\/oragarden.de\/en\/wp-json\/wp\/v2\/media\/34881"}],"wp:attachment":[{"href":"https:\/\/oragarden.de\/en\/wp-json\/wp\/v2\/media?parent=34880"}],"wp:term":[{"taxonomy":"pwb-brand","embeddable":true,"href":"https:\/\/oragarden.de\/en\/wp-json\/wp\/v2\/pwb-brand?post=34880"},{"taxonomy":"product_cat","embeddable":true,"href":"https:\/\/oragarden.de\/en\/wp-json\/wp\/v2\/product_cat?post=34880"},{"taxonomy":"product_tag","embeddable":true,"href":"https:\/\/oragarden.de\/en\/wp-json\/wp\/v2\/product_tag?post=34880"}],"curies":[{"name":"wp","href":"https:\/\/api.w.org\/{rel}","templated":true}]}}