{"id":34860,"date":"2024-04-26T09:03:49","date_gmt":"2024-04-26T10:03:49","guid":{"rendered":"https:\/\/oragarden.de\/?post_type=product&#038;p=34860"},"modified":"2025-10-24T13:28:55","modified_gmt":"2025-10-24T14:28:55","slug":"kolibri-orangefarbenes-pflanzenset-im-baumwollkorb-inkl-wassertank-drei-orangefarbene-orchideen-bozen-9cm-und-drei-grunpflanzen-rhipsalis","status":"publish","type":"product","link":"https:\/\/oragarden.de\/en\/product\/kolibri-orangefarbenes-pflanzenset-im-baumwollkorb-inkl-wassertank-drei-orangefarbene-orchideen-bozen-9cm-und-drei-grunpflanzen-rhipsalis\/","title":{"rendered":"Kolibri orangefarbenes Pflanzenset im Baumwollkorb inkl. Wassertank (drei orangefarbene Orchideen Bozen 9cm und drei Gr\u00fcnpflanzen Rhipsalis)"},"content":{"rendered":"<p>Mit diesem sch\u00f6nen Orchideenkorb sind Sie bereit f\u00fcr den Einsatz. Dieser Baumwollkorb ist mit drei Orchideen (Topfgr\u00f6\u00dfe 9 cm) und drei Rhipsalis-Pflanzen (Topfgr\u00f6\u00dfe 6 cm) dekoriert. Der Korb ist aus gezwirnter Baumwolle gefertigt und hat daher ein nat\u00fcrliches Aussehen. Der Korb ist mit einem eingebauten Bew\u00e4sserungssystem ausgestattet. Die Orchideen in der Schale werden mit einem Docht zum Gie\u00dfen geliefert. Wenn Sie einen Gie\u00dfdocht verwenden, m\u00fcssen Sie die Orchideen nicht so oft aus der Schale nehmen. Das bedeutet, dass Ihre Orchideen noch l\u00e4nger halten werden.<\/p>\r\n<p>Inhalt des Sets<br \/>&#8211; Kolibri Home Baumwollschale<br \/>&#8211; 3x Kolibri Orchideen Mineral<br \/>&#8211; 3x Kolibri Gr\u00fcner Rhipsalis<br \/>&#8211; 3x Bew\u00e4sserungsdocht<br \/>&#8211; Einlage mit Wasserreservoir<\/p>\r\n<p>*Da wir mit lebenden Produkten arbeiten, k\u00f6nnen die abgebildeten Arten leicht von den Bildern abweichen.<\/p>","protected":false},"excerpt":{"rendered":"<p>Mit diesem sch\u00f6nen Orchideenkorb sind Sie bereit f\u00fcr den Einsatz. Dieser Baumwollkorb ist mit drei Orchideen (Topfgr\u00f6\u00dfe 9 cm) und drei Rhipsalis-Pflanzen (Topfgr\u00f6\u00dfe 6 cm) dekoriert. Der Korb ist aus gezwirnter Baumwolle gefertigt und hat daher ein nat\u00fcrliches Aussehen. Der Korb ist mit einem eingebauten Bew\u00e4sserungssystem ausgestattet. Die Orchideen in der Schale werden mit einem [&hellip;]<\/p>\n","protected":false},"author":1,"featured_media":34861,"comment_status":"open","ping_status":"closed","template":"","meta":{"inline_featured_image":false},"pwb-brand":[5097],"product_cat":[5126,4770],"product_tag":[],"class_list":{"0":"post-34860","1":"product","2":"type-product","3":"status-publish","4":"has-post-thumbnail","6":"pwb-brand-kolibri","7":"product_cat-cat-orchideen","8":"product_cat-cat-pflanzen-sets","10":"first","11":"outofstock","12":"sale","13":"taxable","14":"shipping-taxable","15":"purchasable","16":"product-type-simple"},"acf":[],"gtin":"8785279219200","brands":[{"id":5097,"name":"Kolibri","slug":"kolibri"}],"_links":{"self":[{"href":"https:\/\/oragarden.de\/en\/wp-json\/wp\/v2\/product\/34860","targetHints":{"allow":["GET"]}}],"collection":[{"href":"https:\/\/oragarden.de\/en\/wp-json\/wp\/v2\/product"}],"about":[{"href":"https:\/\/oragarden.de\/en\/wp-json\/wp\/v2\/types\/product"}],"author":[{"embeddable":true,"href":"https:\/\/oragarden.de\/en\/wp-json\/wp\/v2\/users\/1"}],"replies":[{"embeddable":true,"href":"https:\/\/oragarden.de\/en\/wp-json\/wp\/v2\/comments?post=34860"}],"wp:featuredmedia":[{"embeddable":true,"href":"https:\/\/oragarden.de\/en\/wp-json\/wp\/v2\/media\/34861"}],"wp:attachment":[{"href":"https:\/\/oragarden.de\/en\/wp-json\/wp\/v2\/media?parent=34860"}],"wp:term":[{"taxonomy":"pwb-brand","embeddable":true,"href":"https:\/\/oragarden.de\/en\/wp-json\/wp\/v2\/pwb-brand?post=34860"},{"taxonomy":"product_cat","embeddable":true,"href":"https:\/\/oragarden.de\/en\/wp-json\/wp\/v2\/product_cat?post=34860"},{"taxonomy":"product_tag","embeddable":true,"href":"https:\/\/oragarden.de\/en\/wp-json\/wp\/v2\/product_tag?post=34860"}],"curies":[{"name":"wp","href":"https:\/\/api.w.org\/{rel}","templated":true}]}}