{"id":34842,"date":"2024-04-26T09:03:50","date_gmt":"2024-04-26T10:03:50","guid":{"rendered":"https:\/\/oragarden.de\/?post_type=product&#038;p=34842"},"modified":"2025-10-24T13:28:54","modified_gmt":"2025-10-24T14:28:54","slug":"kolibri-lila-pflanzenset-im-schilfkorb-inkl-wassertank-drei-lila-orchideen-morelia-9cm-und-drei-grunpflanzen-rhipsalis","status":"publish","type":"product","link":"https:\/\/oragarden.de\/en\/product\/kolibri-lila-pflanzenset-im-schilfkorb-inkl-wassertank-drei-lila-orchideen-morelia-9cm-und-drei-grunpflanzen-rhipsalis\/","title":{"rendered":"Kolibri lila Pflanzenset im Schilfkorb inkl. Wassertank (drei lila Orchideen Morelia 9cm und drei Gr\u00fcnpflanzen Rhipsalis)"},"content":{"rendered":"Mit diesem sch\u00f6nen Orchideenkorb sind Sie bestens ger\u00fcstet. Dieser Weidenkorb ist mit drei Orchideen (Topfgr\u00f6\u00dfe 9 cm) und drei Rhipsalis-Pflanzen (Topfgr\u00f6\u00dfe 6 cm) dekoriert. Der Korb ist aus Schilfrohr gefertigt und hat daher ein nat\u00fcrliches Aussehen. Der Korb ist mit einem eingebauten Bew\u00e4sserungssystem (Inlay) ausgestattet. Die Orchideen in der Schale werden mit einem Docht zum Gie\u00dfen geliefert. Durch die Verwendung eines Gie\u00dfdochts m\u00fcssen Sie die Orchideen nicht so oft aus der Schale nehmen. So halten Ihre Orchideen noch l\u00e4nger.\r\n\r\nInhalt des Sets:\r\n&#8211; Kolibri Home Schilfkorb\r\n&#8211; 3x Kolibri Orchideen Mineral\r\n&#8211; 3x Kolibri Gr\u00fcner Rhipsalis\r\n&#8211; 3x Bew\u00e4sserungsdocht\r\n&#8211; Tillandsien\r\n&#8211; Einlage mit Wasserreservoir\r\n\r\n*Da wir mit lebenden Produkten arbeiten, k\u00f6nnen die abgebildeten Arten leicht von den Bildern abweichen.","protected":false},"excerpt":{"rendered":"<p>Mit diesem sch\u00f6nen Orchideenkorb sind Sie bestens ger\u00fcstet. Dieser Weidenkorb ist mit drei Orchideen (Topfgr\u00f6\u00dfe 9 cm) und drei Rhipsalis-Pflanzen (Topfgr\u00f6\u00dfe 6 cm) dekoriert. Der Korb ist aus Schilfrohr gefertigt und hat daher ein nat\u00fcrliches Aussehen. Der Korb ist mit einem eingebauten Bew\u00e4sserungssystem (Inlay) ausgestattet. Die Orchideen in der Schale werden mit einem Docht zum [&hellip;]<\/p>\n","protected":false},"author":1,"featured_media":34843,"comment_status":"open","ping_status":"closed","template":"","meta":{"inline_featured_image":false},"pwb-brand":[5097],"product_cat":[5126,4770],"product_tag":[],"class_list":{"0":"post-34842","1":"product","2":"type-product","3":"status-publish","4":"has-post-thumbnail","6":"pwb-brand-kolibri","7":"product_cat-cat-orchideen","8":"product_cat-cat-pflanzen-sets","10":"first","11":"outofstock","12":"sale","13":"taxable","14":"shipping-taxable","15":"purchasable","16":"product-type-simple"},"acf":[],"gtin":"8785279219132","brands":[{"id":5097,"name":"Kolibri","slug":"kolibri"}],"_links":{"self":[{"href":"https:\/\/oragarden.de\/en\/wp-json\/wp\/v2\/product\/34842","targetHints":{"allow":["GET"]}}],"collection":[{"href":"https:\/\/oragarden.de\/en\/wp-json\/wp\/v2\/product"}],"about":[{"href":"https:\/\/oragarden.de\/en\/wp-json\/wp\/v2\/types\/product"}],"author":[{"embeddable":true,"href":"https:\/\/oragarden.de\/en\/wp-json\/wp\/v2\/users\/1"}],"replies":[{"embeddable":true,"href":"https:\/\/oragarden.de\/en\/wp-json\/wp\/v2\/comments?post=34842"}],"wp:featuredmedia":[{"embeddable":true,"href":"https:\/\/oragarden.de\/en\/wp-json\/wp\/v2\/media\/34843"}],"wp:attachment":[{"href":"https:\/\/oragarden.de\/en\/wp-json\/wp\/v2\/media?parent=34842"}],"wp:term":[{"taxonomy":"pwb-brand","embeddable":true,"href":"https:\/\/oragarden.de\/en\/wp-json\/wp\/v2\/pwb-brand?post=34842"},{"taxonomy":"product_cat","embeddable":true,"href":"https:\/\/oragarden.de\/en\/wp-json\/wp\/v2\/product_cat?post=34842"},{"taxonomy":"product_tag","embeddable":true,"href":"https:\/\/oragarden.de\/en\/wp-json\/wp\/v2\/product_tag?post=34842"}],"curies":[{"name":"wp","href":"https:\/\/api.w.org\/{rel}","templated":true}]}}