{"id":34691,"date":"2024-08-02T20:30:58","date_gmt":"2024-08-02T21:30:58","guid":{"rendered":"https:\/\/oragarden.de\/?post_type=product&#038;p=34691"},"modified":"2025-10-24T13:28:45","modified_gmt":"2025-10-24T14:28:45","slug":"everyplants-caladium-strawberry-star-65-cm-o21-cm","status":"publish","type":"product","link":"https:\/\/oragarden.de\/en\/product\/everyplants-caladium-strawberry-star-65-cm-o21-cm\/","title":{"rendered":"Everyplants Caladium Strawberry Star &#8211; 65 cm, \u00d821 cm"},"content":{"rendered":"Entdecken Sie die bezaubernde Pracht von Caladium &#8216;Strawberry Star&#8217;, einer anmutigen Zimmerpflanze, die jeden Innenraum belebt. Mit ihren auff\u00e4lligen Bl\u00e4ttern in Rosa-, Wei\u00df- und Gr\u00fcnt\u00f6nen bringt diese Pflanze einen Hauch von verspielter Eleganz in Ihr Zuhause. Caladium &#8216;Strawberry Star&#8217; gedeiht in hellem, indirektem Licht und muss regelm\u00e4\u00dfig gegossen werden, um \u00fcppig zu wachsen. Bringen Sie einen Hauch von Farbe und Raffinesse in Ihr Interieur mit dieser sch\u00f6nen Caladium &#8216;Strawberry Star&#8217;, die Ihren Raum mit ihren lebhaften Mustern und ihrem erfrischenden Aussehen versch\u00f6nern wird.","protected":false},"excerpt":{"rendered":"<p>Entdecken Sie die bezaubernde Pracht von Caladium &#8216;Strawberry Star&#8217;, einer anmutigen Zimmerpflanze, die jeden Innenraum belebt. Mit ihren auff\u00e4lligen Bl\u00e4ttern in Rosa-, Wei\u00df- und Gr\u00fcnt\u00f6nen bringt diese Pflanze einen Hauch von verspielter Eleganz in Ihr Zuhause. Caladium &#8216;Strawberry Star&#8217; gedeiht in hellem, indirektem Licht und muss regelm\u00e4\u00dfig gegossen werden, um \u00fcppig zu wachsen. Bringen Sie [&hellip;]<\/p>\n","protected":false},"author":1,"featured_media":34692,"comment_status":"open","ping_status":"closed","template":"","meta":{"inline_featured_image":false},"pwb-brand":[6495],"product_cat":[6944],"product_tag":[],"class_list":{"0":"post-34691","1":"product","2":"type-product","3":"status-publish","4":"has-post-thumbnail","6":"pwb-brand-everyplants","7":"product_cat-cat-caladium-kaladien","9":"first","10":"outofstock","11":"sale","12":"taxable","13":"shipping-taxable","14":"purchasable","15":"product-type-simple"},"acf":[],"gtin":"8721081686427","brands":[{"id":6495,"name":"Everyplants","slug":"everyplants"}],"_links":{"self":[{"href":"https:\/\/oragarden.de\/en\/wp-json\/wp\/v2\/product\/34691","targetHints":{"allow":["GET"]}}],"collection":[{"href":"https:\/\/oragarden.de\/en\/wp-json\/wp\/v2\/product"}],"about":[{"href":"https:\/\/oragarden.de\/en\/wp-json\/wp\/v2\/types\/product"}],"author":[{"embeddable":true,"href":"https:\/\/oragarden.de\/en\/wp-json\/wp\/v2\/users\/1"}],"replies":[{"embeddable":true,"href":"https:\/\/oragarden.de\/en\/wp-json\/wp\/v2\/comments?post=34691"}],"wp:featuredmedia":[{"embeddable":true,"href":"https:\/\/oragarden.de\/en\/wp-json\/wp\/v2\/media\/34692"}],"wp:attachment":[{"href":"https:\/\/oragarden.de\/en\/wp-json\/wp\/v2\/media?parent=34691"}],"wp:term":[{"taxonomy":"pwb-brand","embeddable":true,"href":"https:\/\/oragarden.de\/en\/wp-json\/wp\/v2\/pwb-brand?post=34691"},{"taxonomy":"product_cat","embeddable":true,"href":"https:\/\/oragarden.de\/en\/wp-json\/wp\/v2\/product_cat?post=34691"},{"taxonomy":"product_tag","embeddable":true,"href":"https:\/\/oragarden.de\/en\/wp-json\/wp\/v2\/product_tag?post=34691"}],"curies":[{"name":"wp","href":"https:\/\/api.w.org\/{rel}","templated":true}]}}