{"id":34689,"date":"2024-08-02T20:30:57","date_gmt":"2024-08-02T21:30:57","guid":{"rendered":"https:\/\/oragarden.de\/?post_type=product&#038;p=34689"},"modified":"2025-10-24T13:28:44","modified_gmt":"2025-10-24T14:28:44","slug":"everyplants-caladium-autumn-beauty-65-cm-o21-cm","status":"publish","type":"product","link":"https:\/\/oragarden.de\/en\/product\/everyplants-caladium-autumn-beauty-65-cm-o21-cm\/","title":{"rendered":"Everyplants Caladium Autumn Beauty &#8211; 65 cm, \u00d821 cm"},"content":{"rendered":"Entdecken Sie die bezaubernde Pracht von Caladium &#8216;Autumn Beauty&#8217;, einer stimmungsvollen Zimmerpflanze, die jeden Raum verwandelt. Mit ihren eleganten Bl\u00e4ttern in warmen Rot-, Orange- und Gr\u00fcnt\u00f6nen bringt diese Pflanze einen Hauch von herbstlicher Sch\u00f6nheit in Ihr Zuhause. Caladium &#8216;Autumn Beauty&#8217; gedeiht in hellem, indirektem Licht und muss regelm\u00e4\u00dfig gegossen werden, damit sie \u00fcppig w\u00e4chst. Bringen Sie einen Hauch von Farbe und W\u00e4rme in Ihr Interieur mit dieser sch\u00f6nen Caladium &#8216;Autumn Beauty&#8217;, die Ihren Raum mit ihren leuchtenden Farben und ihrer beruhigenden Ausstrahlung bereichern wird.","protected":false},"excerpt":{"rendered":"<p>Entdecken Sie die bezaubernde Pracht von Caladium &#8216;Autumn Beauty&#8217;, einer stimmungsvollen Zimmerpflanze, die jeden Raum verwandelt. Mit ihren eleganten Bl\u00e4ttern in warmen Rot-, Orange- und Gr\u00fcnt\u00f6nen bringt diese Pflanze einen Hauch von herbstlicher Sch\u00f6nheit in Ihr Zuhause. Caladium &#8216;Autumn Beauty&#8217; gedeiht in hellem, indirektem Licht und muss regelm\u00e4\u00dfig gegossen werden, damit sie \u00fcppig w\u00e4chst. Bringen [&hellip;]<\/p>\n","protected":false},"author":1,"featured_media":34690,"comment_status":"open","ping_status":"closed","template":"","meta":{"inline_featured_image":false},"pwb-brand":[6495],"product_cat":[6944],"product_tag":[],"class_list":{"0":"post-34689","1":"product","2":"type-product","3":"status-publish","4":"has-post-thumbnail","6":"pwb-brand-everyplants","7":"product_cat-cat-caladium-kaladien","9":"first","10":"outofstock","11":"sale","12":"taxable","13":"shipping-taxable","14":"purchasable","15":"product-type-simple"},"acf":[],"gtin":"8721081686410","brands":[{"id":6495,"name":"Everyplants","slug":"everyplants"}],"_links":{"self":[{"href":"https:\/\/oragarden.de\/en\/wp-json\/wp\/v2\/product\/34689","targetHints":{"allow":["GET"]}}],"collection":[{"href":"https:\/\/oragarden.de\/en\/wp-json\/wp\/v2\/product"}],"about":[{"href":"https:\/\/oragarden.de\/en\/wp-json\/wp\/v2\/types\/product"}],"author":[{"embeddable":true,"href":"https:\/\/oragarden.de\/en\/wp-json\/wp\/v2\/users\/1"}],"replies":[{"embeddable":true,"href":"https:\/\/oragarden.de\/en\/wp-json\/wp\/v2\/comments?post=34689"}],"wp:featuredmedia":[{"embeddable":true,"href":"https:\/\/oragarden.de\/en\/wp-json\/wp\/v2\/media\/34690"}],"wp:attachment":[{"href":"https:\/\/oragarden.de\/en\/wp-json\/wp\/v2\/media?parent=34689"}],"wp:term":[{"taxonomy":"pwb-brand","embeddable":true,"href":"https:\/\/oragarden.de\/en\/wp-json\/wp\/v2\/pwb-brand?post=34689"},{"taxonomy":"product_cat","embeddable":true,"href":"https:\/\/oragarden.de\/en\/wp-json\/wp\/v2\/product_cat?post=34689"},{"taxonomy":"product_tag","embeddable":true,"href":"https:\/\/oragarden.de\/en\/wp-json\/wp\/v2\/product_tag?post=34689"}],"curies":[{"name":"wp","href":"https:\/\/api.w.org\/{rel}","templated":true}]}}