{"id":34685,"date":"2024-08-02T20:30:57","date_gmt":"2024-08-02T21:30:57","guid":{"rendered":"https:\/\/oragarden.de\/?post_type=product&#038;p=34685"},"modified":"2025-10-24T13:28:43","modified_gmt":"2025-10-24T14:28:43","slug":"everyplants-caladium-carolyn-whorton-65-cm-o21-cm","status":"publish","type":"product","link":"https:\/\/oragarden.de\/en\/product\/everyplants-caladium-carolyn-whorton-65-cm-o21-cm\/","title":{"rendered":"Everyplants Caladium Carolyn Whorton &#8211; 65 cm, \u00d821 cm"},"content":{"rendered":"Entdecken Sie die zarte Sch\u00f6nheit von Caladium &#8216;Carolyn Whorton&#8217;, eine raffinierte Erg\u00e4nzung f\u00fcr jeden Innenraum. Mit ihren eleganten Bl\u00e4ttern in Rosa-, Gr\u00fcn- und Wei\u00dft\u00f6nen bringt diese Zimmerpflanze eine subtile und charmante Atmosph\u00e4re in Ihr Zuhause. Caladium &#8216;Carolyn Whorton&#8217; gedeiht in hellem, indirektem Licht und muss regelm\u00e4\u00dfig gegossen werden, damit sie \u00fcppig w\u00e4chst. Verleihen Sie Ihrem Interieur einen Hauch von Sch\u00f6nheit und Lebendigkeit mit dieser sch\u00f6nen Caladium &#8216;Carolyn Whorton&#8217;, die Ihren Raum mit ihren sanften Farben und ihrem dezenten Charme versch\u00f6nern wird.","protected":false},"excerpt":{"rendered":"<p>Entdecken Sie die zarte Sch\u00f6nheit von Caladium &#8216;Carolyn Whorton&#8217;, eine raffinierte Erg\u00e4nzung f\u00fcr jeden Innenraum. Mit ihren eleganten Bl\u00e4ttern in Rosa-, Gr\u00fcn- und Wei\u00dft\u00f6nen bringt diese Zimmerpflanze eine subtile und charmante Atmosph\u00e4re in Ihr Zuhause. Caladium &#8216;Carolyn Whorton&#8217; gedeiht in hellem, indirektem Licht und muss regelm\u00e4\u00dfig gegossen werden, damit sie \u00fcppig w\u00e4chst. Verleihen Sie Ihrem [&hellip;]<\/p>\n","protected":false},"author":1,"featured_media":34686,"comment_status":"open","ping_status":"closed","template":"","meta":{"inline_featured_image":false},"pwb-brand":[6495],"product_cat":[6944],"product_tag":[],"class_list":{"0":"post-34685","1":"product","2":"type-product","3":"status-publish","4":"has-post-thumbnail","6":"pwb-brand-everyplants","7":"product_cat-cat-caladium-kaladien","9":"first","10":"outofstock","11":"sale","12":"taxable","13":"shipping-taxable","14":"purchasable","15":"product-type-simple"},"acf":[],"gtin":"8721081686397","brands":[{"id":6495,"name":"Everyplants","slug":"everyplants"}],"_links":{"self":[{"href":"https:\/\/oragarden.de\/en\/wp-json\/wp\/v2\/product\/34685","targetHints":{"allow":["GET"]}}],"collection":[{"href":"https:\/\/oragarden.de\/en\/wp-json\/wp\/v2\/product"}],"about":[{"href":"https:\/\/oragarden.de\/en\/wp-json\/wp\/v2\/types\/product"}],"author":[{"embeddable":true,"href":"https:\/\/oragarden.de\/en\/wp-json\/wp\/v2\/users\/1"}],"replies":[{"embeddable":true,"href":"https:\/\/oragarden.de\/en\/wp-json\/wp\/v2\/comments?post=34685"}],"wp:featuredmedia":[{"embeddable":true,"href":"https:\/\/oragarden.de\/en\/wp-json\/wp\/v2\/media\/34686"}],"wp:attachment":[{"href":"https:\/\/oragarden.de\/en\/wp-json\/wp\/v2\/media?parent=34685"}],"wp:term":[{"taxonomy":"pwb-brand","embeddable":true,"href":"https:\/\/oragarden.de\/en\/wp-json\/wp\/v2\/pwb-brand?post=34685"},{"taxonomy":"product_cat","embeddable":true,"href":"https:\/\/oragarden.de\/en\/wp-json\/wp\/v2\/product_cat?post=34685"},{"taxonomy":"product_tag","embeddable":true,"href":"https:\/\/oragarden.de\/en\/wp-json\/wp\/v2\/product_tag?post=34685"}],"curies":[{"name":"wp","href":"https:\/\/api.w.org\/{rel}","templated":true}]}}