{"id":34683,"date":"2024-08-02T20:30:58","date_gmt":"2024-08-02T21:30:58","guid":{"rendered":"https:\/\/oragarden.de\/?post_type=product&#038;p=34683"},"modified":"2025-10-24T13:28:43","modified_gmt":"2025-10-24T14:28:43","slug":"everyplants-caladium-tapestry-65-cm-o21-cm","status":"publish","type":"product","link":"https:\/\/oragarden.de\/en\/product\/everyplants-caladium-tapestry-65-cm-o21-cm\/","title":{"rendered":"Everyplants Caladium Tapestry &#8211; 65 cm, \u00d821 cm"},"content":{"rendered":"Entdecken Sie die bezaubernde Sch\u00f6nheit von Caladium &#8216;Tapestry&#8217;, einer auff\u00e4lligen Zimmerpflanze, die jeden Innenraum verwandelt. Mit ihren einzigartigen Bl\u00e4ttern in Rot-, Gr\u00fcn- und Wei\u00dft\u00f6nen setzt diese Pflanze einen k\u00fcnstlerischen und lebendigen Akzent in Ihrem Zuhause. Caladium &#8216;Tapestry&#8217; gedeiht in hellem, indirektem Licht und muss regelm\u00e4\u00dfig gegossen werden, damit sie \u00fcppig w\u00e4chst. Bringen Sie einen Hauch von Farbe und Raffinesse in Ihr Interieur mit dieser sch\u00f6nen Caladium &#8216;Tapestry&#8217;, die Ihren Raum mit ihren lebhaften Mustern und ihrem exotischen Aussehen bereichern wird.","protected":false},"excerpt":{"rendered":"<p>Entdecken Sie die bezaubernde Sch\u00f6nheit von Caladium &#8216;Tapestry&#8217;, einer auff\u00e4lligen Zimmerpflanze, die jeden Innenraum verwandelt. Mit ihren einzigartigen Bl\u00e4ttern in Rot-, Gr\u00fcn- und Wei\u00dft\u00f6nen setzt diese Pflanze einen k\u00fcnstlerischen und lebendigen Akzent in Ihrem Zuhause. Caladium &#8216;Tapestry&#8217; gedeiht in hellem, indirektem Licht und muss regelm\u00e4\u00dfig gegossen werden, damit sie \u00fcppig w\u00e4chst. Bringen Sie einen Hauch [&hellip;]<\/p>\n","protected":false},"author":1,"featured_media":34684,"comment_status":"open","ping_status":"closed","template":"","meta":{"inline_featured_image":false},"pwb-brand":[6495],"product_cat":[6944],"product_tag":[],"class_list":{"0":"post-34683","1":"product","2":"type-product","3":"status-publish","4":"has-post-thumbnail","6":"pwb-brand-everyplants","7":"product_cat-cat-caladium-kaladien","9":"first","10":"outofstock","11":"sale","12":"taxable","13":"shipping-taxable","14":"purchasable","15":"product-type-simple"},"acf":[],"gtin":"8721081686380","brands":[{"id":6495,"name":"Everyplants","slug":"everyplants"}],"_links":{"self":[{"href":"https:\/\/oragarden.de\/en\/wp-json\/wp\/v2\/product\/34683","targetHints":{"allow":["GET"]}}],"collection":[{"href":"https:\/\/oragarden.de\/en\/wp-json\/wp\/v2\/product"}],"about":[{"href":"https:\/\/oragarden.de\/en\/wp-json\/wp\/v2\/types\/product"}],"author":[{"embeddable":true,"href":"https:\/\/oragarden.de\/en\/wp-json\/wp\/v2\/users\/1"}],"replies":[{"embeddable":true,"href":"https:\/\/oragarden.de\/en\/wp-json\/wp\/v2\/comments?post=34683"}],"wp:featuredmedia":[{"embeddable":true,"href":"https:\/\/oragarden.de\/en\/wp-json\/wp\/v2\/media\/34684"}],"wp:attachment":[{"href":"https:\/\/oragarden.de\/en\/wp-json\/wp\/v2\/media?parent=34683"}],"wp:term":[{"taxonomy":"pwb-brand","embeddable":true,"href":"https:\/\/oragarden.de\/en\/wp-json\/wp\/v2\/pwb-brand?post=34683"},{"taxonomy":"product_cat","embeddable":true,"href":"https:\/\/oragarden.de\/en\/wp-json\/wp\/v2\/product_cat?post=34683"},{"taxonomy":"product_tag","embeddable":true,"href":"https:\/\/oragarden.de\/en\/wp-json\/wp\/v2\/product_tag?post=34683"}],"curies":[{"name":"wp","href":"https:\/\/api.w.org\/{rel}","templated":true}]}}