{"id":34629,"date":"2024-05-08T14:51:55","date_gmt":"2024-05-08T15:51:55","guid":{"rendered":"https:\/\/oragarden.de\/?post_type=product&#038;p=34629"},"modified":"2025-10-24T13:28:32","modified_gmt":"2025-10-24T14:28:32","slug":"elho-brussels-ubertopf-kunststoff-rund-weiss-d30-cm-h27-cm","status":"publish","type":"product","link":"https:\/\/oragarden.de\/en\/product\/elho-brussels-ubertopf-kunststoff-rund-weiss-d30-cm-h27-cm\/","title":{"rendered":"Elho Brussels \u00dcbertopf Kunststoff Rund Weiss &#8211; D30 cm, H27 cm"},"content":{"rendered":"Mit diesem stilvollen Blumentopf von elho kommen Ihre Blumen und Zimmerpflanzen optimal zur Geltung. Mit seinem zeitlosen Design passt der Blumentopf brussels zu jeder Einrichtung und bereitet f\u00fcr viele Jahre Freude. Der Blumentopf ist wasserdicht. Deshalb k\u00f6nnen Sie ihn sogar auf einen Holztisch stellen. W\u00e4hlen Sie die ben\u00f6tige Gr\u00f6\u00dfe mit der passenden Farbe und dann viel Freude damit!\r\n<h2>Produktmerkmale<\/h2>\r\n<ul>\r\n \t<li>Hergestellt aus 100% recyceltem Plastik, produziert mit Windenergie, 100% recycelbar<\/li>\r\n \t<li>Da die Zimmerpflanze mit Innentopf direkt in den Blumentopf passt, ben\u00f6tigen Sie keine zus\u00e4tzliche Pflanzerde. Praktisch!<\/li>\r\n \t<li>Einer der gro\u00dfen Vorteile dieses Blumentopfes ist sein Material aus Kunststoff. Das macht ihn robust und sto\u00dffest.<\/li>\r\n<\/ul>\r\nT\u00f6pfe der brussels-Kollektion finden Sie in jeder Einrichtung. Und das ist auch nicht verwunderlich, denn das Angebot ist riesig. Ebenso wie die Benutzerfreundlichkeit. Von matt bis hochgl\u00e4nzend, niedrig oder hoch, extrem gro\u00df oder niedlich klein: alles ist m\u00f6glich. Wie breit das Angebot auch ist &#8211; es ist immer typisch brussels: Kunststoff, frisch, modern und zeitlos","protected":false},"excerpt":{"rendered":"<p>Mit diesem stilvollen Blumentopf von elho kommen Ihre Blumen und Zimmerpflanzen optimal zur Geltung. Mit seinem zeitlosen Design passt der Blumentopf brussels zu jeder Einrichtung und bereitet f\u00fcr viele Jahre Freude. Der Blumentopf ist wasserdicht. Deshalb k\u00f6nnen Sie ihn sogar auf einen Holztisch stellen. W\u00e4hlen Sie die ben\u00f6tige Gr\u00f6\u00dfe mit der passenden Farbe und dann [&hellip;]<\/p>\n","protected":false},"author":1,"featured_media":34630,"comment_status":"open","ping_status":"closed","template":"","meta":{"inline_featured_image":false},"pwb-brand":[5613],"product_cat":[2164],"product_tag":[6746,6852],"class_list":{"0":"post-34629","1":"product","2":"type-product","3":"status-publish","4":"has-post-thumbnail","6":"pwb-brand-elho","7":"product_cat-cat-pflanzgefase-ubertopfe","8":"product_tag-blumentopfe-weis","9":"product_tag-uebertoepfe-fuer-orchideen","11":"first","12":"outofstock","13":"sale","14":"taxable","15":"shipping-taxable","16":"purchasable","17":"product-type-simple"},"acf":[],"gtin":"8721081686007","brands":[{"id":5613,"name":"Elho","slug":"elho"}],"_links":{"self":[{"href":"https:\/\/oragarden.de\/en\/wp-json\/wp\/v2\/product\/34629","targetHints":{"allow":["GET"]}}],"collection":[{"href":"https:\/\/oragarden.de\/en\/wp-json\/wp\/v2\/product"}],"about":[{"href":"https:\/\/oragarden.de\/en\/wp-json\/wp\/v2\/types\/product"}],"author":[{"embeddable":true,"href":"https:\/\/oragarden.de\/en\/wp-json\/wp\/v2\/users\/1"}],"replies":[{"embeddable":true,"href":"https:\/\/oragarden.de\/en\/wp-json\/wp\/v2\/comments?post=34629"}],"wp:featuredmedia":[{"embeddable":true,"href":"https:\/\/oragarden.de\/en\/wp-json\/wp\/v2\/media\/34630"}],"wp:attachment":[{"href":"https:\/\/oragarden.de\/en\/wp-json\/wp\/v2\/media?parent=34629"}],"wp:term":[{"taxonomy":"pwb-brand","embeddable":true,"href":"https:\/\/oragarden.de\/en\/wp-json\/wp\/v2\/pwb-brand?post=34629"},{"taxonomy":"product_cat","embeddable":true,"href":"https:\/\/oragarden.de\/en\/wp-json\/wp\/v2\/product_cat?post=34629"},{"taxonomy":"product_tag","embeddable":true,"href":"https:\/\/oragarden.de\/en\/wp-json\/wp\/v2\/product_tag?post=34629"}],"curies":[{"name":"wp","href":"https:\/\/api.w.org\/{rel}","templated":true}]}}