{"id":34574,"date":"2024-04-23T21:48:49","date_gmt":"2024-04-23T22:48:49","guid":{"rendered":"https:\/\/oragarden.de\/?post_type=product&#038;p=34574"},"modified":"2025-10-24T13:28:25","modified_gmt":"2025-10-24T14:28:25","slug":"kolibri-rosa-phalaenopsis-orchidee-andorra-set-pastelltopf-rosa-topfgrose-o9cm","status":"publish","type":"product","link":"https:\/\/oragarden.de\/en\/product\/kolibri-rosa-phalaenopsis-orchidee-andorra-set-pastelltopf-rosa-topfgrose-o9cm\/","title":{"rendered":"Kolibri Rosa Phalaenopsis Orchidee Andorra Set (Pastelltopf rosa &#8211; Topfgr\u00f6\u00dfe \u00d89cm)"},"content":{"rendered":"<p>Holen Sie sich die Sch\u00f6nheit der Natur nach drinnen mit der sch\u00f6nen Andorra Orchidee in einem Pastell Topf gr\u00fcn. Der pastellfarbene Dekotopf, in dem diese Andorra-Orchidee geliefert wird, ist aus hochwertiger Keramik gefertigt und hat eine sch\u00f6ne gl\u00e4nzende Oberfl\u00e4che. Diese bezaubernde Pflanze wird zweifellos sch\u00f6n aussehen in jedem Raum, in dem es platziert wird. Mit einer Topfgr\u00f6\u00dfe von 9 und 2 oder 3 Zweigen ist diese Andorra-Orchidee perfekt f\u00fcr jede Art von Wohnraum, sei es ein stilvolles Esszimmer, ein gem\u00fctliches Wohnzimmer oder sogar ein B\u00fcro.<\/p>\r\n\r\n<p><strong>Soins des orchid\u00e9es<\/strong><br \/>Arrosez votre orchid\u00e9e une fois par semaine en immergeant le pot de culture dans l&#8217;eau. Laissez l&#8217;orchid\u00e9e s&#8217;\u00e9goutter compl\u00e8tement avant de replacer la plante d&#8217;int\u00e9rieur dans son pot d\u00e9coratif. Choisissez un endroit lumineux, mais pas en plein soleil, avec une temp\u00e9rature ambiante comprise entre 18 et 21 degr\u00e9s. Ne placez pas l&#8217;orchid\u00e9e pr\u00e8s d&#8217;un po\u00eale ou d&#8217;un appareil de chauffage.<\/p> \r\n\r\n<p><br \/><strong>Emballage et livraison<\/strong><br \/>Nos plantes vous sont envoy\u00e9es directement de notre p\u00e9pini\u00e8re. Ils sont emball\u00e9s dans une bo\u00eete d&#8217;exp\u00e9dition sp\u00e9cialement con\u00e7ue \u00e0 cet effet, qui garantit que les plantes et les pots ne seront pas endommag\u00e9s pendant le transport.<\/p>","protected":false},"excerpt":{"rendered":"<p>Holen Sie sich die Sch\u00f6nheit der Natur nach drinnen mit der sch\u00f6nen Andorra Orchidee in einem Pastell Topf gr\u00fcn. Der pastellfarbene Dekotopf, in dem diese Andorra-Orchidee geliefert wird, ist aus hochwertiger Keramik gefertigt und hat eine sch\u00f6ne gl\u00e4nzende Oberfl\u00e4che. Diese bezaubernde Pflanze wird zweifellos sch\u00f6n aussehen in jedem Raum, in dem es platziert wird. Mit [&hellip;]<\/p>\n","protected":false},"author":1,"featured_media":34575,"comment_status":"open","ping_status":"closed","template":"","meta":{"inline_featured_image":false},"pwb-brand":[5097],"product_cat":[5126,4770],"product_tag":[],"class_list":{"0":"post-34574","1":"product","2":"type-product","3":"status-publish","4":"has-post-thumbnail","6":"pwb-brand-kolibri","7":"product_cat-cat-orchideen","8":"product_cat-cat-pflanzen-sets","10":"first","11":"outofstock","12":"sale","13":"taxable","14":"shipping-taxable","15":"purchasable","16":"product-type-simple"},"acf":[],"gtin":"8785279222026","brands":[{"id":5097,"name":"Kolibri","slug":"kolibri"}],"_links":{"self":[{"href":"https:\/\/oragarden.de\/en\/wp-json\/wp\/v2\/product\/34574","targetHints":{"allow":["GET"]}}],"collection":[{"href":"https:\/\/oragarden.de\/en\/wp-json\/wp\/v2\/product"}],"about":[{"href":"https:\/\/oragarden.de\/en\/wp-json\/wp\/v2\/types\/product"}],"author":[{"embeddable":true,"href":"https:\/\/oragarden.de\/en\/wp-json\/wp\/v2\/users\/1"}],"replies":[{"embeddable":true,"href":"https:\/\/oragarden.de\/en\/wp-json\/wp\/v2\/comments?post=34574"}],"wp:featuredmedia":[{"embeddable":true,"href":"https:\/\/oragarden.de\/en\/wp-json\/wp\/v2\/media\/34575"}],"wp:attachment":[{"href":"https:\/\/oragarden.de\/en\/wp-json\/wp\/v2\/media?parent=34574"}],"wp:term":[{"taxonomy":"pwb-brand","embeddable":true,"href":"https:\/\/oragarden.de\/en\/wp-json\/wp\/v2\/pwb-brand?post=34574"},{"taxonomy":"product_cat","embeddable":true,"href":"https:\/\/oragarden.de\/en\/wp-json\/wp\/v2\/product_cat?post=34574"},{"taxonomy":"product_tag","embeddable":true,"href":"https:\/\/oragarden.de\/en\/wp-json\/wp\/v2\/product_tag?post=34574"}],"curies":[{"name":"wp","href":"https:\/\/api.w.org\/{rel}","templated":true}]}}