{"id":34561,"date":"2024-04-23T21:48:47","date_gmt":"2024-04-23T22:48:47","guid":{"rendered":"https:\/\/oragarden.de\/?post_type=product&#038;p=34561"},"modified":"2025-10-24T13:28:24","modified_gmt":"2025-10-24T14:28:24","slug":"kolibri-orange-phalaenopsis-orchidee-mineral-bolzano-set-bubble-topf-weis-topfgrose-o9cm","status":"publish","type":"product","link":"https:\/\/oragarden.de\/en\/product\/kolibri-orange-phalaenopsis-orchidee-mineral-bolzano-set-bubble-topf-weis-topfgrose-o9cm\/","title":{"rendered":"Kolibri Orange Phalaenopsis Orchidee Mineral Bolzano Set (Bubble Topf wei\u00df &#8211; Topfgr\u00f6\u00dfe \u00d89cm)"},"content":{"rendered":"Holen Sie sich die Sch\u00f6nheit der Natur ins Haus mit der sch\u00f6nen Bozener Orchidee im Bubble-Topf wei\u00df. Der Bubble-Dekotopf, in dem diese Bozener Orchidee geliefert wird, ist aus hochwertiger Keramik gefertigt und hat eine sch\u00f6ne matte Oberfl\u00e4che. Diese bezaubernde Pflanze wird zweifellos in jedem Raum, in dem sie aufgestellt wird, sch\u00f6n aussehen. Mit einer Topfgr\u00f6\u00dfe von 9 und 2 oder 3 Zweigen ist diese Bozener Orchidee perfekt f\u00fcr jede Art von Wohnraum, sei es ein stilvolles Esszimmer, ein gem\u00fctliches Wohnzimmer oder sogar ein B\u00fcro.\r\n\r\n<strong>Pflege von Orchideen<\/strong>\r\nGie\u00dfen Sie Ihre Orchidee einmal pro Woche, indem Sie den Anzuchttopf in Wasser tauchen. Lassen Sie die Orchidee gut abtropfen, bevor Sie die Zimmerpflanze wieder in ihren Ziertopf setzen. W\u00e4hlen Sie einen hellen Standort, aber nicht in direkter Sonneneinstrahlung, mit einer Raumtemperatur zwischen 18 und 21 Grad. Stellen Sie die Orchidee nicht in die N\u00e4he eines Ofens oder einer Heizung.\r\n\r\n<strong>Verpackung und Lieferung<\/strong>\r\nUnsere Pflanzen werden direkt von unserer G\u00e4rtnerei zu Ihnen geschickt. Sie werden in einem speziell entwickelten Versandkarton verpackt, der sicherstellt, dass Pflanzen und T\u00f6pfe beim Versand nicht besch\u00e4digt werden.","protected":false},"excerpt":{"rendered":"<p>Holen Sie sich die Sch\u00f6nheit der Natur ins Haus mit der sch\u00f6nen Bozener Orchidee im Bubble-Topf wei\u00df. Der Bubble-Dekotopf, in dem diese Bozener Orchidee geliefert wird, ist aus hochwertiger Keramik gefertigt und hat eine sch\u00f6ne matte Oberfl\u00e4che. Diese bezaubernde Pflanze wird zweifellos in jedem Raum, in dem sie aufgestellt wird, sch\u00f6n aussehen. Mit einer Topfgr\u00f6\u00dfe [&hellip;]<\/p>\n","protected":false},"author":1,"featured_media":34562,"comment_status":"open","ping_status":"closed","template":"","meta":{"inline_featured_image":false},"pwb-brand":[5097],"product_cat":[5126,4770],"product_tag":[],"class_list":{"0":"post-34561","1":"product","2":"type-product","3":"status-publish","4":"has-post-thumbnail","6":"pwb-brand-kolibri","7":"product_cat-cat-orchideen","8":"product_cat-cat-pflanzen-sets","10":"first","11":"outofstock","12":"sale","13":"taxable","14":"shipping-taxable","15":"purchasable","16":"product-type-simple"},"acf":[],"gtin":"8785279222040","brands":[{"id":5097,"name":"Kolibri","slug":"kolibri"}],"_links":{"self":[{"href":"https:\/\/oragarden.de\/en\/wp-json\/wp\/v2\/product\/34561","targetHints":{"allow":["GET"]}}],"collection":[{"href":"https:\/\/oragarden.de\/en\/wp-json\/wp\/v2\/product"}],"about":[{"href":"https:\/\/oragarden.de\/en\/wp-json\/wp\/v2\/types\/product"}],"author":[{"embeddable":true,"href":"https:\/\/oragarden.de\/en\/wp-json\/wp\/v2\/users\/1"}],"replies":[{"embeddable":true,"href":"https:\/\/oragarden.de\/en\/wp-json\/wp\/v2\/comments?post=34561"}],"wp:featuredmedia":[{"embeddable":true,"href":"https:\/\/oragarden.de\/en\/wp-json\/wp\/v2\/media\/34562"}],"wp:attachment":[{"href":"https:\/\/oragarden.de\/en\/wp-json\/wp\/v2\/media?parent=34561"}],"wp:term":[{"taxonomy":"pwb-brand","embeddable":true,"href":"https:\/\/oragarden.de\/en\/wp-json\/wp\/v2\/pwb-brand?post=34561"},{"taxonomy":"product_cat","embeddable":true,"href":"https:\/\/oragarden.de\/en\/wp-json\/wp\/v2\/product_cat?post=34561"},{"taxonomy":"product_tag","embeddable":true,"href":"https:\/\/oragarden.de\/en\/wp-json\/wp\/v2\/product_tag?post=34561"}],"curies":[{"name":"wp","href":"https:\/\/api.w.org\/{rel}","templated":true}]}}