{"id":34383,"date":"2024-05-27T21:17:56","date_gmt":"2024-05-27T22:17:56","guid":{"rendered":"https:\/\/oragarden.de\/?post_type=product&#038;p=34383"},"modified":"2025-10-24T13:27:42","modified_gmt":"2025-10-24T14:27:42","slug":"kolibri-home-keramik-blatttopf-rosa-o6-cm","status":"publish","type":"product","link":"https:\/\/oragarden.de\/en\/product\/kolibri-home-keramik-blatttopf-rosa-o6-cm\/","title":{"rendered":"Kolibri Home Keramik Blatttopf Rosa &#8211; \u00d86 cm"},"content":{"rendered":"<p>Entdecken Sie den Leaf-Topf in frischem Rosa, eine zeitlose und elegante Erg\u00e4nzung f\u00fcr Ihr Interieur. Perfekt f\u00fcr sch\u00f6ne Orchideen und Gr\u00fcnpflanzen, bringt dieser Topf eine harmonische Atmosph\u00e4re in Ihr Zuhause. Der Topf hat eine leicht gl\u00e4nzende Oberfl\u00e4che, auf die pastellrosa Bl\u00e4tter gezeichnet sind.<\/p>","protected":false},"excerpt":{"rendered":"<p>Entdecken Sie den Leaf-Topf in frischem Rosa, eine zeitlose und elegante Erg\u00e4nzung f\u00fcr Ihr Interieur. Perfekt f\u00fcr sch\u00f6ne Orchideen und Gr\u00fcnpflanzen, bringt dieser Topf eine harmonische Atmosph\u00e4re in Ihr Zuhause. Der Topf hat eine leicht gl\u00e4nzende Oberfl\u00e4che, auf die pastellrosa Bl\u00e4tter gezeichnet sind.<\/p>\n","protected":false},"author":1,"featured_media":34384,"comment_status":"open","ping_status":"closed","template":"","meta":{"inline_featured_image":false},"pwb-brand":[5097],"product_cat":[6267,2164],"product_tag":[6767,6754,6852],"class_list":{"0":"post-34383","1":"product","2":"type-product","3":"status-publish","4":"has-post-thumbnail","6":"pwb-brand-kolibri","7":"product_cat-cat-orchideentopfe","8":"product_cat-cat-pflanzgefase-ubertopfe","9":"product_tag-cat-keramik-blumentopfe","10":"product_tag-rosa-blumentopfe-ubertopfe","11":"product_tag-uebertoepfe-fuer-orchideen","13":"first","14":"outofstock","15":"sale","16":"taxable","17":"shipping-taxable","18":"purchasable","19":"product-type-simple"},"acf":[],"gtin":"8785279221753","brands":[{"id":5097,"name":"Kolibri","slug":"kolibri"}],"_links":{"self":[{"href":"https:\/\/oragarden.de\/en\/wp-json\/wp\/v2\/product\/34383","targetHints":{"allow":["GET"]}}],"collection":[{"href":"https:\/\/oragarden.de\/en\/wp-json\/wp\/v2\/product"}],"about":[{"href":"https:\/\/oragarden.de\/en\/wp-json\/wp\/v2\/types\/product"}],"author":[{"embeddable":true,"href":"https:\/\/oragarden.de\/en\/wp-json\/wp\/v2\/users\/1"}],"replies":[{"embeddable":true,"href":"https:\/\/oragarden.de\/en\/wp-json\/wp\/v2\/comments?post=34383"}],"wp:featuredmedia":[{"embeddable":true,"href":"https:\/\/oragarden.de\/en\/wp-json\/wp\/v2\/media\/34384"}],"wp:attachment":[{"href":"https:\/\/oragarden.de\/en\/wp-json\/wp\/v2\/media?parent=34383"}],"wp:term":[{"taxonomy":"pwb-brand","embeddable":true,"href":"https:\/\/oragarden.de\/en\/wp-json\/wp\/v2\/pwb-brand?post=34383"},{"taxonomy":"product_cat","embeddable":true,"href":"https:\/\/oragarden.de\/en\/wp-json\/wp\/v2\/product_cat?post=34383"},{"taxonomy":"product_tag","embeddable":true,"href":"https:\/\/oragarden.de\/en\/wp-json\/wp\/v2\/product_tag?post=34383"}],"curies":[{"name":"wp","href":"https:\/\/api.w.org\/{rel}","templated":true}]}}