{"id":34335,"date":"2024-05-14T11:05:44","date_gmt":"2024-05-14T12:05:44","guid":{"rendered":"https:\/\/oragarden.de\/?post_type=product&#038;p=34335"},"modified":"2025-10-24T13:27:37","modified_gmt":"2025-10-24T14:27:37","slug":"kolibri-home-diabolo-gericht-keramik-blumentopf-weis","status":"publish","type":"product","link":"https:\/\/oragarden.de\/en\/product\/kolibri-home-diabolo-gericht-keramik-blumentopf-weis\/","title":{"rendered":"Kolibri Home Diabolo-Gericht Keramik Blumentopf Wei\u00df"},"content":{"rendered":"<p>Neu im Kolibri Home Collection, die wundersch\u00f6ne wei\u00dfe Diabolo-Schale! Dieser dekorative Topf ist ideal f\u00fcr die Platzierung mehrerer Pflanzen. Dieser Topf bildet einen gro\u00dfen Strau\u00df Zimmerpflanzen. Die wei\u00dfe Diabolo-Schale besteht aus Keramik und hat eine gerippte Oberfl\u00e4che. Z\u00f6gern Sie nicht und holen Sie sich diesen wundersch\u00f6nen Dekotopf in Ihr Zuhause!<\/p>","protected":false},"excerpt":{"rendered":"<p>Neu im Kolibri Home Collection, die wundersch\u00f6ne wei\u00dfe Diabolo-Schale! Dieser dekorative Topf ist ideal f\u00fcr die Platzierung mehrerer Pflanzen. Dieser Topf bildet einen gro\u00dfen Strau\u00df Zimmerpflanzen. Die wei\u00dfe Diabolo-Schale besteht aus Keramik und hat eine gerippte Oberfl\u00e4che. Z\u00f6gern Sie nicht und holen Sie sich diesen wundersch\u00f6nen Dekotopf in Ihr Zuhause!<\/p>\n","protected":false},"author":1,"featured_media":34336,"comment_status":"open","ping_status":"closed","template":"","meta":{"inline_featured_image":false},"pwb-brand":[5097],"product_cat":[6267,6715],"product_tag":[6746],"class_list":{"0":"post-34335","1":"product","2":"type-product","3":"status-publish","4":"has-post-thumbnail","6":"pwb-brand-kolibri","7":"product_cat-cat-orchideentopfe","8":"product_cat-cat-pflanztopfe","9":"product_tag-blumentopfe-weis","11":"first","12":"outofstock","13":"sale","14":"taxable","15":"shipping-taxable","16":"purchasable","17":"product-type-simple"},"acf":[],"gtin":"8785279221609","brands":[{"id":5097,"name":"Kolibri","slug":"kolibri"}],"_links":{"self":[{"href":"https:\/\/oragarden.de\/en\/wp-json\/wp\/v2\/product\/34335","targetHints":{"allow":["GET"]}}],"collection":[{"href":"https:\/\/oragarden.de\/en\/wp-json\/wp\/v2\/product"}],"about":[{"href":"https:\/\/oragarden.de\/en\/wp-json\/wp\/v2\/types\/product"}],"author":[{"embeddable":true,"href":"https:\/\/oragarden.de\/en\/wp-json\/wp\/v2\/users\/1"}],"replies":[{"embeddable":true,"href":"https:\/\/oragarden.de\/en\/wp-json\/wp\/v2\/comments?post=34335"}],"wp:featuredmedia":[{"embeddable":true,"href":"https:\/\/oragarden.de\/en\/wp-json\/wp\/v2\/media\/34336"}],"wp:attachment":[{"href":"https:\/\/oragarden.de\/en\/wp-json\/wp\/v2\/media?parent=34335"}],"wp:term":[{"taxonomy":"pwb-brand","embeddable":true,"href":"https:\/\/oragarden.de\/en\/wp-json\/wp\/v2\/pwb-brand?post=34335"},{"taxonomy":"product_cat","embeddable":true,"href":"https:\/\/oragarden.de\/en\/wp-json\/wp\/v2\/product_cat?post=34335"},{"taxonomy":"product_tag","embeddable":true,"href":"https:\/\/oragarden.de\/en\/wp-json\/wp\/v2\/product_tag?post=34335"}],"curies":[{"name":"wp","href":"https:\/\/api.w.org\/{rel}","templated":true}]}}