{"id":34330,"date":"2024-05-27T21:18:00","date_gmt":"2024-05-27T22:18:00","guid":{"rendered":"https:\/\/oragarden.de\/?post_type=product&#038;p=34330"},"modified":"2025-10-24T13:27:36","modified_gmt":"2025-10-24T14:27:36","slug":"kolibri-home-keramik-gummigericht","status":"publish","type":"product","link":"https:\/\/oragarden.de\/en\/product\/kolibri-home-keramik-gummigericht\/","title":{"rendered":"Kolibri Home Keramik Gummigericht"},"content":{"rendered":"Neu in der Kolibri Home Kollektion, die sch\u00f6ne Gummy-Schale! Dieser dekorative Topf ist ideal, um mehrere Pflanzen darin zu setzen. Auf diese Weise bildet dieser Topf einen tollen Blumenstrau\u00df aus Zimmerpflanzen. Die Gummy-Schale ist aus Keramik gefertigt und hat eine gl\u00e4nzende Oberfl\u00e4che. Z\u00f6gern Sie nicht und holen Sie sich diesen sch\u00f6nen Dekotopf in Ihr Zuhause!","protected":false},"excerpt":{"rendered":"<p>Neu in der Kolibri Home Kollektion, die sch\u00f6ne Gummy-Schale! Dieser dekorative Topf ist ideal, um mehrere Pflanzen darin zu setzen. Auf diese Weise bildet dieser Topf einen tollen Blumenstrau\u00df aus Zimmerpflanzen. Die Gummy-Schale ist aus Keramik gefertigt und hat eine gl\u00e4nzende Oberfl\u00e4che. Z\u00f6gern Sie nicht und holen Sie sich diesen sch\u00f6nen Dekotopf in Ihr Zuhause!<\/p>\n","protected":false},"author":1,"featured_media":34331,"comment_status":"open","ping_status":"closed","template":"","meta":{"inline_featured_image":false},"pwb-brand":[5097],"product_cat":[6267,2164],"product_tag":[6767,6852],"class_list":{"0":"post-34330","1":"product","2":"type-product","3":"status-publish","4":"has-post-thumbnail","6":"pwb-brand-kolibri","7":"product_cat-cat-orchideentopfe","8":"product_cat-cat-pflanzgefase-ubertopfe","9":"product_tag-cat-keramik-blumentopfe","10":"product_tag-uebertoepfe-fuer-orchideen","12":"first","13":"outofstock","14":"sale","15":"taxable","16":"shipping-taxable","17":"purchasable","18":"product-type-simple"},"acf":[],"gtin":"8785279221593","brands":[{"id":5097,"name":"Kolibri","slug":"kolibri"}],"_links":{"self":[{"href":"https:\/\/oragarden.de\/en\/wp-json\/wp\/v2\/product\/34330","targetHints":{"allow":["GET"]}}],"collection":[{"href":"https:\/\/oragarden.de\/en\/wp-json\/wp\/v2\/product"}],"about":[{"href":"https:\/\/oragarden.de\/en\/wp-json\/wp\/v2\/types\/product"}],"author":[{"embeddable":true,"href":"https:\/\/oragarden.de\/en\/wp-json\/wp\/v2\/users\/1"}],"replies":[{"embeddable":true,"href":"https:\/\/oragarden.de\/en\/wp-json\/wp\/v2\/comments?post=34330"}],"wp:featuredmedia":[{"embeddable":true,"href":"https:\/\/oragarden.de\/en\/wp-json\/wp\/v2\/media\/34331"}],"wp:attachment":[{"href":"https:\/\/oragarden.de\/en\/wp-json\/wp\/v2\/media?parent=34330"}],"wp:term":[{"taxonomy":"pwb-brand","embeddable":true,"href":"https:\/\/oragarden.de\/en\/wp-json\/wp\/v2\/pwb-brand?post=34330"},{"taxonomy":"product_cat","embeddable":true,"href":"https:\/\/oragarden.de\/en\/wp-json\/wp\/v2\/product_cat?post=34330"},{"taxonomy":"product_tag","embeddable":true,"href":"https:\/\/oragarden.de\/en\/wp-json\/wp\/v2\/product_tag?post=34330"}],"curies":[{"name":"wp","href":"https:\/\/api.w.org\/{rel}","templated":true}]}}