{"id":34171,"date":"2024-05-27T21:17:59","date_gmt":"2024-05-27T22:17:59","guid":{"rendered":"https:\/\/oragarden.de\/?post_type=product&#038;p=34171"},"modified":"2025-10-24T13:27:14","modified_gmt":"2025-10-24T14:27:14","slug":"kolibri-home-keramik-elite-topf-kupfer-o12-cm","status":"publish","type":"product","link":"https:\/\/oragarden.de\/en\/product\/kolibri-home-keramik-elite-topf-kupfer-o12-cm\/","title":{"rendered":"Kolibri Home Keramik Elite-Topf Kupfer &#8211; \u00d812 cm"},"content":{"rendered":"Der Elite-Topf ist die perfekte Erg\u00e4nzung f\u00fcr Ihr Interieur. Dieser dekorative Keramiktopf mit seiner gl\u00e4nzenden Kupferfarbe verleiht jedem Raum einen luxuri\u00f6sen Touch. Mit einer Topfgr\u00f6\u00dfe von 12 ist er ideal f\u00fcr mittelgro\u00dfe Pflanzen. Kreieren Sie einen stilvollen und trendigen Look mit dem Elite-Topf. Ein unentbehrliches Accessoire f\u00fcr jeden Pflanzenliebhaber.","protected":false},"excerpt":{"rendered":"<p>Der Elite-Topf ist die perfekte Erg\u00e4nzung f\u00fcr Ihr Interieur. Dieser dekorative Keramiktopf mit seiner gl\u00e4nzenden Kupferfarbe verleiht jedem Raum einen luxuri\u00f6sen Touch. Mit einer Topfgr\u00f6\u00dfe von 12 ist er ideal f\u00fcr mittelgro\u00dfe Pflanzen. Kreieren Sie einen stilvollen und trendigen Look mit dem Elite-Topf. Ein unentbehrliches Accessoire f\u00fcr jeden Pflanzenliebhaber.<\/p>\n","protected":false},"author":1,"featured_media":34172,"comment_status":"open","ping_status":"closed","template":"","meta":{"inline_featured_image":false},"pwb-brand":[5097],"product_cat":[6267,2164],"product_tag":[6767,6852],"class_list":{"0":"post-34171","1":"product","2":"type-product","3":"status-publish","4":"has-post-thumbnail","6":"pwb-brand-kolibri","7":"product_cat-cat-orchideentopfe","8":"product_cat-cat-pflanzgefase-ubertopfe","9":"product_tag-cat-keramik-blumentopfe","10":"product_tag-uebertoepfe-fuer-orchideen","12":"first","13":"outofstock","14":"sale","15":"taxable","16":"shipping-taxable","17":"purchasable","18":"product-type-simple"},"acf":[],"gtin":"8785279221463","brands":[{"id":5097,"name":"Kolibri","slug":"kolibri"}],"_links":{"self":[{"href":"https:\/\/oragarden.de\/en\/wp-json\/wp\/v2\/product\/34171","targetHints":{"allow":["GET"]}}],"collection":[{"href":"https:\/\/oragarden.de\/en\/wp-json\/wp\/v2\/product"}],"about":[{"href":"https:\/\/oragarden.de\/en\/wp-json\/wp\/v2\/types\/product"}],"author":[{"embeddable":true,"href":"https:\/\/oragarden.de\/en\/wp-json\/wp\/v2\/users\/1"}],"replies":[{"embeddable":true,"href":"https:\/\/oragarden.de\/en\/wp-json\/wp\/v2\/comments?post=34171"}],"wp:featuredmedia":[{"embeddable":true,"href":"https:\/\/oragarden.de\/en\/wp-json\/wp\/v2\/media\/34172"}],"wp:attachment":[{"href":"https:\/\/oragarden.de\/en\/wp-json\/wp\/v2\/media?parent=34171"}],"wp:term":[{"taxonomy":"pwb-brand","embeddable":true,"href":"https:\/\/oragarden.de\/en\/wp-json\/wp\/v2\/pwb-brand?post=34171"},{"taxonomy":"product_cat","embeddable":true,"href":"https:\/\/oragarden.de\/en\/wp-json\/wp\/v2\/product_cat?post=34171"},{"taxonomy":"product_tag","embeddable":true,"href":"https:\/\/oragarden.de\/en\/wp-json\/wp\/v2\/product_tag?post=34171"}],"curies":[{"name":"wp","href":"https:\/\/api.w.org\/{rel}","templated":true}]}}