{"id":34022,"date":"2024-05-07T21:04:51","date_gmt":"2024-05-07T22:04:51","guid":{"rendered":"https:\/\/oragarden.de\/?post_type=product&#038;p=34022"},"modified":"2025-10-24T13:27:02","modified_gmt":"2025-10-24T14:27:02","slug":"elho-greenville-pflanztopf-rund-laubgrun-d39-cm-h37-cm","status":"publish","type":"product","link":"https:\/\/oragarden.de\/en\/product\/elho-greenville-pflanztopf-rund-laubgrun-d39-cm-h37-cm\/","title":{"rendered":"Elho Greenville Pflanztopf Rund Laubgr\u00fcn &#8211; D39 cm, H37 cm"},"content":{"rendered":"<p>Ob Sie sich f\u00fcr eine einzelne Pflanze entscheiden oder Ihren ganzen Garten gr\u00fcner machen m\u00f6chten: Mit unseren greenville Blument\u00f6pfen liegen Sie in jedem Fall richtig. Die Blument\u00f6pfe sind in verschiedenen nat\u00fcrlichen Farben erh\u00e4ltlich und passen mit ihrem klaren Design perfekt in Ihren Garten. Dank des integrierten Wasserspeichers k\u00f6nnen Sie m\u00fchelos f\u00fcr Ihre Pflanzen sorgen. Sie k\u00f6nnen sich darauf verlassen, dass dieser Blumentopf mit Liebe zur Natur gemacht wurde. Er besteht aus recyceltem Kunststoff, wurde produziert mit Windenergie von unserem eigenen Windrad und ist au\u00dferdem vollst\u00e4ndig recyclebar.<\/p><h3>Pflanzenpflege wird zum Kinderspiel<\/h3><p>Alle unsere greenville T\u00f6pfe haben einen integrierten Wasserspeicher. Dort wird \u00fcbersch\u00fcssiges Wasser gespeichert, sodass die Pflanze es sp\u00e4ter nutzen kann. Auf diese Weise verhindern Sie, dass die Pflanzen im Nassen stehen. Und sie haben Reserven, wenn sie Durst bekommen. Praktisch, wenn Sie aus Versehen mal vergessen, sie zu gie\u00dfen, oder wenn Sie zu viel gegossen haben. So k\u00f6nnen Sie Ihre sch\u00f6nen gr\u00fcnen Pflanzen noch l\u00e4nger genie\u00dfen!<\/p><h3>Klares Design und nat\u00fcrliche Farben<\/h3><p>Die greenville Kollektion hat ein modernes, elegantes Design und ist in nat\u00fcrlichen Farben erh\u00e4ltlich. Da sich die verschiedenen Gr\u00f6\u00dfen und Farben so gut miteinander kombinieren lassen, ist greenville der ideale Topf zum Mixen &amp; Matchen. Damit schaffen Sie die perfekte gr\u00fcne Umgebung in Ihrem Garten!<\/p><h3>Dauerbrenner<\/h3><p>Diese hochwertigen T\u00f6pfe bestehen zu 100% aus recyceltem Kunststoff. Sie k\u00f6nnen darum auch mal einen Sto\u00df verkraften. Die T\u00f6pfe sind frostbest\u00e4ndig und bleichen nicht aus. So k\u00f6nnen Sie in jeder Jahreszeit in den Genuss von mehr Gr\u00fcn im Garten oder auf der Terrasse kommen.<\/p><h2>Produktmerkmale<\/h2><ul><li>Hergestellt aus 100% recyceltem Plastik, produziert mit Windenergie, 100% recycelbar<\/li><li>Dieser Topf hat einen integrierten Wasserspeicher, damit Ihre Pflanzen nie durstig werden.<\/li><li>Der Topf ist frostbest\u00e4ndig und f\u00fcr jede Gartensaison geeignet.<\/li><\/ul><p>In der greenville-Kollektion vereinen sich elegante Designtrends mit einer praktischen, intelligenten L\u00f6sung zur Pflanzenpflege. Hinter der klaren, nahtlosen Aufmachung dieses Designer-Pflanztopfes verbirgt sich ein praktisches integriertes Wasserreservoir, das Ihre Pflanzen gleichm\u00e4\u00dfig mit Feuchtigkeit versorgt. Der Pflanzbeh\u00e4lter wird in verschiedenen nat\u00fcrlichen Farben angeboten und ist der ideale gr\u00fcne Begleiter f\u00fcr Haus und Garten. Da wir bei elho die Natur nicht nur uns n\u00e4herbringen wollen, sondern diese auch bewahren, besteht dieser Pflanzbeh\u00e4lter aus 100 % recyceltem Material.<\/p>","protected":false},"excerpt":{"rendered":"<p>Ob Sie sich f\u00fcr eine einzelne Pflanze entscheiden oder Ihren ganzen Garten gr\u00fcner machen m\u00f6chten: Mit unseren greenville Blument\u00f6pfen liegen Sie in jedem Fall richtig. Die Blument\u00f6pfe sind in verschiedenen nat\u00fcrlichen Farben erh\u00e4ltlich und passen mit ihrem klaren Design perfekt in Ihren Garten. Dank des integrierten Wasserspeichers k\u00f6nnen Sie m\u00fchelos f\u00fcr Ihre Pflanzen sorgen. Sie [&hellip;]<\/p>\n","protected":false},"author":1,"featured_media":34023,"comment_status":"open","ping_status":"closed","template":"","meta":{"inline_featured_image":false},"pwb-brand":[5613],"product_cat":[6715],"product_tag":[6755],"class_list":{"0":"post-34022","1":"product","2":"type-product","3":"status-publish","4":"has-post-thumbnail","6":"pwb-brand-elho","7":"product_cat-cat-pflanztopfe","8":"product_tag-grun-blumentopfe","10":"first","11":"outofstock","12":"sale","13":"taxable","14":"shipping-taxable","15":"purchasable","16":"product-type-simple"},"acf":[],"gtin":"8721055699330","brands":[{"id":5613,"name":"Elho","slug":"elho"}],"_links":{"self":[{"href":"https:\/\/oragarden.de\/en\/wp-json\/wp\/v2\/product\/34022","targetHints":{"allow":["GET"]}}],"collection":[{"href":"https:\/\/oragarden.de\/en\/wp-json\/wp\/v2\/product"}],"about":[{"href":"https:\/\/oragarden.de\/en\/wp-json\/wp\/v2\/types\/product"}],"author":[{"embeddable":true,"href":"https:\/\/oragarden.de\/en\/wp-json\/wp\/v2\/users\/1"}],"replies":[{"embeddable":true,"href":"https:\/\/oragarden.de\/en\/wp-json\/wp\/v2\/comments?post=34022"}],"wp:featuredmedia":[{"embeddable":true,"href":"https:\/\/oragarden.de\/en\/wp-json\/wp\/v2\/media\/34023"}],"wp:attachment":[{"href":"https:\/\/oragarden.de\/en\/wp-json\/wp\/v2\/media?parent=34022"}],"wp:term":[{"taxonomy":"pwb-brand","embeddable":true,"href":"https:\/\/oragarden.de\/en\/wp-json\/wp\/v2\/pwb-brand?post=34022"},{"taxonomy":"product_cat","embeddable":true,"href":"https:\/\/oragarden.de\/en\/wp-json\/wp\/v2\/product_cat?post=34022"},{"taxonomy":"product_tag","embeddable":true,"href":"https:\/\/oragarden.de\/en\/wp-json\/wp\/v2\/product_tag?post=34022"}],"curies":[{"name":"wp","href":"https:\/\/api.w.org\/{rel}","templated":true}]}}