{"id":33969,"date":"2024-05-07T23:51:38","date_gmt":"2024-05-08T00:51:38","guid":{"rendered":"https:\/\/oragarden.de\/?post_type=product&#038;p=33969"},"modified":"2025-10-24T13:26:59","modified_gmt":"2025-10-24T14:26:59","slug":"elho-pure-coupe-pflanzkubel-balanced-beige-d35-cm-h49-cm","status":"publish","type":"product","link":"https:\/\/oragarden.de\/en\/product\/elho-pure-coupe-pflanzkubel-balanced-beige-d35-cm-h49-cm\/","title":{"rendered":"Elho Pure Coupe Pflanzk\u00fcbel Balanced Beige &#8211; D35 cm, H49 cm"},"content":{"rendered":"<p>Stellen Sie Ihre Pflanze buchst\u00e4blich auf einen Sockel mit dem pure coupe! Die Form des coupe folgt dem neuesten Trend und in Kombination mit der runden, weichen Form von pure ist er ein echter Hingucker. Durch die Verf\u00fcgbarkeit mehrerer Farben und Gr\u00f6\u00dfen l\u00e4sst er sich gut mit verschiedenen Pflanzen und Blumen kombinieren. Das macht ihn zum idealen Blumentopf f\u00fcr jede Einrichtung und jeden Garten. Sie k\u00f6nnen sich darauf verlassen, dass dieser Blumentopf mit Liebe zur Natur gemacht wurde. Er wurde produziert mit Windenergie von unserem eigenen Windrad und ist au\u00dferdem vollst\u00e4ndig recyclebar. Genuss f\u00fcr Sie und f\u00fcr die Natur!<\/p><h3>Ein echter Hingucker<\/h3><p>Der pure coupe hat eine runde, organische Form und ist in verschiedenen Gr\u00f6\u00dfen und Farben erh\u00e4ltlich. So finden Sie sicher eine Variante, die zu Ihnen passt. Sie k\u00f6nnen ihn als einzelnen Hingucker verwenden oder durch Mixen &amp; Matchen mit verschiedenen Gr\u00f6\u00dfen und Farben einen spielerischen Effekt erzielen.<\/p><h3>Ganz nach Ihrem Geschmack<\/h3><p>Der pure coupe peppt Ihre Einrichtung oder Ihren Garten auf. Dieser sch\u00f6ne Topf kann in Innenr\u00e4umen sofort genutzt werden. Wenn Sie ihn nach drau\u00dfen stellen m\u00f6chten, vergessen Sie nicht, das angezeichnete Loch hineinzubohren. Auf diese Weise kann \u00fcbersch\u00fcssiges Wasser abflie\u00dfen, damit die Wurzeln nicht anfangen zu faulen.<\/p><h3>Langlebiger Genuss<\/h3><p>Der pure coupe kann ein wenig Schmutz und auch St\u00f6\u00dfe gut verkraften. Der Kunststoff, aus dem der Topf besteht, hat eine hohe Qualit\u00e4t. Darum kann er auch in der vollen Sonne stehen, ohne dass die Farben ausbleichen. Sogar bei Temperaturen bis zu -40 Grad kann er drau\u00dfen bleiben. Er l\u00e4sst sich ganz einfach verstellen und reinigen.<\/p><h2>Produktmerkmale<\/h2><ul><li>Hergestellt aus Recycling-Kunststoff, produziert mit Windenergie, 100% recycelbar<\/li><li>Sowohl f\u00fcr drinnen als auch drau\u00dfen geeignet<\/li><li>Kombinierbar mit dem elho Selbstbew\u00e4sserungseinsatz 28 cm<\/li><\/ul><p>Die Sch\u00f6nheit der Natur und die zeitgen\u00f6ssische Architektur waren Inspirationsquellen beim Schaffen der attraktiven pure-Kollektion. Die pure-Produkte entstehen durch den Einsatz einer besonderen Technik, dem sogenannten Rotationsgie\u00dfen. Sie werden danach sorgf\u00e4ltig mit der Hand bearbeitet, bis das gew\u00fcnschte Endergebnis erreicht ist. Die Verwendung des langlebigen Kunststoffs \u201cPolyethylen\u201d in Kombination mit der Rotationstechnik sorgt daf\u00fcr, dass die pure-Produkte stark, leicht, unzerbrechlich und dar\u00fcber hinaus frostund UV-best\u00e4ndig sind.<\/p>","protected":false},"excerpt":{"rendered":"<p>Stellen Sie Ihre Pflanze buchst\u00e4blich auf einen Sockel mit dem pure coupe! Die Form des coupe folgt dem neuesten Trend und in Kombination mit der runden, weichen Form von pure ist er ein echter Hingucker. Durch die Verf\u00fcgbarkeit mehrerer Farben und Gr\u00f6\u00dfen l\u00e4sst er sich gut mit verschiedenen Pflanzen und Blumen kombinieren. Das macht ihn [&hellip;]<\/p>\n","protected":false},"author":1,"featured_media":33970,"comment_status":"open","ping_status":"closed","template":"","meta":{"inline_featured_image":false},"pwb-brand":[5613],"product_cat":[6734],"product_tag":[],"class_list":{"0":"post-33969","1":"product","2":"type-product","3":"status-publish","4":"has-post-thumbnail","6":"pwb-brand-elho","7":"product_cat-cat-pflanzkubel-und-blumenkubel","9":"first","10":"outofstock","11":"sale","12":"taxable","13":"shipping-taxable","14":"purchasable","15":"product-type-simple"},"acf":[],"gtin":"8721055699200","brands":[{"id":5613,"name":"Elho","slug":"elho"}],"_links":{"self":[{"href":"https:\/\/oragarden.de\/en\/wp-json\/wp\/v2\/product\/33969","targetHints":{"allow":["GET"]}}],"collection":[{"href":"https:\/\/oragarden.de\/en\/wp-json\/wp\/v2\/product"}],"about":[{"href":"https:\/\/oragarden.de\/en\/wp-json\/wp\/v2\/types\/product"}],"author":[{"embeddable":true,"href":"https:\/\/oragarden.de\/en\/wp-json\/wp\/v2\/users\/1"}],"replies":[{"embeddable":true,"href":"https:\/\/oragarden.de\/en\/wp-json\/wp\/v2\/comments?post=33969"}],"wp:featuredmedia":[{"embeddable":true,"href":"https:\/\/oragarden.de\/en\/wp-json\/wp\/v2\/media\/33970"}],"wp:attachment":[{"href":"https:\/\/oragarden.de\/en\/wp-json\/wp\/v2\/media?parent=33969"}],"wp:term":[{"taxonomy":"pwb-brand","embeddable":true,"href":"https:\/\/oragarden.de\/en\/wp-json\/wp\/v2\/pwb-brand?post=33969"},{"taxonomy":"product_cat","embeddable":true,"href":"https:\/\/oragarden.de\/en\/wp-json\/wp\/v2\/product_cat?post=33969"},{"taxonomy":"product_tag","embeddable":true,"href":"https:\/\/oragarden.de\/en\/wp-json\/wp\/v2\/product_tag?post=33969"}],"curies":[{"name":"wp","href":"https:\/\/api.w.org\/{rel}","templated":true}]}}