{"id":33942,"date":"2024-05-08T16:02:02","date_gmt":"2024-05-08T17:02:02","guid":{"rendered":"https:\/\/oragarden.de\/?post_type=product&#038;p=33942"},"modified":"2025-10-24T13:26:56","modified_gmt":"2025-10-24T14:26:56","slug":"elho-vibes-fold-orchidee-topf-hoch-transparent-d13-cm-h15-cm","status":"publish","type":"product","link":"https:\/\/oragarden.de\/en\/product\/elho-vibes-fold-orchidee-topf-hoch-transparent-d13-cm-h15-cm\/","title":{"rendered":"Elho Vibes Fold Orchidee Topf Hoch Transparent &#8211; D13 cm, H15 cm"},"content":{"rendered":"Orchideen sind elegante Pflanzen mit prachtvollen Bl\u00fcten, die Farbe und Leben in Ihr Zuhause bringen. Unsere vibes fold orchid ist die perfekte Art und Weise, Ihre Orchideen zu pr\u00e4sentieren! Dieser Blumentopf mit dem trendigen Rippendesign bereichert nicht nur die Orchidee und Ihr Interieur, sondern bietet auch optimale Bedingungen f\u00fcr die Orchidee. Dieser hohe Blumentopf wurde in Zusammenarbeit mit einem Orchideenz\u00fcchter speziell f\u00fcr die Orchidee entwickelt und daher von Experten gepr\u00fcft! Orchideen ben\u00f6tigen nur sehr wenig Wasser, daher sorgt der erh\u00f6hte Boden in diesem Blumentopf daf\u00fcr, dass \u00fcbersch\u00fcssiges Wasser abflie\u00dfen kann. Dadurch entsteht ein feuchtes Klima in dem Raum um den erh\u00f6hten Boden. Dies gew\u00e4hrleistet eine optimale Bel\u00fcftung und Bew\u00e4sserung der Wurzeln, in der sich die Orchidee wohlf\u00fchlt. Mit dem Orchideentopf von elho k\u00f6nnen Sie sich noch l\u00e4nger an Ihrer sch\u00f6nen und farbenfrohen Orchidee erfreuen! Dieser Blumentopf ist wasserdicht, sodass Sie ihn sicher auf einen Holzboden oder -tisch stellen k\u00f6nnen: l\u00e4stige Kreise auf Tischen geh\u00f6ren der Vergangenheit an! Au\u00dferdem ist er von bester Qualit\u00e4t, sodass Sie noch l\u00e4nger Freude an diesem Topf haben werden. Sie k\u00f6nnen sicher sein, dass dieser Blumentopf mit viel Liebe zur Natur hergestellt wurde. So besteht er zu 100 % aus recyceltem Kunststoff, der mit Windenergie hergestellt wird und zudem vollst\u00e4ndig recycelbar ist.\r\n<h3>Orchideenpflege leicht gemacht<\/h3>\r\nEs mag seltsam klingen, aber Orchideen m\u00f6gen kein Wasser. Lieber zu wenig, als zu viel! Deshalb wurde dieser Pflanzentopf aus recyceltem Kunststoff mit einem speziellen, erh\u00f6hten Boden entworfen. Wenn Sie Ihre Orchidee gegossen haben, kann die Pflanze auf dem erh\u00f6hten Boden gut abtropfen, sodass sich nicht zu viel Wasser um die Wurzeln herum befindet. Wenn das Wasser in den Speicher gelangt, vermischt es sich mit der Luft und sorgt so f\u00fcr ein optimales Klima f\u00fcr die Wurzeln der Pflanze. Durch das intelligente Design ist nicht nur Ihre Orchidee gl\u00fccklich, sondern Sie sind es auch.\r\n<h3>Das ist ein Klassiker!<\/h3>\r\nDer vibes fold orchid ist ein Spitzenprodukt. Die Farbe bleibt sch\u00f6n und wird nicht verblassen. Er ist pflegeleicht und stabil genug, um den ein oder anderen Sto\u00df zu verkraften. Das ist ein Versprechen! Und zum Beweis erhalten Sie auf dieses Produkt drei Jahre Garantie.\r\n<h3>Ihre Pflanze f\u00fchlt sich sofort zu Hause<\/h3>\r\nDieser Designer-Blumentopf ist auch praktisch und einfach zu benutzen. Dank seiner Form und Gr\u00f6\u00dfe k\u00f6nnen Sie Ihre Pflanze mitsamt dem Innentopf direkt in den Topf aus dem Laden stellen. Ihre Pflanze braucht dann keine zus\u00e4tzliche Blumenerde und f\u00fchlt sich sofort wohl, um zu wachsen und zu bl\u00fchen.\r\n<h2>Produktmerkmale<\/h2>\r\n<ul>\r\n \t<li>Hergestellt aus 100% recyceltem Plastik, produziert mit Windenergie, 100% recycelbar<\/li>\r\n \t<li>Von Orchideenz\u00fcchtern best\u00e4tigt: speziell f\u00fcr Orchideen entworfen<\/li>\r\n \t<li>Der erh\u00f6hte Boden sorgt f\u00fcr eine optimale Bel\u00fcftung und Wasserversorgung der Orchideenwurzeln.<\/li>\r\n<\/ul>\r\nDie neue Vibes-Familie f\u00fcr drinnen passt perfekt in eine gem\u00fctliche, harmonische, modische und freundliche Einrichtung. Die T\u00f6pfe machen mit der leicht gew\u00f6lbten Form, den zarten Farben und dem dekorativen Muster das Beste aus Ihren Zimmerpflanzen.","protected":false},"excerpt":{"rendered":"<p>Orchideen sind elegante Pflanzen mit prachtvollen Bl\u00fcten, die Farbe und Leben in Ihr Zuhause bringen. Unsere vibes fold orchid ist die perfekte Art und Weise, Ihre Orchideen zu pr\u00e4sentieren! Dieser Blumentopf mit dem trendigen Rippendesign bereichert nicht nur die Orchidee und Ihr Interieur, sondern bietet auch optimale Bedingungen f\u00fcr die Orchidee. Dieser hohe Blumentopf wurde [&hellip;]<\/p>\n","protected":false},"author":1,"featured_media":33943,"comment_status":"open","ping_status":"closed","template":"","meta":{"inline_featured_image":false},"pwb-brand":[5613],"product_cat":[6267],"product_tag":[],"class_list":{"0":"post-33942","1":"product","2":"type-product","3":"status-publish","4":"has-post-thumbnail","6":"pwb-brand-elho","7":"product_cat-cat-orchideentopfe","9":"first","10":"outofstock","11":"sale","12":"taxable","13":"shipping-taxable","14":"purchasable","15":"product-type-simple"},"acf":[],"gtin":"8721055699163","brands":[{"id":5613,"name":"Elho","slug":"elho"}],"_links":{"self":[{"href":"https:\/\/oragarden.de\/en\/wp-json\/wp\/v2\/product\/33942","targetHints":{"allow":["GET"]}}],"collection":[{"href":"https:\/\/oragarden.de\/en\/wp-json\/wp\/v2\/product"}],"about":[{"href":"https:\/\/oragarden.de\/en\/wp-json\/wp\/v2\/types\/product"}],"author":[{"embeddable":true,"href":"https:\/\/oragarden.de\/en\/wp-json\/wp\/v2\/users\/1"}],"replies":[{"embeddable":true,"href":"https:\/\/oragarden.de\/en\/wp-json\/wp\/v2\/comments?post=33942"}],"wp:featuredmedia":[{"embeddable":true,"href":"https:\/\/oragarden.de\/en\/wp-json\/wp\/v2\/media\/33943"}],"wp:attachment":[{"href":"https:\/\/oragarden.de\/en\/wp-json\/wp\/v2\/media?parent=33942"}],"wp:term":[{"taxonomy":"pwb-brand","embeddable":true,"href":"https:\/\/oragarden.de\/en\/wp-json\/wp\/v2\/pwb-brand?post=33942"},{"taxonomy":"product_cat","embeddable":true,"href":"https:\/\/oragarden.de\/en\/wp-json\/wp\/v2\/product_cat?post=33942"},{"taxonomy":"product_tag","embeddable":true,"href":"https:\/\/oragarden.de\/en\/wp-json\/wp\/v2\/product_tag?post=33942"}],"curies":[{"name":"wp","href":"https:\/\/api.w.org\/{rel}","templated":true}]}}