{"id":33935,"date":"2024-05-07T22:41:35","date_gmt":"2024-05-07T23:41:35","guid":{"rendered":"https:\/\/oragarden.de\/?post_type=product&#038;p=33935"},"modified":"2025-10-24T13:26:56","modified_gmt":"2025-10-24T14:26:56","slug":"elho-jazz-ubertopf-rund-toskanisches-rot-d14-cm-h13-cm","status":"publish","type":"product","link":"https:\/\/oragarden.de\/en\/product\/elho-jazz-ubertopf-rund-toskanisches-rot-d14-cm-h13-cm\/","title":{"rendered":"Elho Jazz \u00dcbertopf Rund Toskanisches Rot &#8211; D14 cm, H13 cm"},"content":{"rendered":"<p>Suchen Sie einen neuen Blickfang f\u00fcr Ihr Zuhause? Egal, ob Sie sich f\u00fcr eine einzige Pflanze entscheiden oder Ihr Zuhause in eine gr\u00fcne Oase verwandeln wollen: unser Jazz Round ist eine wunderbare Erg\u00e4nzung f\u00fcr Ihr Interieur. Das feine und nat\u00fcrliche Muster dieses Blumentopfes f\u00fcr den Innenbereich sorgt daf\u00fcr, dass er perfekt in jedes Zuhause passt. Die verschiedenen Trendfarben, die von Experten sorgf\u00e4ltig zusammengestellt wurden, sind ideal zum Mischen und Kombinieren. Auf diese Weise kann jeder eine gem\u00fctliche und harmonische Atmosph\u00e4re in seinem Zuhause schaffen. Dieser Blumentopf ist wasserdicht, sodass Sie ihn sicher auf einen Holzboden oder -tisch stellen k\u00f6nnen: l\u00e4stige Kreise auf Tischen geh\u00f6ren der Vergangenheit an! Dies ist ein Produkt in Spitzenqualit\u00e4t, an dem du viele Jahre Freude haben wirst. Au\u00dferdem ist er von bester Qualit\u00e4t, sodass Sie noch l\u00e4nger Freude an diesem Topf haben werden. Sie k\u00f6nnen sicher sein, dass dieser Blumentopf mit viel Liebe zur Natur hergestellt wurde. So besteht er zu 100 % aus recyceltem Kunststoff, der mit Windenergie hergestellt wird und zudem vollst\u00e4ndig recycelbar ist.<\/p><h3>Das ist ein Klassiker!<\/h3><p>Der Blumentopf jazz ist ein Spitzenprodukt. Die Farbe bleibt sch\u00f6n und wird nicht verblassen. Er ist pflegeleicht und stabil genug, um den ein oder anderen Sto\u00df zu verkraften. Das ist ein Versprechen! Und zum Beweis erhalten Sie auf dieses Produkt drei Jahre Garantie.<\/p><h3>Ihre Pflanze f\u00fchlt sich sofort zu Hause<\/h3><p>Dieser Designer-Blumentopf ist auch praktisch und einfach zu benutzen. Dank seiner Form und Gr\u00f6\u00dfe k\u00f6nnen Sie Ihre Pflanze mitsamt dem Innentopf direkt in den Topf aus dem Laden stellen. Ihre Pflanze braucht dann keine zus\u00e4tzliche Blumenerde und f\u00fchlt sich sofort wohl, um zu wachsen und zu bl\u00fchen.<\/p><h2>Produktmerkmale<\/h2><ul><li>Hergestellt aus 100% recyceltem Plastik, produziert mit Windenergie, 100% recycelbar<\/li><li>Die einzigartige Textur dieses Blumentopfs hilft Ihnen dabei, f\u00fcr eine nat\u00fcrliche Atmosph\u00e4re in Ihrem Zuhause zu sorgen.<\/li><li>Erh\u00e4ltlich in einer Reihe stilvoller Farben.<\/li><\/ul><p>Die neue Indoor-Jazz-Familie passt perfekt in eine gem\u00fctliche, modische und freundliche Einrichtung. Die T\u00f6pfe bringen mit ihrem abgerundeten K\u00f6rper, den trendigen warmen T\u00f6nen und dem dekorativen Muster das Beste aus Ihren Zimmerpflanzen heraus.<\/p>","protected":false},"excerpt":{"rendered":"<p>Suchen Sie einen neuen Blickfang f\u00fcr Ihr Zuhause? Egal, ob Sie sich f\u00fcr eine einzige Pflanze entscheiden oder Ihr Zuhause in eine gr\u00fcne Oase verwandeln wollen: unser Jazz Round ist eine wunderbare Erg\u00e4nzung f\u00fcr Ihr Interieur. Das feine und nat\u00fcrliche Muster dieses Blumentopfes f\u00fcr den Innenbereich sorgt daf\u00fcr, dass er perfekt in jedes Zuhause passt. [&hellip;]<\/p>\n","protected":false},"author":1,"featured_media":33936,"comment_status":"open","ping_status":"closed","template":"","meta":{"inline_featured_image":false},"pwb-brand":[5613],"product_cat":[2164],"product_tag":[6753,6852],"class_list":{"0":"post-33935","1":"product","2":"type-product","3":"status-publish","4":"has-post-thumbnail","6":"pwb-brand-elho","7":"product_cat-cat-pflanzgefase-ubertopfe","8":"product_tag-rote-blumentopfe-ubertopfe","9":"product_tag-uebertoepfe-fuer-orchideen","11":"first","12":"outofstock","13":"sale","14":"taxable","15":"shipping-taxable","16":"purchasable","17":"product-type-simple"},"acf":[],"gtin":"8721055699132","brands":[{"id":5613,"name":"Elho","slug":"elho"}],"_links":{"self":[{"href":"https:\/\/oragarden.de\/en\/wp-json\/wp\/v2\/product\/33935","targetHints":{"allow":["GET"]}}],"collection":[{"href":"https:\/\/oragarden.de\/en\/wp-json\/wp\/v2\/product"}],"about":[{"href":"https:\/\/oragarden.de\/en\/wp-json\/wp\/v2\/types\/product"}],"author":[{"embeddable":true,"href":"https:\/\/oragarden.de\/en\/wp-json\/wp\/v2\/users\/1"}],"replies":[{"embeddable":true,"href":"https:\/\/oragarden.de\/en\/wp-json\/wp\/v2\/comments?post=33935"}],"wp:featuredmedia":[{"embeddable":true,"href":"https:\/\/oragarden.de\/en\/wp-json\/wp\/v2\/media\/33936"}],"wp:attachment":[{"href":"https:\/\/oragarden.de\/en\/wp-json\/wp\/v2\/media?parent=33935"}],"wp:term":[{"taxonomy":"pwb-brand","embeddable":true,"href":"https:\/\/oragarden.de\/en\/wp-json\/wp\/v2\/pwb-brand?post=33935"},{"taxonomy":"product_cat","embeddable":true,"href":"https:\/\/oragarden.de\/en\/wp-json\/wp\/v2\/product_cat?post=33935"},{"taxonomy":"product_tag","embeddable":true,"href":"https:\/\/oragarden.de\/en\/wp-json\/wp\/v2\/product_tag?post=33935"}],"curies":[{"name":"wp","href":"https:\/\/api.w.org\/{rel}","templated":true}]}}