{"id":33805,"date":"2024-05-07T19:24:18","date_gmt":"2024-05-07T20:24:18","guid":{"rendered":"https:\/\/oragarden.de\/?post_type=product&#038;p=33805"},"modified":"2025-10-24T13:26:45","modified_gmt":"2025-10-24T14:26:45","slug":"elho-vibes-fold-ubertopf-rund-blau-d22-cm-h20-cm","status":"publish","type":"product","link":"https:\/\/oragarden.de\/en\/product\/elho-vibes-fold-ubertopf-rund-blau-d22-cm-h20-cm\/","title":{"rendered":"Elho Vibes Fold \u00dcbertopf Rund Blau &#8211; D22 cm, H20 cm"},"content":{"rendered":"<p>Ob Sie sich f\u00fcr eine einzelne Pflanze entscheiden oder Ihr Zuhause in eine gr\u00fcne Oase verwandeln m\u00f6chten: Mit unseren vibes fold liegen Sie in jedem Fall richtig. Die sch\u00f6nen Pastellfarben und das trendige Rippenmuster machen diesen Topf zu einem echten Hingucker in Ihrer Einrichtung. Da sich die verschiedenen Gr\u00f6\u00dfen und weichen Farben so gut miteinander kombinieren lassen, ist der vibes fold der ideale Topf zum Mixen &amp; Matchen. Mit diesem Blumentopf ist es ein Kinderspiel, Ihre Pflanzen einzutopfen und zu versorgen. Er ist au\u00dferdem von h\u00f6chster Qualit\u00e4t, sodass Sie sich besonders lange daran erfreuen k\u00f6nnen. Sie k\u00f6nnen sich darauf verlassen, dass dieser Blumentopf mit Liebe zur Natur gemacht wurde. Er besteht aus recyceltem Kunststoff, wurde produziert mit Windenergie von unserem eigenen Windrad und ist au\u00dferdem vollst\u00e4ndig recyclebar.<\/p><h3>Pflanzenpflege wird zum Kinderspiel<\/h3><p>In diesen Blumentopf passt unser Selbstbew\u00e4sserungs-Einsatz. So wird das Gie\u00dfen zum Kinderspiel. Der Wassermesser zeigt an, wenn Sie Wasser nachf\u00fcllen m\u00fcssen, und mehr m\u00fcssen Sie nicht tun. So kommen Sie noch l\u00e4nger in den Genuss Ihrer sch\u00f6nen gr\u00fcnen Pflanzen!<\/p><h3>Ein Dauerbrenner<\/h3><p>Der vibes fold Blumentopf ist von sehr guter Qualit\u00e4t. Die Farbe bleibt sch\u00f6n, er l\u00e4sst sich leicht reinigen und kann auch Schmutz und St\u00f6\u00dfe verkraften. Das versprechen wir Ihnen: Nicht umsonst erhalten Sie 3 Jahre Garantie darauf.<\/p><h3>Ihre Pflanze f\u00fchlt sich sofort zuhause<\/h3><p>Superpraktisch ist dieser Topf auch noch. Dank der Form und des Formats k\u00f6nnen Sie Ihre Pflanze mit ihrem Innentopf direkt so in den Topf pflanzen, wie Sie sie aus dem Gesch\u00e4ft mitgebracht haben. Ihre Pflanze braucht keine zus\u00e4tzliche Topferde und f\u00fchlt sich sofort ganz zuhause. So wird sie nach Herzenslust wachsen und gedeihen.<\/p><h2>Produktmerkmale<\/h2><ul><li>Hergestellt aus 100% recyceltem Plastik, produziert mit Windenergie, 100% recycelbar<\/li><li>In verschiedenen stylishen Farben erh\u00e4ltlich<\/li><li>Verf\u00e4rbt nicht, einfach zu reinigen und robust<\/li><\/ul><p>Die neue Vibes-Familie f\u00fcr drinnen passt perfekt in eine gem\u00fctliche, harmonische, modische und freundliche Einrichtung. Die T\u00f6pfe machen mit der leicht gew\u00f6lbten Form, den zarten Farben und dem dekorativen Muster das Beste aus Ihren Zimmerpflanzen.<\/p>","protected":false},"excerpt":{"rendered":"<p>Ob Sie sich f\u00fcr eine einzelne Pflanze entscheiden oder Ihr Zuhause in eine gr\u00fcne Oase verwandeln m\u00f6chten: Mit unseren vibes fold liegen Sie in jedem Fall richtig. Die sch\u00f6nen Pastellfarben und das trendige Rippenmuster machen diesen Topf zu einem echten Hingucker in Ihrer Einrichtung. Da sich die verschiedenen Gr\u00f6\u00dfen und weichen Farben so gut miteinander [&hellip;]<\/p>\n","protected":false},"author":1,"featured_media":33806,"comment_status":"open","ping_status":"closed","template":"","meta":{"inline_featured_image":false},"pwb-brand":[5613],"product_cat":[2164],"product_tag":[6852],"class_list":{"0":"post-33805","1":"product","2":"type-product","3":"status-publish","4":"has-post-thumbnail","6":"pwb-brand-elho","7":"product_cat-cat-pflanzgefase-ubertopfe","8":"product_tag-uebertoepfe-fuer-orchideen","10":"first","11":"outofstock","12":"sale","13":"taxable","14":"shipping-taxable","15":"purchasable","16":"product-type-simple"},"acf":[],"gtin":"8721055698913","brands":[{"id":5613,"name":"Elho","slug":"elho"}],"_links":{"self":[{"href":"https:\/\/oragarden.de\/en\/wp-json\/wp\/v2\/product\/33805","targetHints":{"allow":["GET"]}}],"collection":[{"href":"https:\/\/oragarden.de\/en\/wp-json\/wp\/v2\/product"}],"about":[{"href":"https:\/\/oragarden.de\/en\/wp-json\/wp\/v2\/types\/product"}],"author":[{"embeddable":true,"href":"https:\/\/oragarden.de\/en\/wp-json\/wp\/v2\/users\/1"}],"replies":[{"embeddable":true,"href":"https:\/\/oragarden.de\/en\/wp-json\/wp\/v2\/comments?post=33805"}],"wp:featuredmedia":[{"embeddable":true,"href":"https:\/\/oragarden.de\/en\/wp-json\/wp\/v2\/media\/33806"}],"wp:attachment":[{"href":"https:\/\/oragarden.de\/en\/wp-json\/wp\/v2\/media?parent=33805"}],"wp:term":[{"taxonomy":"pwb-brand","embeddable":true,"href":"https:\/\/oragarden.de\/en\/wp-json\/wp\/v2\/pwb-brand?post=33805"},{"taxonomy":"product_cat","embeddable":true,"href":"https:\/\/oragarden.de\/en\/wp-json\/wp\/v2\/product_cat?post=33805"},{"taxonomy":"product_tag","embeddable":true,"href":"https:\/\/oragarden.de\/en\/wp-json\/wp\/v2\/product_tag?post=33805"}],"curies":[{"name":"wp","href":"https:\/\/api.w.org\/{rel}","templated":true}]}}