{"id":33735,"date":"2024-05-07T19:24:17","date_gmt":"2024-05-07T20:24:17","guid":{"rendered":"https:\/\/oragarden.de\/?post_type=product&#038;p=33735"},"modified":"2025-10-24T13:26:40","modified_gmt":"2025-10-24T14:26:40","slug":"elho-vibes-fold-ubertopf-rund-mit-rollen-zartrosa-d35-cm-h33-cm","status":"publish","type":"product","link":"https:\/\/oragarden.de\/en\/product\/elho-vibes-fold-ubertopf-rund-mit-rollen-zartrosa-d35-cm-h33-cm\/","title":{"rendered":"Elho Vibes Fold \u00dcbertopf Rund mit Rollen Zartrosa &#8211; D35 cm, H33 cm"},"content":{"rendered":"<p>Ob Sie sich f\u00fcr eine einzelne Pflanze entscheiden oder Ihr Zuhause in eine gr\u00fcne Oase verwandeln m\u00f6chten: Mit unseren vibes fold liegen Sie in jedem Fall richtig. Die sch\u00f6nen Pastellfarben und das trendige Rippenmuster machen diesen Topf zu einem echten Hingucker in Ihrer Einrichtung. Da sich die verschiedenen Gr\u00f6\u00dfen und weichen Farben so gut miteinander kombinieren lassen, ist der vibes fold der ideale Topf zum Mixen &amp; Matchen. Dank der integrierten Rollen kann der Topf ganz einfach versetzt werden. Sie k\u00f6nnen sich darauf verlassen, dass dieser Blumentopf mit Liebe zur Natur gemacht wurde. Er besteht aus recyceltem Kunststoff, wurde produziert mit Windenergie von unserem eigenen Windrad und ist au\u00dferdem vollst\u00e4ndig recyclebar.<\/p><h3>Ein Platz nach Wahl<\/h3><p>Dieser vibes fold Blumentopf hat integrierte Rollen, die nicht sichtbar sind, wenn Sie den Topf aufstellen. So versetzen Sie ihn ganz einfach und er sieht trotzdem sch\u00f6n aus. Ideal, wenn Sie zum Beispiel Ihr Wohnzimmer neu gestalten m\u00f6chten.<\/p><h3>Ihre Pflanze f\u00fchlt sich sofort zuhause<\/h3><p>Superpraktisch ist dieser Topf auch noch. Dank der Form und des Formats k\u00f6nnen Sie Ihre Pflanze mit ihrem Innentopf direkt so in den Topf pflanzen, wie Sie sie aus dem Gesch\u00e4ft mitgebracht haben. Ihre Pflanze braucht keine zus\u00e4tzliche Topferde und f\u00fchlt sich sofort ganz zuhause. So wird sie nach Herzenslust wachsen und gedeihen.<\/p><h2>Produktmerkmale<\/h2><ul><li>Hergestellt aus 100% recyceltem Plastik, produziert mit Windenergie, 100% recycelbar<\/li><li>Modernes dekoratives Muster.<\/li><li>Ausgestattet mit R\u00e4dern, die das Bewegen des Blumentopfs erleichtern. Das Heben schwerer T\u00f6pfe geh\u00f6rt der Vergangenheit an.<\/li><\/ul><p>Die neue Vibes-Familie f\u00fcr drinnen passt perfekt in eine gem\u00fctliche, harmonische, modische und freundliche Einrichtung. Die T\u00f6pfe machen mit der leicht gew\u00f6lbten Form, den zarten Farben und dem dekorativen Muster das Beste aus Ihren Zimmerpflanzen.<\/p>","protected":false},"excerpt":{"rendered":"<p>Ob Sie sich f\u00fcr eine einzelne Pflanze entscheiden oder Ihr Zuhause in eine gr\u00fcne Oase verwandeln m\u00f6chten: Mit unseren vibes fold liegen Sie in jedem Fall richtig. Die sch\u00f6nen Pastellfarben und das trendige Rippenmuster machen diesen Topf zu einem echten Hingucker in Ihrer Einrichtung. Da sich die verschiedenen Gr\u00f6\u00dfen und weichen Farben so gut miteinander [&hellip;]<\/p>\n","protected":false},"author":1,"featured_media":33736,"comment_status":"open","ping_status":"closed","template":"","meta":{"inline_featured_image":false},"pwb-brand":[5613],"product_cat":[2164],"product_tag":[6754,6852],"class_list":{"0":"post-33735","1":"product","2":"type-product","3":"status-publish","4":"has-post-thumbnail","6":"pwb-brand-elho","7":"product_cat-cat-pflanzgefase-ubertopfe","8":"product_tag-rosa-blumentopfe-ubertopfe","9":"product_tag-uebertoepfe-fuer-orchideen","11":"first","12":"outofstock","13":"sale","14":"taxable","15":"shipping-taxable","16":"purchasable","17":"product-type-simple"},"acf":[],"gtin":"8721055698821","brands":[{"id":5613,"name":"Elho","slug":"elho"}],"_links":{"self":[{"href":"https:\/\/oragarden.de\/en\/wp-json\/wp\/v2\/product\/33735","targetHints":{"allow":["GET"]}}],"collection":[{"href":"https:\/\/oragarden.de\/en\/wp-json\/wp\/v2\/product"}],"about":[{"href":"https:\/\/oragarden.de\/en\/wp-json\/wp\/v2\/types\/product"}],"author":[{"embeddable":true,"href":"https:\/\/oragarden.de\/en\/wp-json\/wp\/v2\/users\/1"}],"replies":[{"embeddable":true,"href":"https:\/\/oragarden.de\/en\/wp-json\/wp\/v2\/comments?post=33735"}],"wp:featuredmedia":[{"embeddable":true,"href":"https:\/\/oragarden.de\/en\/wp-json\/wp\/v2\/media\/33736"}],"wp:attachment":[{"href":"https:\/\/oragarden.de\/en\/wp-json\/wp\/v2\/media?parent=33735"}],"wp:term":[{"taxonomy":"pwb-brand","embeddable":true,"href":"https:\/\/oragarden.de\/en\/wp-json\/wp\/v2\/pwb-brand?post=33735"},{"taxonomy":"product_cat","embeddable":true,"href":"https:\/\/oragarden.de\/en\/wp-json\/wp\/v2\/product_cat?post=33735"},{"taxonomy":"product_tag","embeddable":true,"href":"https:\/\/oragarden.de\/en\/wp-json\/wp\/v2\/product_tag?post=33735"}],"curies":[{"name":"wp","href":"https:\/\/api.w.org\/{rel}","templated":true}]}}