{"id":3349,"date":"2022-11-17T11:51:15","date_gmt":"2022-11-17T11:51:15","guid":{"rendered":"https:\/\/oragarden.de\/?post_type=product&#038;p=3349"},"modified":"2026-02-26T12:01:41","modified_gmt":"2026-02-26T13:01:41","slug":"grune-fee-nektarwiese-wildblumen-und-krautermischung-mit-grasern-0-3-kg","status":"publish","type":"product","link":"https:\/\/oragarden.de\/en\/product\/grune-fee-nektarwiese-wildblumen-und-krautermischung-mit-grasern-0-3-kg\/","title":{"rendered":"Gr\u00fcne Fee Nektarwiese Wildblumen- und Kr\u00e4utermischung mit Gr\u00e4sern 0.3 kg"},"content":{"rendered":"<p class=\"qtranxs-available-languages-message qtranxs-available-languages-message-en\">Sorry, this entry is only available in <a href=\"https:\/\/oragarden.de\/de\/wp-json\/wp\/v2\/product\/3349\" class=\"qtranxs-available-language-link qtranxs-available-language-link-de\" title=\"DE\">DE<\/a>.<\/p>","protected":false},"excerpt":{"rendered":"<p>Sorry, this entry is only available in DE.<\/p>\n","protected":false},"author":29,"featured_media":3351,"comment_status":"open","ping_status":"closed","template":"","meta":{"inline_featured_image":false},"pwb-brand":[168],"product_cat":[3975,194,193,3928],"product_tag":[],"class_list":{"0":"post-3349","1":"product","2":"type-product","3":"status-publish","4":"has-post-thumbnail","6":"pwb-brand-grune-fee","7":"product_cat-cat-blumensamenmischung","8":"product_cat-cat-insektenwiese","9":"product_cat-cat-schmetterlingsblumen","10":"product_cat-cat-wildblumensamen","12":"first","13":"outofstock","14":"sale","15":"taxable","16":"shipping-taxable","17":"purchasable","18":"product-type-simple"},"acf":[],"gtin":"4001336196661","brands":[{"id":168,"name":"Gr\u00fcne Fee","slug":"grune-fee"}],"_links":{"self":[{"href":"https:\/\/oragarden.de\/en\/wp-json\/wp\/v2\/product\/3349","targetHints":{"allow":["GET"]}}],"collection":[{"href":"https:\/\/oragarden.de\/en\/wp-json\/wp\/v2\/product"}],"about":[{"href":"https:\/\/oragarden.de\/en\/wp-json\/wp\/v2\/types\/product"}],"author":[{"embeddable":true,"href":"https:\/\/oragarden.de\/en\/wp-json\/wp\/v2\/users\/29"}],"replies":[{"embeddable":true,"href":"https:\/\/oragarden.de\/en\/wp-json\/wp\/v2\/comments?post=3349"}],"wp:featuredmedia":[{"embeddable":true,"href":"https:\/\/oragarden.de\/en\/wp-json\/wp\/v2\/media\/3351"}],"wp:attachment":[{"href":"https:\/\/oragarden.de\/en\/wp-json\/wp\/v2\/media?parent=3349"}],"wp:term":[{"taxonomy":"pwb-brand","embeddable":true,"href":"https:\/\/oragarden.de\/en\/wp-json\/wp\/v2\/pwb-brand?post=3349"},{"taxonomy":"product_cat","embeddable":true,"href":"https:\/\/oragarden.de\/en\/wp-json\/wp\/v2\/product_cat?post=3349"},{"taxonomy":"product_tag","embeddable":true,"href":"https:\/\/oragarden.de\/en\/wp-json\/wp\/v2\/product_tag?post=3349"}],"curies":[{"name":"wp","href":"https:\/\/api.w.org\/{rel}","templated":true}]}}