{"id":3324,"date":"2022-11-17T08:58:25","date_gmt":"2022-11-17T09:58:25","guid":{"rendered":"https:\/\/oragarden.de\/?post_type=product&#038;p=3324"},"modified":"2026-04-03T21:13:05","modified_gmt":"2026-04-03T22:13:05","slug":"keimgrun-bio-keimsaat-grunkohl-50-g","status":"publish","type":"product","link":"https:\/\/oragarden.de\/en\/product\/keimgrun-bio-keimsaat-grunkohl-50-g\/","title":{"rendered":"KeimGr\u00fcn Bio-Keimsaat Gr\u00fcnkohl (Gr\u00fcnkohl Samen) 50 g"},"content":{"rendered":"<p class=\"qtranxs-available-languages-message qtranxs-available-languages-message-en\">Sorry, this entry is only available in <a href=\"https:\/\/oragarden.de\/de\/wp-json\/wp\/v2\/product\/3324\" class=\"qtranxs-available-language-link qtranxs-available-language-link-de\" title=\"DE\">DE<\/a>.<\/p>","protected":false},"excerpt":{"rendered":"<p>Sorry, this entry is only available in DE.<\/p>\n","protected":false},"author":17,"featured_media":3326,"comment_status":"open","ping_status":"closed","template":"","meta":{"inline_featured_image":false},"pwb-brand":[1311],"product_cat":[3873,767,1445,5289,3826],"product_tag":[3877],"class_list":{"0":"post-3324","1":"product","2":"type-product","3":"status-publish","4":"has-post-thumbnail","6":"pwb-brand-keimgrun","7":"product_cat-cat-bio-saatgut","8":"product_cat-cat-bio-saatgut-fur-sprossen-microgreens","9":"product_cat-cat-einzelsamen","10":"product_cat-cat-grunkohlsamen","11":"product_cat-cat-kohlsamen","12":"product_tag-bio-keimsaat","14":"first","15":"outofstock","16":"sale","17":"taxable","18":"shipping-taxable","19":"purchasable","20":"product-type-simple"},"acf":[],"gtin":"0047728067120","brands":[{"id":1311,"name":"Keimgr\u00fcn","slug":"keimgrun"}],"_links":{"self":[{"href":"https:\/\/oragarden.de\/en\/wp-json\/wp\/v2\/product\/3324","targetHints":{"allow":["GET"]}}],"collection":[{"href":"https:\/\/oragarden.de\/en\/wp-json\/wp\/v2\/product"}],"about":[{"href":"https:\/\/oragarden.de\/en\/wp-json\/wp\/v2\/types\/product"}],"author":[{"embeddable":true,"href":"https:\/\/oragarden.de\/en\/wp-json\/wp\/v2\/users\/17"}],"replies":[{"embeddable":true,"href":"https:\/\/oragarden.de\/en\/wp-json\/wp\/v2\/comments?post=3324"}],"wp:featuredmedia":[{"embeddable":true,"href":"https:\/\/oragarden.de\/en\/wp-json\/wp\/v2\/media\/3326"}],"wp:attachment":[{"href":"https:\/\/oragarden.de\/en\/wp-json\/wp\/v2\/media?parent=3324"}],"wp:term":[{"taxonomy":"pwb-brand","embeddable":true,"href":"https:\/\/oragarden.de\/en\/wp-json\/wp\/v2\/pwb-brand?post=3324"},{"taxonomy":"product_cat","embeddable":true,"href":"https:\/\/oragarden.de\/en\/wp-json\/wp\/v2\/product_cat?post=3324"},{"taxonomy":"product_tag","embeddable":true,"href":"https:\/\/oragarden.de\/en\/wp-json\/wp\/v2\/product_tag?post=3324"}],"curies":[{"name":"wp","href":"https:\/\/api.w.org\/{rel}","templated":true}]}}