{"id":33204,"date":"2024-04-20T13:54:45","date_gmt":"2024-04-20T14:54:45","guid":{"rendered":"https:\/\/oragarden.de\/?post_type=product&#038;p=33204"},"modified":"2025-10-24T13:25:25","modified_gmt":"2025-10-24T14:25:25","slug":"kolibri-ueberraschungsbox-mit-4-verschiedenen-orchideen","status":"publish","type":"product","link":"https:\/\/oragarden.de\/en\/product\/kolibri-ueberraschungsbox-mit-4-verschiedenen-orchideen\/","title":{"rendered":"Kolibri \u00dcberraschungsbox mit 4 verschiedenen Orchideen"},"content":{"rendered":"M\u00f6gen Sie eine sch\u00f6ne \u00dcberraschung? Oder haben Sie Schwierigkeiten bei der Auswahl von Orchideen? Dann haben wir die L\u00f6sung f\u00fcr Sie! Mit der Kolibri-\u00dcberraschungsbox packen Sie innerhalb weniger Tage eine sch\u00f6ne \u00dcberraschung aus.\r\n\r\nWas k\u00f6nnen Sie erwarten?\r\n&#8211; 4 wundersch\u00f6ne Kolibri-Orchideen in Top-Qualit\u00e4t mit 9 cm Topfgr\u00f6\u00dfe\r\n&#8211; Ein sch\u00f6ner Rabatt mit dieser Pflanzen-Promotion-Box: Sie erhalten 4 Kolibri Orchideen zum Preis von 3\r\n&#8211; Kein Stress, denn wir w\u00e4hlen die Kolibri Orchideen f\u00fcr Sie aus\r\n&#8211; Kolibri Orchideen werden frisch vom Z\u00fcchter geliefert\r\n&#8211; Wird ohne Topf geliefert\r\n\r\nSie k\u00f6nnen zwischen einer Suprise-Mix-Box oder einer einfarbigen Box w\u00e4hlen (wir w\u00e4hlen die Farbe f\u00fcr Sie aus). Alle Kolibri-Orchideen werden ohne Topf geliefert, so dass Sie ihnen einen sch\u00f6nen Platz in ihrem eigenen Topf geben k\u00f6nnen.\r\n\r\n*Da wir mit lebenden Produkten arbeiten, k\u00f6nnen die abgebildeten Arten leicht von den Fotos abweichen.","protected":false},"excerpt":{"rendered":"<p>M\u00f6gen Sie eine sch\u00f6ne \u00dcberraschung? Oder haben Sie Schwierigkeiten bei der Auswahl von Orchideen? Dann haben wir die L\u00f6sung f\u00fcr Sie! Mit der Kolibri-\u00dcberraschungsbox packen Sie innerhalb weniger Tage eine sch\u00f6ne \u00dcberraschung aus. Was k\u00f6nnen Sie erwarten? &#8211; 4 wundersch\u00f6ne Kolibri-Orchideen in Top-Qualit\u00e4t mit 9 cm Topfgr\u00f6\u00dfe &#8211; Ein sch\u00f6ner Rabatt mit dieser Pflanzen-Promotion-Box: Sie [&hellip;]<\/p>\n","protected":false},"author":1,"featured_media":33205,"comment_status":"open","ping_status":"closed","template":"","meta":{"inline_featured_image":false},"pwb-brand":[5097],"product_cat":[5974,5977,5126],"product_tag":[],"class_list":{"0":"post-33204","1":"product","2":"type-product","3":"status-publish","4":"has-post-thumbnail","6":"pwb-brand-kolibri","7":"product_cat-cat-geschenk-sets","8":"product_cat-cat-geschenke-fur-pflanzenliebhaber-und-innen","9":"product_cat-cat-orchideen","11":"first","12":"outofstock","13":"sale","14":"taxable","15":"shipping-taxable","16":"purchasable","17":"product-type-simple"},"acf":[],"gtin":"8785279220442","brands":[{"id":5097,"name":"Kolibri","slug":"kolibri"}],"_links":{"self":[{"href":"https:\/\/oragarden.de\/en\/wp-json\/wp\/v2\/product\/33204","targetHints":{"allow":["GET"]}}],"collection":[{"href":"https:\/\/oragarden.de\/en\/wp-json\/wp\/v2\/product"}],"about":[{"href":"https:\/\/oragarden.de\/en\/wp-json\/wp\/v2\/types\/product"}],"author":[{"embeddable":true,"href":"https:\/\/oragarden.de\/en\/wp-json\/wp\/v2\/users\/1"}],"replies":[{"embeddable":true,"href":"https:\/\/oragarden.de\/en\/wp-json\/wp\/v2\/comments?post=33204"}],"wp:featuredmedia":[{"embeddable":true,"href":"https:\/\/oragarden.de\/en\/wp-json\/wp\/v2\/media\/33205"}],"wp:attachment":[{"href":"https:\/\/oragarden.de\/en\/wp-json\/wp\/v2\/media?parent=33204"}],"wp:term":[{"taxonomy":"pwb-brand","embeddable":true,"href":"https:\/\/oragarden.de\/en\/wp-json\/wp\/v2\/pwb-brand?post=33204"},{"taxonomy":"product_cat","embeddable":true,"href":"https:\/\/oragarden.de\/en\/wp-json\/wp\/v2\/product_cat?post=33204"},{"taxonomy":"product_tag","embeddable":true,"href":"https:\/\/oragarden.de\/en\/wp-json\/wp\/v2\/product_tag?post=33204"}],"curies":[{"name":"wp","href":"https:\/\/api.w.org\/{rel}","templated":true}]}}