{"id":3319,"date":"2022-11-17T08:40:01","date_gmt":"2022-11-17T09:40:01","guid":{"rendered":"https:\/\/oragarden.de\/?post_type=product&#038;p=3319"},"modified":"2026-04-03T21:13:06","modified_gmt":"2026-04-03T22:13:06","slug":"keimgrun-bio-keimsaat-grune-linsen-100-g","status":"publish","type":"product","link":"https:\/\/oragarden.de\/en\/product\/keimgrun-bio-keimsaat-grune-linsen-100-g\/","title":{"rendered":"KeimGr\u00fcn Bio-Keimsaat Gr\u00fcne Linsen (Gr\u00fcne Linsen Samen) 100 g"},"content":{"rendered":"<p class=\"qtranxs-available-languages-message qtranxs-available-languages-message-en\">Sorry, this entry is only available in <a href=\"https:\/\/oragarden.de\/de\/wp-json\/wp\/v2\/product\/3319\" class=\"qtranxs-available-language-link qtranxs-available-language-link-de\" title=\"DE\">DE<\/a>.<\/p>","protected":false},"excerpt":{"rendered":"<p>Sorry, this entry is only available in DE.<\/p>\n","protected":false},"author":17,"featured_media":3320,"comment_status":"open","ping_status":"closed","template":"","meta":{"inline_featured_image":false},"pwb-brand":[1311],"product_cat":[3873,767,1445,5287],"product_tag":[3877],"class_list":{"0":"post-3319","1":"product","2":"type-product","3":"status-publish","4":"has-post-thumbnail","6":"pwb-brand-keimgrun","7":"product_cat-cat-bio-saatgut","8":"product_cat-cat-bio-saatgut-fur-sprossen-microgreens","9":"product_cat-cat-einzelsamen","10":"product_cat-cat-linsen-saatgut","11":"product_tag-bio-keimsaat","13":"first","14":"outofstock","15":"sale","16":"taxable","17":"shipping-taxable","18":"purchasable","19":"product-type-simple"},"acf":[],"gtin":"0047728067229","brands":[{"id":1311,"name":"Keimgr\u00fcn","slug":"keimgrun"}],"_links":{"self":[{"href":"https:\/\/oragarden.de\/en\/wp-json\/wp\/v2\/product\/3319","targetHints":{"allow":["GET"]}}],"collection":[{"href":"https:\/\/oragarden.de\/en\/wp-json\/wp\/v2\/product"}],"about":[{"href":"https:\/\/oragarden.de\/en\/wp-json\/wp\/v2\/types\/product"}],"author":[{"embeddable":true,"href":"https:\/\/oragarden.de\/en\/wp-json\/wp\/v2\/users\/17"}],"replies":[{"embeddable":true,"href":"https:\/\/oragarden.de\/en\/wp-json\/wp\/v2\/comments?post=3319"}],"wp:featuredmedia":[{"embeddable":true,"href":"https:\/\/oragarden.de\/en\/wp-json\/wp\/v2\/media\/3320"}],"wp:attachment":[{"href":"https:\/\/oragarden.de\/en\/wp-json\/wp\/v2\/media?parent=3319"}],"wp:term":[{"taxonomy":"pwb-brand","embeddable":true,"href":"https:\/\/oragarden.de\/en\/wp-json\/wp\/v2\/pwb-brand?post=3319"},{"taxonomy":"product_cat","embeddable":true,"href":"https:\/\/oragarden.de\/en\/wp-json\/wp\/v2\/product_cat?post=3319"},{"taxonomy":"product_tag","embeddable":true,"href":"https:\/\/oragarden.de\/en\/wp-json\/wp\/v2\/product_tag?post=3319"}],"curies":[{"name":"wp","href":"https:\/\/api.w.org\/{rel}","templated":true}]}}