{"id":32844,"date":"2024-04-08T21:39:10","date_gmt":"2024-04-08T22:39:10","guid":{"rendered":"https:\/\/oragarden.de\/?post_type=product&#038;p=32844"},"modified":"2025-10-24T13:25:19","modified_gmt":"2025-10-24T14:25:19","slug":"urbanjngl-flaschengarten-milky-calathea-mit-lampe-31-cm","status":"publish","type":"product","link":"https:\/\/oragarden.de\/en\/product\/urbanjngl-flaschengarten-milky-calathea-mit-lampe-31-cm\/","title":{"rendered":"Urbanjngl Flaschengarten Milky Calathea mit Lampe &#8211; 31 cm"},"content":{"rendered":"<h4>Do-It-Yourself Flaschengarten set<\/h4> <p>Mit einem Do-It-Yourself-Pflanzterrarium erhalten Sie ein autarkes Biotop, an dem Sie lange Freude haben werden. Nachdem Sie oder die Person, der Sie dieses Terrarium schenken werden, Ihr eigenes Mini-\u00d6kosystem mit dem mitgelieferten F\u00fcnf-Schritte-Plan zusammengestellt haben, wird das Wasser durch Verdunstung durch die Pflanzen und Moose recycelt.<\/p> <p><strong data-mce-fragment=\"1\">Ma\u00dfe: \u00d8 17 cm \u2191 31 cm<\/strong><\/p> <p>Kein gr\u00fcner Daumen? Keine Bange. Unsere Terrarien pflegen sich nach dem Aufbau von selbst. So kann sich jeder, auch ohne gr\u00fcnen Daumen, sorgenfrei an endlosem Gr\u00fcn zu Hause oder im B\u00fcro erfreuen.<\/p><h4 data-mce-fragment=\"1\">Was ist im DIY-Terrarienpaket enthalten?<\/h4> <ul data-mce-fragment=\"1\"> <li data-mce-fragment=\"1\"> <span data-mce-fragment=\"1\">Terrarium me<\/span><span data-mce-fragment=\"1\">t Kork und <strong>LED-Beleuchtung<\/strong><\/span> <\/li> <li> <span data-mce-fragment=\"1\">Pflanzen<\/li> <ul data-mce-fragment=\"1\"> <li data-mce-fragment=\"1\">Fittonia rot<\/li> <li data-mce-fragment=\"1\">Calatea<br data-mce-fragment=\"1\"> <\/li> <\/ul> <li data-mce-fragment=\"1\">Viele frische gr\u00fcne Knollenmoose<\/li> <li data-mce-fragment=\"1\">Hydro-Granulat<\/li> <li data-mce-fragment=\"1\">Aktivkohle<\/li> <li>Terrarienerde<\/li> <li data-mce-fragment=\"1\">Dekorsteine<\/li> <li data-mce-fragment=\"1\">Schrittplan f\u00fcr die Gestaltung Ihres Flaschengartens <\/li> <li data-mce-fragme>Pflegetipps<\/li> <\/ul> <p>Dieses Terrarium f\u00fchlt sich in jedem Interieur wohl und wird als Do-It-Yourself-Paket geliefert. Kein gr\u00fcner Daumen? Keine Bange. Wir erkl\u00e4ren Ihnen in 5 Schritten alles, was Sie \u00fcber Ihr Terrarium wissen m\u00fcssen, damit Sie Ihr eigenes Terrarium zu Hause oder im B\u00fcro innerhalb von 10 Minuten genie\u00dfen k\u00f6nnen. <\/p>","protected":false},"excerpt":{"rendered":"<p>Do-It-Yourself Flaschengarten set Mit einem Do-It-Yourself-Pflanzterrarium erhalten Sie ein autarkes Biotop, an dem Sie lange Freude haben werden. Nachdem Sie oder die Person, der Sie dieses Terrarium schenken werden, Ihr eigenes Mini-\u00d6kosystem mit dem mitgelieferten F\u00fcnf-Schritte-Plan zusammengestellt haben, wird das Wasser durch Verdunstung durch die Pflanzen und Moose recycelt. Ma\u00dfe: \u00d8 17 cm \u2191 31 [&hellip;]<\/p>\n","protected":false},"author":1,"featured_media":32845,"comment_status":"open","ping_status":"closed","template":"","meta":{"inline_featured_image":false},"pwb-brand":[5157],"product_cat":[5109,5160,5156,5977],"product_tag":[],"class_list":{"0":"post-32844","1":"product","2":"type-product","3":"status-publish","4":"has-post-thumbnail","6":"pwb-brand-urbanjngl","7":"product_cat-cat-calatheas","8":"product_cat-cat-fittonien","9":"product_cat-cat-flaschengarten","10":"product_cat-cat-geschenke-fur-pflanzenliebhaber-und-innen","12":"first","13":"outofstock","14":"sale","15":"taxable","16":"shipping-taxable","17":"purchasable","18":"product-type-simple"},"acf":[],"gtin":"8720726958226","brands":[{"id":5157,"name":"Urbanjngl","slug":"urbanjngl"}],"_links":{"self":[{"href":"https:\/\/oragarden.de\/en\/wp-json\/wp\/v2\/product\/32844","targetHints":{"allow":["GET"]}}],"collection":[{"href":"https:\/\/oragarden.de\/en\/wp-json\/wp\/v2\/product"}],"about":[{"href":"https:\/\/oragarden.de\/en\/wp-json\/wp\/v2\/types\/product"}],"author":[{"embeddable":true,"href":"https:\/\/oragarden.de\/en\/wp-json\/wp\/v2\/users\/1"}],"replies":[{"embeddable":true,"href":"https:\/\/oragarden.de\/en\/wp-json\/wp\/v2\/comments?post=32844"}],"wp:featuredmedia":[{"embeddable":true,"href":"https:\/\/oragarden.de\/en\/wp-json\/wp\/v2\/media\/32845"}],"wp:attachment":[{"href":"https:\/\/oragarden.de\/en\/wp-json\/wp\/v2\/media?parent=32844"}],"wp:term":[{"taxonomy":"pwb-brand","embeddable":true,"href":"https:\/\/oragarden.de\/en\/wp-json\/wp\/v2\/pwb-brand?post=32844"},{"taxonomy":"product_cat","embeddable":true,"href":"https:\/\/oragarden.de\/en\/wp-json\/wp\/v2\/product_cat?post=32844"},{"taxonomy":"product_tag","embeddable":true,"href":"https:\/\/oragarden.de\/en\/wp-json\/wp\/v2\/product_tag?post=32844"}],"curies":[{"name":"wp","href":"https:\/\/api.w.org\/{rel}","templated":true}]}}