{"id":32826,"date":"2024-04-08T22:15:33","date_gmt":"2024-04-08T23:15:33","guid":{"rendered":"https:\/\/oragarden.de\/?post_type=product&#038;p=32826"},"modified":"2025-10-24T13:25:18","modified_gmt":"2025-10-24T14:25:18","slug":"urbanjngl-flaschengarten-bolder-bob-bonsai-set-rake-shovel-tweezer-scissors-30-cm","status":"publish","type":"product","link":"https:\/\/oragarden.de\/en\/product\/urbanjngl-flaschengarten-bolder-bob-bonsai-set-rake-shovel-tweezer-scissors-30-cm\/","title":{"rendered":"Urbanjngl Flaschengarten Bolder Bob Bonsai Set (Rake, Shovel, Tweezer, Scissors) &#8211; 30 cm"},"content":{"rendered":"<h4>Do-It-Yourself Flaschengarten set<\/h4> <p>Mit einem Do-It-Yourself-Pflanzterrarium erhalten Sie ein autarkes Biotop, an dem Sie lange Freude haben werden. Nachdem Sie oder die Person, der Sie dieses Terrarium schenken werden, Ihr eigenes Mini-\u00d6kosystem mit dem mitgelieferten F\u00fcnf-Schritte-Plan zusammengestellt haben, wird das Wasser durch Verdunstung durch die Pflanzen und Moose recycelt.<\/p> <p> <strong data-mce-fragment=\"1\">Ma\u00dfe: \u00d8 31 cm \u2191 30 cm<\/strong><\/p> <p>Kein gr\u00fcner Daumen? Keine Bange. Unsere Terrarien pflegen sich nach dem Aufbau von selbst. So kann sich jeder, auch ohne gr\u00fcnen Daumen, sorgenfrei an endlosem Gr\u00fcn zu Hause oder im B\u00fcro erfreuen.<\/p><h4 data-mce-fragment=\"1\">Was ist im DIY-Terrarienpaket enthalten?<\/h4> <ul data-mce-fragment=\"1\"> <li data-mce-fragment=\"1\"> <span data-mce-fragment=\"1\">Terrarium me<\/span><span data-mce-fragment=\"1\">t cork<\/span> <\/li> <li data-mce-fragment=\"1\"> <span>Pflanzen <\/li> <ul data-mce-fragment=\"1\"> <li data-mce-fragment=\"1\">Ficus Ginseng Bonsai<br> <\/li> <li>Fittonia <br> <\/li> <li data-mce-fragment=\"1\">Fittonia-Limone<\/li> <\/ul> <li data-mce-fragment=\"1\"> Reichlich frische gr\u00fcne Knollenmoose<\/li> <li data-mce-fragment=\"1\">Hydrogranulat<\/li> <li data-mce-fragment=\"1\">Aktivkohle<\/li> <li>Terrarienerde<\/li> <li data-mce-fragment=\"1\">Dekorsteine<\/li> <li data-mce-fragment=\"1\">Schrittplan zum Erstellen Ihr Flaschengarten <\/li> <li data-m>Pflegetipps<\/li> <\/ul> <p>Dieses Terrarium f\u00fchlt sich in jedem Interieur wohl und wird als Do-It-Yourself-Paket geliefert. Kein gr\u00fcner Daumen? Keine Bange. Wir erkl\u00e4ren Ihnen in 5 Schritten alles, was Sie \u00fcber Ihr Terrarium wissen m\u00fcssen, damit Sie Ihr eigenes Terrarium zu Hause oder im B\u00fcro innerhalb von 10 Minuten genie\u00dfen k\u00f6nnen. <\/p>","protected":false},"excerpt":{"rendered":"<p>Do-It-Yourself Flaschengarten set Mit einem Do-It-Yourself-Pflanzterrarium erhalten Sie ein autarkes Biotop, an dem Sie lange Freude haben werden. Nachdem Sie oder die Person, der Sie dieses Terrarium schenken werden, Ihr eigenes Mini-\u00d6kosystem mit dem mitgelieferten F\u00fcnf-Schritte-Plan zusammengestellt haben, wird das Wasser durch Verdunstung durch die Pflanzen und Moose recycelt. Ma\u00dfe: \u00d8 31 cm \u2191 30 [&hellip;]<\/p>\n","protected":false},"author":1,"featured_media":32827,"comment_status":"open","ping_status":"closed","template":"","meta":{"inline_featured_image":false},"pwb-brand":[5157],"product_cat":[4967,5160,5156,5977],"product_tag":[],"class_list":{"0":"post-32826","1":"product","2":"type-product","3":"status-publish","4":"has-post-thumbnail","6":"pwb-brand-urbanjngl","7":"product_cat-cat-ficus","8":"product_cat-cat-fittonien","9":"product_cat-cat-flaschengarten","10":"product_cat-cat-geschenke-fur-pflanzenliebhaber-und-innen","12":"first","13":"outofstock","14":"sale","15":"taxable","16":"shipping-taxable","17":"purchasable","18":"product-type-simple"},"acf":[],"gtin":"8720726958516","brands":[{"id":5157,"name":"Urbanjngl","slug":"urbanjngl"}],"_links":{"self":[{"href":"https:\/\/oragarden.de\/en\/wp-json\/wp\/v2\/product\/32826","targetHints":{"allow":["GET"]}}],"collection":[{"href":"https:\/\/oragarden.de\/en\/wp-json\/wp\/v2\/product"}],"about":[{"href":"https:\/\/oragarden.de\/en\/wp-json\/wp\/v2\/types\/product"}],"author":[{"embeddable":true,"href":"https:\/\/oragarden.de\/en\/wp-json\/wp\/v2\/users\/1"}],"replies":[{"embeddable":true,"href":"https:\/\/oragarden.de\/en\/wp-json\/wp\/v2\/comments?post=32826"}],"wp:featuredmedia":[{"embeddable":true,"href":"https:\/\/oragarden.de\/en\/wp-json\/wp\/v2\/media\/32827"}],"wp:attachment":[{"href":"https:\/\/oragarden.de\/en\/wp-json\/wp\/v2\/media?parent=32826"}],"wp:term":[{"taxonomy":"pwb-brand","embeddable":true,"href":"https:\/\/oragarden.de\/en\/wp-json\/wp\/v2\/pwb-brand?post=32826"},{"taxonomy":"product_cat","embeddable":true,"href":"https:\/\/oragarden.de\/en\/wp-json\/wp\/v2\/product_cat?post=32826"},{"taxonomy":"product_tag","embeddable":true,"href":"https:\/\/oragarden.de\/en\/wp-json\/wp\/v2\/product_tag?post=32826"}],"curies":[{"name":"wp","href":"https:\/\/api.w.org\/{rel}","templated":true}]}}