{"id":32797,"date":"2024-04-09T21:54:19","date_gmt":"2024-04-09T22:54:19","guid":{"rendered":"https:\/\/oragarden.de\/?post_type=product&#038;p=32797"},"modified":"2025-10-24T13:25:14","modified_gmt":"2025-10-24T14:25:14","slug":"urbanjngl-flaschengarten-drop-xl-rot-37-cm","status":"publish","type":"product","link":"https:\/\/oragarden.de\/en\/product\/urbanjngl-flaschengarten-drop-xl-rot-37-cm\/","title":{"rendered":"Urbanjngl Flaschengarten Drop XL Rot &#8211; 37 cm"},"content":{"rendered":"<h4>Do-It-Yourself Flaschengarten set<\/h4> <p>Mit einem Do-It-Yourself-Pflanzterrarium erhalten Sie ein autarkes Biotop, an dem Sie lange Freude haben werden. Nachdem Sie oder die Person, der Sie dieses Terrarium schenken werden, Ihr eigenes Mini-\u00d6kosystem mit dem mitgelieferten F\u00fcnf-Schritte-Plan zusammengestellt haben, wird das Wasser durch Verdunstung durch die Pflanzen und Moose recycelt.<\/p> <p> <strong data-mce-fragment=\"1\">Ma\u00dfe: \u00d8 29 cm \u2191 37 cm<\/strong><\/p> <p>Kein gr\u00fcner Daumen? Keine Bange. Unsere Terrarien pflegen sich nach dem Aufbau von selbst. Auf diese Weise kann jeder, auch ohne gr\u00fcnen Daumen, endloses Gr\u00fcn in seinem Zuhause oder B\u00fcro unbeschwert und endlos genie\u00dfen.<\/p> <ul data-mce-fragment=\"1\"> <li data-mce-fragment=\"1 \"> <span data-mce-fragment=\"1\">Terrarium me<\/span><span data-mce-fragment=\"1\"> t Kork &#8211; 37 cm hoch <\/span> <\/li> <li>Pflanzen<\/li> <ul data-mce-fragment=\"1\"> <li data-mce-fragment=\"1\">Coffea Arabica (Kaffee Pflanze)<br> <\/li> <li data-mce-fragment=\"1\">Calahea Lancifolia (Pfauenpflanze)<br> <\/li> <li data-mce-fragment=\"1\">Rote Fittonia<br data-mce-fragment=\"1\"> <\/li> <\/ul> <li data-mce-fragment=\"1\">Viel frische gr\u00fcne Knollenmoose<\/li> <li data-mce-fragment=\"1 \">Hydrogranulat<\/li> <li data-mce-fragment=\"1\">Aktivkohle<\/li> <li data-mce-fragment=\"1\">Terrarienerde<\/li> <li data-mce>Dekorative Kieselsteine<\/li> <li data-mce-fragment=\"1\">Schritt-f\u00fcr-Schritt-Plan f\u00fcr die Erstellung Ihres Flaschengartens<\/li> <li data-mce-fragment=\"1 \">Pflegetipps<\/li> <\/ul> <p>Th Dieses Terrarium f\u00fchlt sich in jedem Interieur so an und wird als Do-It-Yourself-Paket geliefert. Kein gr\u00fcner Daumen? Keine Bange. Wir erkl\u00e4ren Ihnen in 5 Schritten alles, was Sie \u00fcber Ihr Terrarium wissen m\u00fcssen, damit Sie Ihr eigenes Terrarium zu Hause oder im B\u00fcro innerhalb von 10 Minuten genie\u00dfen k\u00f6nnen. <\/p>","protected":false},"excerpt":{"rendered":"<p>Do-It-Yourself Flaschengarten set Mit einem Do-It-Yourself-Pflanzterrarium erhalten Sie ein autarkes Biotop, an dem Sie lange Freude haben werden. Nachdem Sie oder die Person, der Sie dieses Terrarium schenken werden, Ihr eigenes Mini-\u00d6kosystem mit dem mitgelieferten F\u00fcnf-Schritte-Plan zusammengestellt haben, wird das Wasser durch Verdunstung durch die Pflanzen und Moose recycelt. Ma\u00dfe: \u00d8 29 cm \u2191 37 [&hellip;]<\/p>\n","protected":false},"author":1,"featured_media":32798,"comment_status":"open","ping_status":"closed","template":"","meta":{"inline_featured_image":false},"pwb-brand":[5157],"product_cat":[5109,5160,5156,5977,5159],"product_tag":[],"class_list":{"0":"post-32797","1":"product","2":"type-product","3":"status-publish","4":"has-post-thumbnail","6":"pwb-brand-urbanjngl","7":"product_cat-cat-calatheas","8":"product_cat-cat-fittonien","9":"product_cat-cat-flaschengarten","10":"product_cat-cat-geschenke-fur-pflanzenliebhaber-und-innen","11":"product_cat-cat-kaffeepflanzen-coffea-arabica","13":"first","14":"outofstock","15":"sale","16":"taxable","17":"shipping-taxable","18":"purchasable","19":"product-type-simple"},"acf":[],"gtin":"8720726958820","brands":[{"id":5157,"name":"Urbanjngl","slug":"urbanjngl"}],"_links":{"self":[{"href":"https:\/\/oragarden.de\/en\/wp-json\/wp\/v2\/product\/32797","targetHints":{"allow":["GET"]}}],"collection":[{"href":"https:\/\/oragarden.de\/en\/wp-json\/wp\/v2\/product"}],"about":[{"href":"https:\/\/oragarden.de\/en\/wp-json\/wp\/v2\/types\/product"}],"author":[{"embeddable":true,"href":"https:\/\/oragarden.de\/en\/wp-json\/wp\/v2\/users\/1"}],"replies":[{"embeddable":true,"href":"https:\/\/oragarden.de\/en\/wp-json\/wp\/v2\/comments?post=32797"}],"wp:featuredmedia":[{"embeddable":true,"href":"https:\/\/oragarden.de\/en\/wp-json\/wp\/v2\/media\/32798"}],"wp:attachment":[{"href":"https:\/\/oragarden.de\/en\/wp-json\/wp\/v2\/media?parent=32797"}],"wp:term":[{"taxonomy":"pwb-brand","embeddable":true,"href":"https:\/\/oragarden.de\/en\/wp-json\/wp\/v2\/pwb-brand?post=32797"},{"taxonomy":"product_cat","embeddable":true,"href":"https:\/\/oragarden.de\/en\/wp-json\/wp\/v2\/product_cat?post=32797"},{"taxonomy":"product_tag","embeddable":true,"href":"https:\/\/oragarden.de\/en\/wp-json\/wp\/v2\/product_tag?post=32797"}],"curies":[{"name":"wp","href":"https:\/\/api.w.org\/{rel}","templated":true}]}}