{"id":32768,"date":"2024-04-10T19:10:23","date_gmt":"2024-04-10T20:10:23","guid":{"rendered":"https:\/\/oragarden.de\/?post_type=product&#038;p=32768"},"modified":"2025-10-24T13:25:10","modified_gmt":"2025-10-24T14:25:10","slug":"urbanjngl-flaschengarten-lukas-33-cm","status":"publish","type":"product","link":"https:\/\/oragarden.de\/en\/product\/urbanjngl-flaschengarten-lukas-33-cm\/","title":{"rendered":"Urbanjngl Flaschengarten Lukas &#8211; 33 cm"},"content":{"rendered":"<h4>Do-It-Yourself Flaschengarten set<\/h4>\r\n<p>Mit einem Do-It-Yourself-Pflanzterrarium erhalten Sie ein autarkes Biotop, an dem Sie lange Freude haben werden. Nachdem Sie oder die Person, der Sie dieses Terrarium schenken werden, mit dem beiliegenden F\u00fcnf-Schritte-Plan Ihr eigenes Mini-\u00d6kosystem zusammengestellt haben, wird das Wasser durch Verdunstung durch die Pflanzen und Moose recycelt.<\/p>\r\n<p><strong>Ma\u00dfe: \u00d8 25 cm \u2191 33 cm<\/strong><\/p>\r\n<p>Kein gr\u00fcner Daumen? Keine Bange. Unsere Terrarien pflegen sich nach dem Aufbau von selbst. So kann sich jeder, auch ohne gr\u00fcnen Daumen, sorglos und endlos an endlosem Gr\u00fcn in der Wohnung oder im B\u00fcro erfreuen.<\/p>\r\n<h4>Was ist im DIY-Terrarium-Paket enthalten?<\/h4>\r\n<ul> \r\n\t<li>Terrarium mit Kork <\/li>\r\n\t<li>Pflanzen <\/li>\r\n\t<ul> \r\n\t\t<li>Coffea Arabica <\/li>\r\n\t\t<li>Fittonia<\/li>\r\n\t\t<li>Spargel<\/li>\r\n \t<\/ul>\r\n\t<li>Viel frische gr\u00fcne Knollenmoose<\/li>\r\n\t<li>Hydrogranulat<\/li>\r\n\t<li>Aktivkohle<\/li>\r\n\t<li>Terrarienerde<\/li>\r\n\t<li>Dekorsteine<\/li>\r\n\t<li>Schrittplan f\u00fcr die Gestaltung Ihres Flaschengartens <\/li>\r\n\t<li>Pflegetipps<\/li>\r\n <\/ul>\r\n<p>Dieses Terrarium f\u00fchlt sich in jedem Interieur zu Hause und wird als Do-It-Yourself-Paket geliefert. Kein gr\u00fcner Daumen? Keine Bange. Wir erkl\u00e4ren Ihnen in 5 Schritten alles, was Sie \u00fcber Ihr Terrarium wissen m\u00fcssen, damit Sie Ihr eigenes Terrarium zu Hause oder im B\u00fcro innerhalb von 10 Minuten genie\u00dfen k\u00f6nnen. <\/p>","protected":false},"excerpt":{"rendered":"<p>Do-It-Yourself Flaschengarten set Mit einem Do-It-Yourself-Pflanzterrarium erhalten Sie ein autarkes Biotop, an dem Sie lange Freude haben werden. Nachdem Sie oder die Person, der Sie dieses Terrarium schenken werden, mit dem beiliegenden F\u00fcnf-Schritte-Plan Ihr eigenes Mini-\u00d6kosystem zusammengestellt haben, wird das Wasser durch Verdunstung durch die Pflanzen und Moose recycelt. Ma\u00dfe: \u00d8 25 cm \u2191 33 [&hellip;]<\/p>\n","protected":false},"author":1,"featured_media":32769,"comment_status":"open","ping_status":"closed","template":"","meta":{"inline_featured_image":false},"pwb-brand":[5157],"product_cat":[6590,5160,5156,5977,5159],"product_tag":[],"class_list":{"0":"post-32768","1":"product","2":"type-product","3":"status-publish","4":"has-post-thumbnail","6":"pwb-brand-urbanjngl","7":"product_cat-cat-asparagus-zier-spargel","8":"product_cat-cat-fittonien","9":"product_cat-cat-flaschengarten","10":"product_cat-cat-geschenke-fur-pflanzenliebhaber-und-innen","11":"product_cat-cat-kaffeepflanzen-coffea-arabica","13":"first","14":"outofstock","15":"sale","16":"taxable","17":"shipping-taxable","18":"purchasable","19":"product-type-simple"},"acf":[],"gtin":"8719326972466","brands":[{"id":5157,"name":"Urbanjngl","slug":"urbanjngl"}],"_links":{"self":[{"href":"https:\/\/oragarden.de\/en\/wp-json\/wp\/v2\/product\/32768","targetHints":{"allow":["GET"]}}],"collection":[{"href":"https:\/\/oragarden.de\/en\/wp-json\/wp\/v2\/product"}],"about":[{"href":"https:\/\/oragarden.de\/en\/wp-json\/wp\/v2\/types\/product"}],"author":[{"embeddable":true,"href":"https:\/\/oragarden.de\/en\/wp-json\/wp\/v2\/users\/1"}],"replies":[{"embeddable":true,"href":"https:\/\/oragarden.de\/en\/wp-json\/wp\/v2\/comments?post=32768"}],"wp:featuredmedia":[{"embeddable":true,"href":"https:\/\/oragarden.de\/en\/wp-json\/wp\/v2\/media\/32769"}],"wp:attachment":[{"href":"https:\/\/oragarden.de\/en\/wp-json\/wp\/v2\/media?parent=32768"}],"wp:term":[{"taxonomy":"pwb-brand","embeddable":true,"href":"https:\/\/oragarden.de\/en\/wp-json\/wp\/v2\/pwb-brand?post=32768"},{"taxonomy":"product_cat","embeddable":true,"href":"https:\/\/oragarden.de\/en\/wp-json\/wp\/v2\/product_cat?post=32768"},{"taxonomy":"product_tag","embeddable":true,"href":"https:\/\/oragarden.de\/en\/wp-json\/wp\/v2\/product_tag?post=32768"}],"curies":[{"name":"wp","href":"https:\/\/api.w.org\/{rel}","templated":true}]}}