{"id":32719,"date":"2024-04-10T17:59:07","date_gmt":"2024-04-10T18:59:07","guid":{"rendered":"https:\/\/oragarden.de\/?post_type=product&#038;p=32719"},"modified":"2025-10-24T13:25:04","modified_gmt":"2025-10-24T14:25:04","slug":"urbanjngl-flaschengarten-dome-xl-30-cm","status":"publish","type":"product","link":"https:\/\/oragarden.de\/en\/product\/urbanjngl-flaschengarten-dome-xl-30-cm\/","title":{"rendered":"Urbanjngl Flaschengarten Dome XL &#8211; 30 cm"},"content":{"rendered":"<h4>Do-It-Yourself Flaschengarten set<\/h4>\r\n<p>Mit einem Do-It-Yourself-Pflanzterrarium erhalten Sie ein autarkes Biotop, an dem Sie lange Freude haben werden. Nachdem Sie oder die Person, der Sie dieses Terrarium schenken werden, mit dem beiliegenden F\u00fcnf-Schritte-Plan Ihr eigenes Mini-\u00d6kosystem zusammengestellt haben, wird das Wasser durch Verdunstung durch die Pflanzen und Moose recycelt.<\/p>\r\n<p> <strong>Ma\u00dfe: \u00d8 30 cm \u2191 30 cm<\/strong><\/p>\r\n<p>Man w\u00fcrde sagen, dass einige Dinge behoben sind. Zum Beispiel, dass die Erde eine Kugel ist. Nicht so. Es gibt immer noch viele Menschen, die glauben, dass die Erde eine Scheibe ist. Wie? Wir wissen es auch nicht. Wir wissen, dass die Erde laut diesen \u201eGl\u00e4ubigen\u201c wie ein Mini-\u00d6kosystem DOME XL aussehen sollte. Dieses hier ist einfach etwas zu gro\u00df? Gr\u00f6\u00dfe kleiner? Pflanzenterrarium <em>Dome<\/em><\/p>\r\n<h4>Was ist im DIY-Terrarienpaket enthalten?<\/h4>\r\n<ul> \r\n\t<li> Terrarienkugel &#8211; 30 cm hoch <\/li>\r\n\t<li> Pflanzen<\/li>\r\n\t<ul> \r\n\t\t<li>Farn<\/li>\r\n\t\t<li>Wei\u00dfe Fittonie<\/li>\r\n\t\t<li>Spargel<\/li>\r\n \t<\/ul>\r\n\t<li>Viel frisches gr\u00fcnes Knollenmoos<\/li>\r\n\t<li>Hydrogranulat <\/li>\r\n\t<li>Aktivkohle <\/li>\r\n\t<li>Terrarienerde<\/li>\r\n\t<li>Dekorsteine<\/li>\r\n\t<li>Schrittplan f\u00fcr die Gestaltung Ihres Flaschengartens<\/li>\r\n\t<li>Pflegetipps<\/li>\r\n <\/ul>\r\n<p>Mit einem Mini-\u00d6kosystem holen Sie sich ein kleines, autarkes Biotop nach Hause. Das Wasser wird durch Verdunstung recycelt, so dass kaum noch gegossen werden muss. Total hip und handlich, oder? Das dachten wir auch.<\/p>\r\n<p>Unsere \u00d6kosysteme sind wahre Freunde f\u00fcr jedermann, die sich in jedem Interieur zu Hause f\u00fchlen. Gut zu wissen; Alle unsere \u00d6kosysteme werden als Do-It-Yourself-Kit (DIY) geliefert, sodass Sie es nach Erhalt selbst zusammenbauen m\u00fcssen. Aber auch hier keine Sorge, wir erkl\u00e4ren dir in 5 Schritten alles, was du \u00fcber dein \u00d6kosystem wissen musst. <\/p>\r\n<h4>Pers\u00f6nlich, nachhaltig und lehrreich<\/h4>\r\n<p>Mit gr\u00f6\u00dfter Sorgfalt und Liebe werden unsere Pflanzen und Moose von lokalen Z\u00fcchtern von Hand ausgew\u00e4hlt. Wo sie auf m\u00f6glichst nachhaltige Weise angebaut werden. So gedeihen die Pflanzen in Ihrer Glasflasche garantiert gemeinsam und Sie haben viele Jahre lang Freude an Ihrem pers\u00f6nlichen \u00d6kosystem mit Pflanzen. <\/p>\r\n<p>Du lernst, indem du es tust. Indem Sie selbst oder mit Kindern Ihr eigenes Mini-\u00d6kosystem erschaffen, lernen Sie auf kreative Weise verschiedene Facetten der Erde und damit die Grundlagen des Lebendigen kennen. Stein, Blumenerde, Wurzeln, Pflanzen, Wasser und Recycling spiegeln sich in diesem kreativen Hingucker f\u00fcr zu Hause wider. <\/p>\r\n<h4>Gut zu wissen <\/h4>\r\n<ul> \r\n\t<li>Wir arbeiten mit MPS-zertifizierten Werken und recycelten Glaswaren. <\/li>\r\n\t<li>Die Abmessungen und Farben lebender Pflanzen k\u00f6nnen abweichen. <\/li>\r\n\t<li>Es ist auch m\u00f6glich, dass die abgebildete Pflanze saisonbedingt nicht vorr\u00e4tig ist. Dann erhalten Sie von uns eine wunderbare Alternative. <\/li>\r\n\t<li>Es wird empfohlen, Ihr \u00d6kosystem einmal im Monat f\u00fcr einige Stunden zu \u00f6ffnen.<\/li>\r\n <\/ul>\r\n<h4>Geschenktipp<\/h4>\r\n<p>Ein tolles Geschenk f\u00fcr Ihren gr\u00fcnen Freund, aber auch f\u00fcr Ihren weniger gr\u00fcnen Freund. Hat er oder sie keinen gr\u00fcnen Daumen? Dann gehen Sie die f\u00fcnf Schritte selbst durch und machen Sie es selbst f\u00fcr ihn oder sie.<\/p>\r\n<p>Geben Sie es zum Geburtstag, zur Einweihungsparty oder zu anderen Anl\u00e4ssen. Es ist einmal etwas anderes und ein einzigartiges Geschenk. Diesmal die Flasche, aber diesmal nicht das Getr\u00e4nk. Wenn Sie es schaffen, ihn zu verschenken, hei\u00dft das&#8230; Wetten, dass dieser besondere Hingucker im Handumdrehen einen Platz in Ihrem Interieur erobert hat?<\/p>\r\n<h4><strong>Flaschengarten: nachhaltig Gr\u00fcn mit Wurzeln in Holland<\/strong><\/h4>\r\n<p>Flaschengarten ist ein \u00fcberdimensionales Hobby, aber unsere Wurzeln liegen im Gr\u00fcnen. Angeborener gr\u00fcner Daumen sozusagen, kombiniert mit jahrelanger Erfahrung im Gartencenter. Diese Leidenschaft f\u00fcr Pflanzen und Unternehmertum sorgt daf\u00fcr, dass Sie von nun an das beste Gr\u00fcn in Ihrem Zuhause genie\u00dfen k\u00f6nnen. Sehen Sie sich die gesamte Kollektion von <\/p>","protected":false},"excerpt":{"rendered":"<p>Do-It-Yourself Flaschengarten set Mit einem Do-It-Yourself-Pflanzterrarium erhalten Sie ein autarkes Biotop, an dem Sie lange Freude haben werden. Nachdem Sie oder die Person, der Sie dieses Terrarium schenken werden, mit dem beiliegenden F\u00fcnf-Schritte-Plan Ihr eigenes Mini-\u00d6kosystem zusammengestellt haben, wird das Wasser durch Verdunstung durch die Pflanzen und Moose recycelt. Ma\u00dfe: \u00d8 30 cm \u2191 30 [&hellip;]<\/p>\n","protected":false},"author":1,"featured_media":32720,"comment_status":"open","ping_status":"closed","template":"","meta":{"inline_featured_image":false},"pwb-brand":[5157],"product_cat":[6590,5109,5160,5156,5977],"product_tag":[],"class_list":{"0":"post-32719","1":"product","2":"type-product","3":"status-publish","4":"has-post-thumbnail","6":"pwb-brand-urbanjngl","7":"product_cat-cat-asparagus-zier-spargel","8":"product_cat-cat-calatheas","9":"product_cat-cat-fittonien","10":"product_cat-cat-flaschengarten","11":"product_cat-cat-geschenke-fur-pflanzenliebhaber-und-innen","13":"first","14":"outofstock","15":"sale","16":"taxable","17":"shipping-taxable","18":"purchasable","19":"product-type-simple"},"acf":[],"gtin":"8719326972497","brands":[{"id":5157,"name":"Urbanjngl","slug":"urbanjngl"}],"_links":{"self":[{"href":"https:\/\/oragarden.de\/en\/wp-json\/wp\/v2\/product\/32719","targetHints":{"allow":["GET"]}}],"collection":[{"href":"https:\/\/oragarden.de\/en\/wp-json\/wp\/v2\/product"}],"about":[{"href":"https:\/\/oragarden.de\/en\/wp-json\/wp\/v2\/types\/product"}],"author":[{"embeddable":true,"href":"https:\/\/oragarden.de\/en\/wp-json\/wp\/v2\/users\/1"}],"replies":[{"embeddable":true,"href":"https:\/\/oragarden.de\/en\/wp-json\/wp\/v2\/comments?post=32719"}],"wp:featuredmedia":[{"embeddable":true,"href":"https:\/\/oragarden.de\/en\/wp-json\/wp\/v2\/media\/32720"}],"wp:attachment":[{"href":"https:\/\/oragarden.de\/en\/wp-json\/wp\/v2\/media?parent=32719"}],"wp:term":[{"taxonomy":"pwb-brand","embeddable":true,"href":"https:\/\/oragarden.de\/en\/wp-json\/wp\/v2\/pwb-brand?post=32719"},{"taxonomy":"product_cat","embeddable":true,"href":"https:\/\/oragarden.de\/en\/wp-json\/wp\/v2\/product_cat?post=32719"},{"taxonomy":"product_tag","embeddable":true,"href":"https:\/\/oragarden.de\/en\/wp-json\/wp\/v2\/product_tag?post=32719"}],"curies":[{"name":"wp","href":"https:\/\/api.w.org\/{rel}","templated":true}]}}