{"id":32665,"date":"2024-04-08T14:47:09","date_gmt":"2024-04-08T15:47:09","guid":{"rendered":"https:\/\/oragarden.de\/?post_type=product&#038;p=32665"},"modified":"2025-10-24T13:24:58","modified_gmt":"2025-10-24T14:24:58","slug":"urbanjngl-flaschengarten-sammie-set-rake-shovel-tweezer-scissors-26-cm","status":"publish","type":"product","link":"https:\/\/oragarden.de\/en\/product\/urbanjngl-flaschengarten-sammie-set-rake-shovel-tweezer-scissors-26-cm\/","title":{"rendered":"Urbanjngl Flaschengarten Sammie Set (Rake, Shovel, Tweezer, Scissors) &#8211; 26 cm"},"content":{"rendered":"<h4>Do-It-Yourself Flaschengarten set<\/h4> <p>Mit einem Do-It-Yourself-Pflanzterrarium erhalten Sie ein autarkes Biotop, an dem Sie lange Freude haben werden. Nachdem Sie oder die Person, der Sie dieses Terrarium schenken werden, Ihr eigenes Mini-\u00d6kosystem mit dem mitgelieferten F\u00fcnf-Schritte-Plan zusammengestellt haben, wird das Wasser durch Verdunstung durch die Pflanzen und Moose recycelt.<\/p> Abmessungen: \u2191 27 cm | \u00d8 22,5 cm <p>Kein gr\u00fcner Daumen? Keine Bange. Unsere Terrarien pflegen sich nach dem Aufbau von selbst. So kann sich jeder, auch ohne gr\u00fcnen Daumen, unbeschwert und ohne Ende an endlosem Gr\u00fcn in der Wohnung oder im B\u00fcro erfreuen.<\/p> <h4>Was ist im DIY-Terrarienpaket enthalten?<\/h4> <ul> <li> <span>Terrarium mit Kork &#8211; 27 cm hoch<\/span> <\/li> <li>Pflanzen<\/li> <ul> <li>Calathea<\/li> <li>Wei\u00df fittonia<\/li> <\/ul> <li>Viel frisches gr\u00fcnes Knollenmoos<\/li> <li>Hydrogranulat<\/li> <li>Aktivkohle<\/li> <li>Terrarienerde<\/li> <li>Dekosteine<\/li> <li>Schrittplan f\u00fcr die Gestaltung Ihres Flaschengartens<\/li> <li>Pflegetipps<\/li> <\/ul> <p>Dieses Terrarium f\u00fchlt sich in jeder Einrichtung wohl und kommt so gut an ein Do-It-Yourself-Paket. Kein gr\u00fcner Daumen? Keine Bange. Wir erkl\u00e4ren Ihnen in 5 Schritten alles, was Sie \u00fcber Ihr Terrarium wissen m\u00fcssen, damit Sie Ihr eigenes Terrarium zu Hause oder im B\u00fcro innerhalb von 10 Minuten genie\u00dfen k\u00f6nnen. <\/p>","protected":false},"excerpt":{"rendered":"<p>Do-It-Yourself Flaschengarten set Mit einem Do-It-Yourself-Pflanzterrarium erhalten Sie ein autarkes Biotop, an dem Sie lange Freude haben werden. Nachdem Sie oder die Person, der Sie dieses Terrarium schenken werden, Ihr eigenes Mini-\u00d6kosystem mit dem mitgelieferten F\u00fcnf-Schritte-Plan zusammengestellt haben, wird das Wasser durch Verdunstung durch die Pflanzen und Moose recycelt. Abmessungen: \u2191 27 cm | \u00d8 [&hellip;]<\/p>\n","protected":false},"author":1,"featured_media":32666,"comment_status":"open","ping_status":"closed","template":"","meta":{"inline_featured_image":false},"pwb-brand":[5157],"product_cat":[5109,5160,5156,5977],"product_tag":[],"class_list":{"0":"post-32665","1":"product","2":"type-product","3":"status-publish","4":"has-post-thumbnail","6":"pwb-brand-urbanjngl","7":"product_cat-cat-calatheas","8":"product_cat-cat-fittonien","9":"product_cat-cat-flaschengarten","10":"product_cat-cat-geschenke-fur-pflanzenliebhaber-und-innen","12":"first","13":"outofstock","14":"sale","15":"taxable","16":"shipping-taxable","17":"purchasable","18":"product-type-simple"},"acf":[],"gtin":"8720726958004","brands":[{"id":5157,"name":"Urbanjngl","slug":"urbanjngl"}],"_links":{"self":[{"href":"https:\/\/oragarden.de\/en\/wp-json\/wp\/v2\/product\/32665","targetHints":{"allow":["GET"]}}],"collection":[{"href":"https:\/\/oragarden.de\/en\/wp-json\/wp\/v2\/product"}],"about":[{"href":"https:\/\/oragarden.de\/en\/wp-json\/wp\/v2\/types\/product"}],"author":[{"embeddable":true,"href":"https:\/\/oragarden.de\/en\/wp-json\/wp\/v2\/users\/1"}],"replies":[{"embeddable":true,"href":"https:\/\/oragarden.de\/en\/wp-json\/wp\/v2\/comments?post=32665"}],"wp:featuredmedia":[{"embeddable":true,"href":"https:\/\/oragarden.de\/en\/wp-json\/wp\/v2\/media\/32666"}],"wp:attachment":[{"href":"https:\/\/oragarden.de\/en\/wp-json\/wp\/v2\/media?parent=32665"}],"wp:term":[{"taxonomy":"pwb-brand","embeddable":true,"href":"https:\/\/oragarden.de\/en\/wp-json\/wp\/v2\/pwb-brand?post=32665"},{"taxonomy":"product_cat","embeddable":true,"href":"https:\/\/oragarden.de\/en\/wp-json\/wp\/v2\/product_cat?post=32665"},{"taxonomy":"product_tag","embeddable":true,"href":"https:\/\/oragarden.de\/en\/wp-json\/wp\/v2\/product_tag?post=32665"}],"curies":[{"name":"wp","href":"https:\/\/api.w.org\/{rel}","templated":true}]}}