{"id":32662,"date":"2024-04-10T20:41:46","date_gmt":"2024-04-10T21:41:46","guid":{"rendered":"https:\/\/oragarden.de\/?post_type=product&#038;p=32662"},"modified":"2025-10-24T13:24:58","modified_gmt":"2025-10-24T14:24:58","slug":"urbanjngl-easyplant-coffea-arabica","status":"publish","type":"product","link":"https:\/\/oragarden.de\/en\/product\/urbanjngl-easyplant-coffea-arabica\/","title":{"rendered":"Urbanjngl Easyplant Coffea Arabica"},"content":{"rendered":"<h3 data-mce-fragment=\"1\">Die lebende Zimmerpflanze, die Sie nur einmal gie\u00dfen m\u00fcssen<\/h3> <p data-mce-fragment=\"1\"><em data-mce-fragment=\"1\"> Easyplant<\/em><span data-mce-fragment=\"1\"> <\/span>Jar ist die lebende gr\u00fcne Zimmerpflanze, die Sie nur einmal gie\u00dfen m\u00fcssen. Geben Sie nach Erhalt die<span data-mce-fragment=\"1\"> <\/span><em data-mce-fragment=\"1\">Easyplant<\/em><span data-mce-fragment=\"1\"> <\/span>1x Wasser, verschlie\u00dfe es luftdicht und platziere diesen neuen gr\u00fcnen Freund in deinem Interieur, ohne dich darum k\u00fcmmern zu m\u00fcssen. Praktisch, oder? Das dachten wir auch! <\/p> <h3 data-mce-fragment=\"1\">Was ist in <span data-mce-fragment=\"1\"> <\/span><em data-mce-fragment=\"1\">Easyplant <\/em><span data-mce-fragment=\"1\"> <\/span>Paket?<\/h3> <ul data-mce-fragment=\"1\"> <li data-mce-fragment=\"1\"> <em data-mce-fragment=\"1\">Easyplant<\/em><\/li> <li data-mce-fragment=\"1\">Italienisches Einmachglas mit Edelstahlverschluss<\/li> <li data-mce-fragment=\"1\">Zimmerpflanze<\/li> <ul data-mce-fragment=\"1\"> <li data-mce-fragment=\"1\">Coffea Arabica<\/li> <\/ul> <li data-mce-fragment=\"1\">Terrakottatopf<\/li> <li data-mce-fragment=\"1\">Reinigungstuch<\/li> <li data-mce-fragment=\"1\">Messbecher<\/li> <li>Benutzerhandbuch <\/li> <li data-mce-fragment=\"1\">Pflegetipps<\/li> <\/ul> <h3 data-mce-fragment=\"1\">Wie funktioniert<span> <\/span><em data-mce-fragment=\"1\">Easyplant<\/em>? <\/h3> <p data-mce-fragment=\"1\">Von <span data-mce-fragment=\"1\"> <\/span><em data-mce-fragment=\"1\">Easyplant<\/em><span data-mce-fragment=\"1\"> <\/span>zum Beenden wird ein Mini-\u00d6kosystem erstellt. Innerhalb dieses geschlossenen \u00d6kosystems wird das Wasser von der Pflanze aufgenommen und die Pflanze nimmt Kohlendioxid aus der Luft auf. Tageslicht sorgt daf\u00fcr, dass die Pflanze Tag und Nacht Sauerstoff zum Leben produziert. Dieser Vorgang wiederholt sich jeden Tag, sodass Sie sich unbegrenzt an Ihrer Zimmerpflanze erfreuen k\u00f6nnen. Ohne sich darum k\u00fcmmern zu m\u00fcssen. <\/p>","protected":false},"excerpt":{"rendered":"<p>Die lebende Zimmerpflanze, die Sie nur einmal gie\u00dfen m\u00fcssen Easyplant Jar ist die lebende gr\u00fcne Zimmerpflanze, die Sie nur einmal gie\u00dfen m\u00fcssen. Geben Sie nach Erhalt die Easyplant 1x Wasser, verschlie\u00dfe es luftdicht und platziere diesen neuen gr\u00fcnen Freund in deinem Interieur, ohne dich darum k\u00fcmmern zu m\u00fcssen. Praktisch, oder? Das dachten wir auch! Was [&hellip;]<\/p>\n","protected":false},"author":1,"featured_media":32663,"comment_status":"open","ping_status":"closed","template":"","meta":{"inline_featured_image":false},"pwb-brand":[5157],"product_cat":[5156,5977,5159],"product_tag":[],"class_list":{"0":"post-32662","1":"product","2":"type-product","3":"status-publish","4":"has-post-thumbnail","6":"pwb-brand-urbanjngl","7":"product_cat-cat-flaschengarten","8":"product_cat-cat-geschenke-fur-pflanzenliebhaber-und-innen","9":"product_cat-cat-kaffeepflanzen-coffea-arabica","11":"first","12":"outofstock","13":"sale","14":"taxable","15":"shipping-taxable","16":"purchasable","17":"product-type-simple"},"acf":[],"gtin":"8720726958707","brands":[{"id":5157,"name":"Urbanjngl","slug":"urbanjngl"}],"_links":{"self":[{"href":"https:\/\/oragarden.de\/en\/wp-json\/wp\/v2\/product\/32662","targetHints":{"allow":["GET"]}}],"collection":[{"href":"https:\/\/oragarden.de\/en\/wp-json\/wp\/v2\/product"}],"about":[{"href":"https:\/\/oragarden.de\/en\/wp-json\/wp\/v2\/types\/product"}],"author":[{"embeddable":true,"href":"https:\/\/oragarden.de\/en\/wp-json\/wp\/v2\/users\/1"}],"replies":[{"embeddable":true,"href":"https:\/\/oragarden.de\/en\/wp-json\/wp\/v2\/comments?post=32662"}],"wp:featuredmedia":[{"embeddable":true,"href":"https:\/\/oragarden.de\/en\/wp-json\/wp\/v2\/media\/32663"}],"wp:attachment":[{"href":"https:\/\/oragarden.de\/en\/wp-json\/wp\/v2\/media?parent=32662"}],"wp:term":[{"taxonomy":"pwb-brand","embeddable":true,"href":"https:\/\/oragarden.de\/en\/wp-json\/wp\/v2\/pwb-brand?post=32662"},{"taxonomy":"product_cat","embeddable":true,"href":"https:\/\/oragarden.de\/en\/wp-json\/wp\/v2\/product_cat?post=32662"},{"taxonomy":"product_tag","embeddable":true,"href":"https:\/\/oragarden.de\/en\/wp-json\/wp\/v2\/product_tag?post=32662"}],"curies":[{"name":"wp","href":"https:\/\/api.w.org\/{rel}","templated":true}]}}