{"id":32159,"date":"2024-05-27T21:17:58","date_gmt":"2024-05-27T22:17:58","guid":{"rendered":"https:\/\/oragarden.de\/?post_type=product&#038;p=32159"},"modified":"2025-10-24T13:24:25","modified_gmt":"2025-10-24T14:24:25","slug":"kolibri-home-keramik-elite-topf-gold-o9-cm","status":"publish","type":"product","link":"https:\/\/oragarden.de\/en\/product\/kolibri-home-keramik-elite-topf-gold-o9-cm\/","title":{"rendered":"Kolibri Home Keramik Elite-Topf Gold &#8211; \u00d89 cm"},"content":{"rendered":"Der Elite-Topf ist die perfekte Erg\u00e4nzung f\u00fcr Ihr Interieur. Dieser dekorative Keramiktopf mit seiner gl\u00e4nzenden goldenen Farbe verleiht jedem Raum ein luxuri\u00f6ses Aussehen. Mit einer Topfgr\u00f6\u00dfe von 9 ist er ideal f\u00fcr mittelgro\u00dfe Pflanzen. Kreieren Sie einen stilvollen und trendigen Look mit dem Elite-Topf. Ein unentbehrliches Accessoire f\u00fcr jeden Pflanzenliebhaber.","protected":false},"excerpt":{"rendered":"<p>Der Elite-Topf ist die perfekte Erg\u00e4nzung f\u00fcr Ihr Interieur. Dieser dekorative Keramiktopf mit seiner gl\u00e4nzenden goldenen Farbe verleiht jedem Raum ein luxuri\u00f6ses Aussehen. Mit einer Topfgr\u00f6\u00dfe von 9 ist er ideal f\u00fcr mittelgro\u00dfe Pflanzen. Kreieren Sie einen stilvollen und trendigen Look mit dem Elite-Topf. Ein unentbehrliches Accessoire f\u00fcr jeden Pflanzenliebhaber.<\/p>\n","protected":false},"author":1,"featured_media":32160,"comment_status":"open","ping_status":"closed","template":"","meta":{"inline_featured_image":false},"pwb-brand":[5097],"product_cat":[6267,2164],"product_tag":[6748,6767,6852],"class_list":{"0":"post-32159","1":"product","2":"type-product","3":"status-publish","4":"has-post-thumbnail","6":"pwb-brand-kolibri","7":"product_cat-cat-orchideentopfe","8":"product_cat-cat-pflanzgefase-ubertopfe","9":"product_tag-goldene-blumentopfe-ubertopfe","10":"product_tag-cat-keramik-blumentopfe","11":"product_tag-uebertoepfe-fuer-orchideen","13":"first","14":"outofstock","15":"sale","16":"taxable","17":"shipping-taxable","18":"purchasable","19":"product-type-simple"},"acf":[],"gtin":"8785279221098","brands":[{"id":5097,"name":"Kolibri","slug":"kolibri"}],"_links":{"self":[{"href":"https:\/\/oragarden.de\/en\/wp-json\/wp\/v2\/product\/32159","targetHints":{"allow":["GET"]}}],"collection":[{"href":"https:\/\/oragarden.de\/en\/wp-json\/wp\/v2\/product"}],"about":[{"href":"https:\/\/oragarden.de\/en\/wp-json\/wp\/v2\/types\/product"}],"author":[{"embeddable":true,"href":"https:\/\/oragarden.de\/en\/wp-json\/wp\/v2\/users\/1"}],"replies":[{"embeddable":true,"href":"https:\/\/oragarden.de\/en\/wp-json\/wp\/v2\/comments?post=32159"}],"wp:featuredmedia":[{"embeddable":true,"href":"https:\/\/oragarden.de\/en\/wp-json\/wp\/v2\/media\/32160"}],"wp:attachment":[{"href":"https:\/\/oragarden.de\/en\/wp-json\/wp\/v2\/media?parent=32159"}],"wp:term":[{"taxonomy":"pwb-brand","embeddable":true,"href":"https:\/\/oragarden.de\/en\/wp-json\/wp\/v2\/pwb-brand?post=32159"},{"taxonomy":"product_cat","embeddable":true,"href":"https:\/\/oragarden.de\/en\/wp-json\/wp\/v2\/product_cat?post=32159"},{"taxonomy":"product_tag","embeddable":true,"href":"https:\/\/oragarden.de\/en\/wp-json\/wp\/v2\/product_tag?post=32159"}],"curies":[{"name":"wp","href":"https:\/\/api.w.org\/{rel}","templated":true}]}}