{"id":32155,"date":"2024-05-27T21:17:58","date_gmt":"2024-05-27T22:17:58","guid":{"rendered":"https:\/\/oragarden.de\/?post_type=product&#038;p=32155"},"modified":"2025-10-24T13:24:25","modified_gmt":"2025-10-24T14:24:25","slug":"kolibri-home-keramik-elite-topf-kupfer-o9-cm","status":"publish","type":"product","link":"https:\/\/oragarden.de\/en\/product\/kolibri-home-keramik-elite-topf-kupfer-o9-cm\/","title":{"rendered":"Kolibri Home Keramik Elite-Topf Kupfer &#8211; \u00d89 cm"},"content":{"rendered":"Verleihen Sie Ihren Pflanzen einen frischen und lebendigen Look mit dem Citrus-Topf, einem dekorativen Keramiktopf in einer sch\u00f6nen gr\u00fcnen Farbe. Mit seinem einzigartigen Design, das mit Limetten verziert ist, ist dieser Topf perfekt, um Ihrem Interieur einen Hauch von Frische zu verleihen. Die Topfgr\u00f6\u00dfe 9 ist ideal f\u00fcr kleine bis mittelgro\u00dfe Pflanzen. F\u00fcgen Sie Ihrem Raum jetzt einen besonderen Topf hinzu und genie\u00dfen Sie diesen fantastischen Topf!","protected":false},"excerpt":{"rendered":"<p>Verleihen Sie Ihren Pflanzen einen frischen und lebendigen Look mit dem Citrus-Topf, einem dekorativen Keramiktopf in einer sch\u00f6nen gr\u00fcnen Farbe. Mit seinem einzigartigen Design, das mit Limetten verziert ist, ist dieser Topf perfekt, um Ihrem Interieur einen Hauch von Frische zu verleihen. Die Topfgr\u00f6\u00dfe 9 ist ideal f\u00fcr kleine bis mittelgro\u00dfe Pflanzen. F\u00fcgen Sie Ihrem [&hellip;]<\/p>\n","protected":false},"author":1,"featured_media":32156,"comment_status":"open","ping_status":"closed","template":"","meta":{"inline_featured_image":false},"pwb-brand":[5097],"product_cat":[6267,2164],"product_tag":[6767,6852],"class_list":{"0":"post-32155","1":"product","2":"type-product","3":"status-publish","4":"has-post-thumbnail","6":"pwb-brand-kolibri","7":"product_cat-cat-orchideentopfe","8":"product_cat-cat-pflanzgefase-ubertopfe","9":"product_tag-cat-keramik-blumentopfe","10":"product_tag-uebertoepfe-fuer-orchideen","12":"first","13":"outofstock","14":"sale","15":"taxable","16":"shipping-taxable","17":"purchasable","18":"product-type-simple"},"acf":[],"gtin":"8785279221081","brands":[{"id":5097,"name":"Kolibri","slug":"kolibri"}],"_links":{"self":[{"href":"https:\/\/oragarden.de\/en\/wp-json\/wp\/v2\/product\/32155","targetHints":{"allow":["GET"]}}],"collection":[{"href":"https:\/\/oragarden.de\/en\/wp-json\/wp\/v2\/product"}],"about":[{"href":"https:\/\/oragarden.de\/en\/wp-json\/wp\/v2\/types\/product"}],"author":[{"embeddable":true,"href":"https:\/\/oragarden.de\/en\/wp-json\/wp\/v2\/users\/1"}],"replies":[{"embeddable":true,"href":"https:\/\/oragarden.de\/en\/wp-json\/wp\/v2\/comments?post=32155"}],"wp:featuredmedia":[{"embeddable":true,"href":"https:\/\/oragarden.de\/en\/wp-json\/wp\/v2\/media\/32156"}],"wp:attachment":[{"href":"https:\/\/oragarden.de\/en\/wp-json\/wp\/v2\/media?parent=32155"}],"wp:term":[{"taxonomy":"pwb-brand","embeddable":true,"href":"https:\/\/oragarden.de\/en\/wp-json\/wp\/v2\/pwb-brand?post=32155"},{"taxonomy":"product_cat","embeddable":true,"href":"https:\/\/oragarden.de\/en\/wp-json\/wp\/v2\/product_cat?post=32155"},{"taxonomy":"product_tag","embeddable":true,"href":"https:\/\/oragarden.de\/en\/wp-json\/wp\/v2\/product_tag?post=32155"}],"curies":[{"name":"wp","href":"https:\/\/api.w.org\/{rel}","templated":true}]}}