{"id":32151,"date":"2024-05-27T21:19:03","date_gmt":"2024-05-27T22:19:03","guid":{"rendered":"https:\/\/oragarden.de\/?post_type=product&#038;p=32151"},"modified":"2025-10-24T13:24:24","modified_gmt":"2025-10-24T14:24:24","slug":"kolibri-home-gummitopf-aus-travertin-o9-cm","status":"publish","type":"product","link":"https:\/\/oragarden.de\/en\/product\/kolibri-home-gummitopf-aus-travertin-o9-cm\/","title":{"rendered":"Kolibri Home Gummitopf aus Travertin \u00d89 cm"},"content":{"rendered":"Suchen Sie nach einer stilvollen Erg\u00e4nzung f\u00fcr Ihr Interieur? Der Gummy Pot ist genau das, was Sie brauchen! Dieser dekorative Keramiktopf hat eine glatte Oberfl\u00e4che und ist in der sch\u00f6nen Travertinfarbe erh\u00e4ltlich. Dieser Topf ist in den Topfgr\u00f6\u00dfen 6, 9 und 12 Zentimeter erh\u00e4ltlich. F\u00fcgen Sie diesen sch\u00f6nen Topf zu einem Raum hinzu und schaffen Sie eine gem\u00fctliche Atmosph\u00e4re mit dem Gummy-Topf!","protected":false},"excerpt":{"rendered":"<p>Suchen Sie nach einer stilvollen Erg\u00e4nzung f\u00fcr Ihr Interieur? Der Gummy Pot ist genau das, was Sie brauchen! Dieser dekorative Keramiktopf hat eine glatte Oberfl\u00e4che und ist in der sch\u00f6nen Travertinfarbe erh\u00e4ltlich. Dieser Topf ist in den Topfgr\u00f6\u00dfen 6, 9 und 12 Zentimeter erh\u00e4ltlich. F\u00fcgen Sie diesen sch\u00f6nen Topf zu einem Raum hinzu und schaffen [&hellip;]<\/p>\n","protected":false},"author":1,"featured_media":32152,"comment_status":"open","ping_status":"closed","template":"","meta":{"inline_featured_image":false},"pwb-brand":[5097],"product_cat":[6267,2164],"product_tag":[6767,6852],"class_list":{"0":"post-32151","1":"product","2":"type-product","3":"status-publish","4":"has-post-thumbnail","6":"pwb-brand-kolibri","7":"product_cat-cat-orchideentopfe","8":"product_cat-cat-pflanzgefase-ubertopfe","9":"product_tag-cat-keramik-blumentopfe","10":"product_tag-uebertoepfe-fuer-orchideen","12":"first","13":"outofstock","14":"sale","15":"taxable","16":"shipping-taxable","17":"purchasable","18":"product-type-simple"},"acf":[],"gtin":"8785279221067","brands":[{"id":5097,"name":"Kolibri","slug":"kolibri"}],"_links":{"self":[{"href":"https:\/\/oragarden.de\/en\/wp-json\/wp\/v2\/product\/32151","targetHints":{"allow":["GET"]}}],"collection":[{"href":"https:\/\/oragarden.de\/en\/wp-json\/wp\/v2\/product"}],"about":[{"href":"https:\/\/oragarden.de\/en\/wp-json\/wp\/v2\/types\/product"}],"author":[{"embeddable":true,"href":"https:\/\/oragarden.de\/en\/wp-json\/wp\/v2\/users\/1"}],"replies":[{"embeddable":true,"href":"https:\/\/oragarden.de\/en\/wp-json\/wp\/v2\/comments?post=32151"}],"wp:featuredmedia":[{"embeddable":true,"href":"https:\/\/oragarden.de\/en\/wp-json\/wp\/v2\/media\/32152"}],"wp:attachment":[{"href":"https:\/\/oragarden.de\/en\/wp-json\/wp\/v2\/media?parent=32151"}],"wp:term":[{"taxonomy":"pwb-brand","embeddable":true,"href":"https:\/\/oragarden.de\/en\/wp-json\/wp\/v2\/pwb-brand?post=32151"},{"taxonomy":"product_cat","embeddable":true,"href":"https:\/\/oragarden.de\/en\/wp-json\/wp\/v2\/product_cat?post=32151"},{"taxonomy":"product_tag","embeddable":true,"href":"https:\/\/oragarden.de\/en\/wp-json\/wp\/v2\/product_tag?post=32151"}],"curies":[{"name":"wp","href":"https:\/\/api.w.org\/{rel}","templated":true}]}}