{"id":32108,"date":"2024-05-28T10:01:33","date_gmt":"2024-05-28T11:01:33","guid":{"rendered":"https:\/\/oragarden.de\/?post_type=product&#038;p=32108"},"modified":"2025-10-24T13:24:18","modified_gmt":"2025-10-24T14:24:18","slug":"kolibri-home-keramik-beerentopf-o12-cm","status":"publish","type":"product","link":"https:\/\/oragarden.de\/en\/product\/kolibri-home-keramik-beerentopf-o12-cm\/","title":{"rendered":"Kolibri Home Keramik Beerentopf &#8211; \u00d812 cm"},"content":{"rendered":"Bringen Sie Farbe in Ihr Interieur mit unserem sch\u00f6nen roten Keramiktopf mit der Topfgr\u00f6\u00dfe 12 cm. Dieser Topf ist perfekt f\u00fcr Ihre Lieblingspflanze geeignet und verleiht jedem Raum einen frischen Look. Der Keramiktopf sorgt daf\u00fcr, dass die Pflanze gut zur Geltung kommt. Holen Sie sich jetzt die Natur in Ihr Zuhause und lassen Sie Ihr Interieur erstrahlen.","protected":false},"excerpt":{"rendered":"<p>Bringen Sie Farbe in Ihr Interieur mit unserem sch\u00f6nen roten Keramiktopf mit der Topfgr\u00f6\u00dfe 12 cm. Dieser Topf ist perfekt f\u00fcr Ihre Lieblingspflanze geeignet und verleiht jedem Raum einen frischen Look. Der Keramiktopf sorgt daf\u00fcr, dass die Pflanze gut zur Geltung kommt. Holen Sie sich jetzt die Natur in Ihr Zuhause und lassen Sie Ihr [&hellip;]<\/p>\n","protected":false},"author":1,"featured_media":32109,"comment_status":"open","ping_status":"closed","template":"","meta":{"inline_featured_image":false},"pwb-brand":[5097],"product_cat":[6267,2164],"product_tag":[6767,6753,6852],"class_list":{"0":"post-32108","1":"product","2":"type-product","3":"status-publish","4":"has-post-thumbnail","6":"pwb-brand-kolibri","7":"product_cat-cat-orchideentopfe","8":"product_cat-cat-pflanzgefase-ubertopfe","9":"product_tag-cat-keramik-blumentopfe","10":"product_tag-rote-blumentopfe-ubertopfe","11":"product_tag-uebertoepfe-fuer-orchideen","13":"first","14":"outofstock","15":"sale","16":"taxable","17":"shipping-taxable","18":"purchasable","19":"product-type-simple"},"acf":[],"gtin":"8785279220701","brands":[{"id":5097,"name":"Kolibri","slug":"kolibri"}],"_links":{"self":[{"href":"https:\/\/oragarden.de\/en\/wp-json\/wp\/v2\/product\/32108","targetHints":{"allow":["GET"]}}],"collection":[{"href":"https:\/\/oragarden.de\/en\/wp-json\/wp\/v2\/product"}],"about":[{"href":"https:\/\/oragarden.de\/en\/wp-json\/wp\/v2\/types\/product"}],"author":[{"embeddable":true,"href":"https:\/\/oragarden.de\/en\/wp-json\/wp\/v2\/users\/1"}],"replies":[{"embeddable":true,"href":"https:\/\/oragarden.de\/en\/wp-json\/wp\/v2\/comments?post=32108"}],"wp:featuredmedia":[{"embeddable":true,"href":"https:\/\/oragarden.de\/en\/wp-json\/wp\/v2\/media\/32109"}],"wp:attachment":[{"href":"https:\/\/oragarden.de\/en\/wp-json\/wp\/v2\/media?parent=32108"}],"wp:term":[{"taxonomy":"pwb-brand","embeddable":true,"href":"https:\/\/oragarden.de\/en\/wp-json\/wp\/v2\/pwb-brand?post=32108"},{"taxonomy":"product_cat","embeddable":true,"href":"https:\/\/oragarden.de\/en\/wp-json\/wp\/v2\/product_cat?post=32108"},{"taxonomy":"product_tag","embeddable":true,"href":"https:\/\/oragarden.de\/en\/wp-json\/wp\/v2\/product_tag?post=32108"}],"curies":[{"name":"wp","href":"https:\/\/api.w.org\/{rel}","templated":true}]}}