{"id":32089,"date":"2024-05-28T10:01:34","date_gmt":"2024-05-28T11:01:34","guid":{"rendered":"https:\/\/oragarden.de\/?post_type=product&#038;p=32089"},"modified":"2025-10-24T13:24:16","modified_gmt":"2025-10-24T14:24:16","slug":"kolibri-home-keramik-pflanzgefas-mit-honig-muster-o25-cm","status":"publish","type":"product","link":"https:\/\/oragarden.de\/en\/product\/kolibri-home-keramik-pflanzgefas-mit-honig-muster-o25-cm\/","title":{"rendered":"Kolibri Home Keramik-Pflanzgef\u00e4\u00df mit Honig-Muster &#8211; \u00d825 cm"},"content":{"rendered":"M\u00f6chten Sie Ihre Orchideen in Ihrem Interieur stilvoll in Szene setzen? Dann ist diese Honigschale die perfekte Wahl f\u00fcr Sie! Dieser sch\u00f6ne, 30 cm gro\u00dfe Topf bietet die ideale Umgebung f\u00fcr Ihre sch\u00f6nen Orchideen. Der Honigtopf ist ein echter Blickfang in Ihrer Einrichtung.\r\n\r\nMit dieser Honey-Schale schenken Sie Ihren Orchideen die Aufmerksamkeit, die sie verdienen. Holen Sie das Beste aus Ihren Pflanzen heraus und erfreuen Sie sich an ihrer Bl\u00fctenpracht in diesem sch\u00f6nen Topf. Bestellen Sie jetzt und verleihen Sie Ihrem Interieur einen luxuri\u00f6sen Touch mit dieser Honey-Schale!","protected":false},"excerpt":{"rendered":"<p>M\u00f6chten Sie Ihre Orchideen in Ihrem Interieur stilvoll in Szene setzen? Dann ist diese Honigschale die perfekte Wahl f\u00fcr Sie! Dieser sch\u00f6ne, 30 cm gro\u00dfe Topf bietet die ideale Umgebung f\u00fcr Ihre sch\u00f6nen Orchideen. Der Honigtopf ist ein echter Blickfang in Ihrer Einrichtung. Mit dieser Honey-Schale schenken Sie Ihren Orchideen die Aufmerksamkeit, die sie verdienen. [&hellip;]<\/p>\n","protected":false},"author":1,"featured_media":32090,"comment_status":"open","ping_status":"closed","template":"","meta":{"inline_featured_image":false},"pwb-brand":[5097],"product_cat":[6267,2164],"product_tag":[6746,6767,6852],"class_list":{"0":"post-32089","1":"product","2":"type-product","3":"status-publish","4":"has-post-thumbnail","6":"pwb-brand-kolibri","7":"product_cat-cat-orchideentopfe","8":"product_cat-cat-pflanzgefase-ubertopfe","9":"product_tag-blumentopfe-weis","10":"product_tag-cat-keramik-blumentopfe","11":"product_tag-uebertoepfe-fuer-orchideen","13":"first","14":"outofstock","15":"sale","16":"taxable","17":"shipping-taxable","18":"purchasable","19":"product-type-simple"},"acf":[],"gtin":"8785279220541","brands":[{"id":5097,"name":"Kolibri","slug":"kolibri"}],"_links":{"self":[{"href":"https:\/\/oragarden.de\/en\/wp-json\/wp\/v2\/product\/32089","targetHints":{"allow":["GET"]}}],"collection":[{"href":"https:\/\/oragarden.de\/en\/wp-json\/wp\/v2\/product"}],"about":[{"href":"https:\/\/oragarden.de\/en\/wp-json\/wp\/v2\/types\/product"}],"author":[{"embeddable":true,"href":"https:\/\/oragarden.de\/en\/wp-json\/wp\/v2\/users\/1"}],"replies":[{"embeddable":true,"href":"https:\/\/oragarden.de\/en\/wp-json\/wp\/v2\/comments?post=32089"}],"wp:featuredmedia":[{"embeddable":true,"href":"https:\/\/oragarden.de\/en\/wp-json\/wp\/v2\/media\/32090"}],"wp:attachment":[{"href":"https:\/\/oragarden.de\/en\/wp-json\/wp\/v2\/media?parent=32089"}],"wp:term":[{"taxonomy":"pwb-brand","embeddable":true,"href":"https:\/\/oragarden.de\/en\/wp-json\/wp\/v2\/pwb-brand?post=32089"},{"taxonomy":"product_cat","embeddable":true,"href":"https:\/\/oragarden.de\/en\/wp-json\/wp\/v2\/product_cat?post=32089"},{"taxonomy":"product_tag","embeddable":true,"href":"https:\/\/oragarden.de\/en\/wp-json\/wp\/v2\/product_tag?post=32089"}],"curies":[{"name":"wp","href":"https:\/\/api.w.org\/{rel}","templated":true}]}}