{"id":32085,"date":"2024-05-28T10:01:34","date_gmt":"2024-05-28T11:01:34","guid":{"rendered":"https:\/\/oragarden.de\/?post_type=product&#038;p=32085"},"modified":"2025-10-24T13:24:15","modified_gmt":"2025-10-24T14:24:15","slug":"kolibri-home-scandic-schale","status":"publish","type":"product","link":"https:\/\/oragarden.de\/en\/product\/kolibri-home-scandic-schale\/","title":{"rendered":"Kolibri Home Scandic-Schale"},"content":{"rendered":"Die Scandic Schale ist die perfekte Erg\u00e4nzung f\u00fcr jeden Einrichtungsstil. Mit seinem schlichten Design bietet dieser Topf ein sch\u00f6nes Zuhause f\u00fcr Ihre Lieblingsorchideen. Der Topf hat eine gro\u00dfz\u00fcgige Gr\u00f6\u00dfe von 30 cm. Die Scandic Schale ist aus hochwertiger Keramik gefertigt.\r\n\r\nBringen Sie mit der Scandic-Schale einen Hauch von nat\u00fcrlicher Sch\u00f6nheit in Ihr Zuhause oder B\u00fcro. Lassen Sie Ihre Orchideen in diesem sch\u00f6nen Topf erstrahlen und genie\u00dfen Sie den sch\u00f6nen Anblick, den sie bieten.","protected":false},"excerpt":{"rendered":"<p>Die Scandic Schale ist die perfekte Erg\u00e4nzung f\u00fcr jeden Einrichtungsstil. Mit seinem schlichten Design bietet dieser Topf ein sch\u00f6nes Zuhause f\u00fcr Ihre Lieblingsorchideen. Der Topf hat eine gro\u00dfz\u00fcgige Gr\u00f6\u00dfe von 30 cm. Die Scandic Schale ist aus hochwertiger Keramik gefertigt. Bringen Sie mit der Scandic-Schale einen Hauch von nat\u00fcrlicher Sch\u00f6nheit in Ihr Zuhause oder B\u00fcro. [&hellip;]<\/p>\n","protected":false},"author":1,"featured_media":32086,"comment_status":"open","ping_status":"closed","template":"","meta":{"inline_featured_image":false},"pwb-brand":[5097],"product_cat":[6267,2164],"product_tag":[6746,6767,6852],"class_list":{"0":"post-32085","1":"product","2":"type-product","3":"status-publish","4":"has-post-thumbnail","6":"pwb-brand-kolibri","7":"product_cat-cat-orchideentopfe","8":"product_cat-cat-pflanzgefase-ubertopfe","9":"product_tag-blumentopfe-weis","10":"product_tag-cat-keramik-blumentopfe","11":"product_tag-uebertoepfe-fuer-orchideen","13":"first","14":"outofstock","15":"sale","16":"taxable","17":"shipping-taxable","18":"purchasable","19":"product-type-simple"},"acf":[],"gtin":"8785279220558","brands":[{"id":5097,"name":"Kolibri","slug":"kolibri"}],"_links":{"self":[{"href":"https:\/\/oragarden.de\/en\/wp-json\/wp\/v2\/product\/32085","targetHints":{"allow":["GET"]}}],"collection":[{"href":"https:\/\/oragarden.de\/en\/wp-json\/wp\/v2\/product"}],"about":[{"href":"https:\/\/oragarden.de\/en\/wp-json\/wp\/v2\/types\/product"}],"author":[{"embeddable":true,"href":"https:\/\/oragarden.de\/en\/wp-json\/wp\/v2\/users\/1"}],"replies":[{"embeddable":true,"href":"https:\/\/oragarden.de\/en\/wp-json\/wp\/v2\/comments?post=32085"}],"wp:featuredmedia":[{"embeddable":true,"href":"https:\/\/oragarden.de\/en\/wp-json\/wp\/v2\/media\/32086"}],"wp:attachment":[{"href":"https:\/\/oragarden.de\/en\/wp-json\/wp\/v2\/media?parent=32085"}],"wp:term":[{"taxonomy":"pwb-brand","embeddable":true,"href":"https:\/\/oragarden.de\/en\/wp-json\/wp\/v2\/pwb-brand?post=32085"},{"taxonomy":"product_cat","embeddable":true,"href":"https:\/\/oragarden.de\/en\/wp-json\/wp\/v2\/product_cat?post=32085"},{"taxonomy":"product_tag","embeddable":true,"href":"https:\/\/oragarden.de\/en\/wp-json\/wp\/v2\/product_tag?post=32085"}],"curies":[{"name":"wp","href":"https:\/\/api.w.org\/{rel}","templated":true}]}}